{"id":73399,"date":"2024-01-08T10:56:36","date_gmt":"2024-01-08T15:56:36","guid":{"rendered":"https:\/\/chiropractic.ca\/plan-strategique\/"},"modified":"2024-01-08T11:12:31","modified_gmt":"2024-01-08T16:12:31","slug":"plan-strategique","status":"publish","type":"page","link":"https:\/\/chiro2024.thewire.dev\/fr\/plan-strategique\/","title":{"rendered":"Plan strat\u00e9gique"},"content":{"rendered":"<header class=\"hero hero-large alignfull\"><div class=\"ct-container\"><figure class=\"animated fadeIn\"><div class=\"ct-media-container\"><img decoding=\"async\" width=\"2560\" height=\"1707\" src=\"https:\/\/chiro2024.thewire.dev\/wp-content\/uploads\/2024\/01\/Promo-Photos-Consultation-23-scaled.jpg\" class=\"attachment-full size-full\" alt=\"\" srcset=\"https:\/\/chiro2024.thewire.dev\/wp-content\/uploads\/2024\/01\/Promo-Photos-Consultation-23-scaled.jpg 2560w, https:\/\/chiro2024.thewire.dev\/wp-content\/uploads\/2024\/01\/Promo-Photos-Consultation-23-400x267.jpg 400w, https:\/\/chiro2024.thewire.dev\/wp-content\/uploads\/2024\/01\/Promo-Photos-Consultation-23-1024x683.jpg 1024w, https:\/\/chiro2024.thewire.dev\/wp-content\/uploads\/2024\/01\/Promo-Photos-Consultation-23-768x512.jpg 768w, https:\/\/chiro2024.thewire.dev\/wp-content\/uploads\/2024\/01\/Promo-Photos-Consultation-23-1536x1024.jpg 1536w, https:\/\/chiro2024.thewire.dev\/wp-content\/uploads\/2024\/01\/Promo-Photos-Consultation-23-2048x1366.jpg 2048w\" sizes=\"(max-width: 2560px) 100vw, 2560px\" style=\"aspect-ratio: 16\/9;\" \/><\/div><\/figure><div class=\"wp-block-columns is-not-stacked-on-mobile\"><div class=\"wp-block-column\" style=\"flex-basis: 55%;\"><h1 class=\"animated fadeIn\">Plan strat\u00e9gique<\/h1><\/div><div class=\"wp-block-column\"><\/div><\/div><\/div><div class=\"shape-divider-bottom\">\n\t\t\t\t<svg xmlns=\"http:\/\/www.w3.org\/2000\/svg\" viewBox=\"0 0 2419.94 122.9\"><path id=\"Path_240\" class=\"cls-1\" d=\"M0,49.78C124.41-31.69,584.23,5.21,823.77,32.17c239.54,26.96,751.95,124.97,1269.64,17.61,58.43-12.12,280.19-83,319.61-18.2,7.57,12.44,9.72,32.23,2.36,48.08-21.49,46.26-117.05,43.59-150,43-136.67-2.44-1027.9-1.62-2262-1L0,49.78Z\"\/><\/svg>\n\t\t\t\t<\/div><\/header><div class=\"is-style-lead-text\" aria-hidden=\"true\" content-device=\"mobile\"><\/div>\n\n\n<h2 class=\"wp-block-heading\">Notre mission<\/h2>\n\n\n\n<h2 class=\"wp-block-heading animated fadeIn slow has-palette-color-7-background-color has-background\" style=\"font-style:normal;font-weight:700\"><strong>Soutenir les chiropraticiens pour un Canada en meilleure sant\u00e9<\/strong><\/h2>\n\n\n\n<h2 class=\"wp-block-heading\">Nos objectifs strat\u00e9giques<\/h2>\n\n\n\n<div class=\"wp-block-group has-palette-color-7-background-color has-background is-layout-flow wp-block-group-is-layout-flow\">\n<div class=\"wp-block-group is-content-justification-left is-layout-constrained wp-container-core-group-is-layout-1 wp-block-group-is-layout-constrained\">\n<div class=\"wp-block-columns is-layout-flex wp-container-core-columns-is-layout-1 wp-block-columns-is-layout-flex\">\n<div class=\"wp-block-column is-layout-flow wp-block-column-is-layout-flow\" style=\"flex-basis:33.33%\">\n<figure class=\"wp-block-image size-full is-resized has-custom-border is-style-default animated fadeIn slow o-anim-hover\"><img decoding=\"async\" width=\"942\" height=\"952\" src=\"https:\/\/chiro2024.thewire.dev\/wp-content\/uploads\/2023\/12\/CCA-Strategic-Planning-Icons-Change-The-Conversation.png\" alt=\"\" class=\"wp-image-73358\" style=\"border-style:none;border-width:0px;border-radius:0px;width:206px;height:auto\" srcset=\"https:\/\/chiro2024.thewire.dev\/wp-content\/uploads\/2023\/12\/CCA-Strategic-Planning-Icons-Change-The-Conversation.png 942w, https:\/\/chiro2024.thewire.dev\/wp-content\/uploads\/2023\/12\/CCA-Strategic-Planning-Icons-Change-The-Conversation-396x400.png 396w, https:\/\/chiro2024.thewire.dev\/wp-content\/uploads\/2023\/12\/CCA-Strategic-Planning-Icons-Change-The-Conversation-768x776.png 768w\" sizes=\"(max-width: 942px) 100vw, 942px\" \/><\/figure>\n<\/div>\n\n\n\n<div class=\"wp-block-column is-layout-flow wp-block-column-is-layout-flow\" style=\"flex-basis:66.66%\">\n<h3 class=\"wp-block-heading animated fadeIn\">Faire \u00e9voluer la conversation<\/h3>\n\n\n\n<p>Gr\u00e2ce \u00e0 ses activit\u00e9s de plaidoyer et de sensibilisation, l\u2019ACC permettra au public de mieux comprendre la chiropratique, contribuera \u00e0 am\u00e9liorer l\u2019acc\u00e8s des patients aux soins, influencera les politiques publiques et fera la promotion des soins fond\u00e9s sur des donn\u00e9es probantes, centr\u00e9s sur la personne, interprofessionnels et ax\u00e9s sur la collaboration pour faire progresser la profession.<\/p>\n<\/div>\n<\/div>\n<\/div>\n<\/div>\n\n\n\n<div class=\"wp-block-group has-palette-color-7-background-color has-background is-layout-flow wp-block-group-is-layout-flow\">\n<div class=\"wp-block-columns is-layout-flex wp-container-core-columns-is-layout-2 wp-block-columns-is-layout-flex\">\n<div class=\"wp-block-column is-layout-flow wp-block-column-is-layout-flow\" style=\"flex-basis:33.33%\">\n<figure class=\"wp-block-image size-full is-resized has-custom-border is-style-default animated fadeIn o-anim-custom-delay undefined slow o-anim-hover\"><img decoding=\"async\" width=\"942\" height=\"952\" src=\"https:\/\/chiro2024.thewire.dev\/wp-content\/uploads\/2023\/12\/CCA-Strategic-Planning-Icons-Support-Members.png\" alt=\"\" class=\"wp-image-73360\" style=\"border-style:none;border-width:0px;border-radius:0px;width:206px;height:auto\" srcset=\"https:\/\/chiro2024.thewire.dev\/wp-content\/uploads\/2023\/12\/CCA-Strategic-Planning-Icons-Support-Members.png 942w, https:\/\/chiro2024.thewire.dev\/wp-content\/uploads\/2023\/12\/CCA-Strategic-Planning-Icons-Support-Members-396x400.png 396w, https:\/\/chiro2024.thewire.dev\/wp-content\/uploads\/2023\/12\/CCA-Strategic-Planning-Icons-Support-Members-768x776.png 768w\" sizes=\"(max-width: 942px) 100vw, 942px\" \/><\/figure>\n<\/div>\n\n\n\n<div class=\"wp-block-column is-layout-flow wp-block-column-is-layout-flow\" style=\"flex-basis:66.66%\">\n<h3 class=\"wp-block-heading\">Soutenir nos membres<\/h3>\n\n\n\n<p>L\u2019ACC s\u2019efforcera de d\u00e9passer les attentes des membres \u00e0 l\u2019\u00e9gard de leur association nationale en fournissant un soutien professionnel sur mesure, en am\u00e9liorant les avantages offerts aux membres, en cr\u00e9ant des occasions d\u2019apprentissage, en investissant dans des technologies am\u00e9lior\u00e9es et en cultivant des relations \u00e0 l\u2019\u00e9chelle nationale.<\/p>\n<\/div>\n<\/div>\n<\/div>\n\n\n\n<div class=\"wp-block-group has-palette-color-7-background-color has-background is-layout-flow wp-block-group-is-layout-flow\">\n<div class=\"wp-block-columns is-layout-flex wp-container-core-columns-is-layout-3 wp-block-columns-is-layout-flex\">\n<div class=\"wp-block-column is-layout-flow wp-block-column-is-layout-flow\" style=\"flex-basis:33.33%\">\n<figure class=\"wp-block-image size-full is-resized has-custom-border is-style-default animated fadeIn slow o-anim-hover\"><img decoding=\"async\" width=\"942\" height=\"952\" src=\"https:\/\/chiro2024.thewire.dev\/wp-content\/uploads\/2023\/12\/CCA-Strategic-Planning-Icons-Partnerships.png\" alt=\"\" class=\"wp-image-73362\" style=\"border-style:none;border-width:0px;border-radius:0px;width:206px;height:auto\" srcset=\"https:\/\/chiro2024.thewire.dev\/wp-content\/uploads\/2023\/12\/CCA-Strategic-Planning-Icons-Partnerships.png 942w, https:\/\/chiro2024.thewire.dev\/wp-content\/uploads\/2023\/12\/CCA-Strategic-Planning-Icons-Partnerships-396x400.png 396w, https:\/\/chiro2024.thewire.dev\/wp-content\/uploads\/2023\/12\/CCA-Strategic-Planning-Icons-Partnerships-768x776.png 768w\" sizes=\"(max-width: 942px) 100vw, 942px\" \/><\/figure>\n<\/div>\n\n\n\n<div class=\"wp-block-column is-layout-flow wp-block-column-is-layout-flow\" style=\"flex-basis:66.66%\">\n<h3 class=\"wp-block-heading\">Renforcer nos partenariats<\/h3>\n\n\n\n<p>L\u2019ACC entretiendra des relations avec les associations provinciales, l\u2019APCC, les intervenants en chiropratique et d\u2019autres professionnels de la sant\u00e9 afin d\u2019int\u00e9grer davantage les soins chiropratiques dans le syst\u00e8me de sant\u00e9 canadien et de travailler en collaboration au nom de ses membres.<\/p>\n<\/div>\n<\/div>\n<\/div>\n\n\n\n<div class=\"wp-block-group has-palette-color-7-background-color has-background is-layout-flow wp-block-group-is-layout-flow\">\n<div class=\"wp-block-columns is-layout-flex wp-container-core-columns-is-layout-4 wp-block-columns-is-layout-flex\">\n<div class=\"wp-block-column is-layout-flow wp-block-column-is-layout-flow\" style=\"flex-basis:33.33%\">\n<figure class=\"wp-block-image size-full is-resized has-custom-border is-style-default animated fadeIn slow o-anim-offset-o-anim-offset-0px\"><img decoding=\"async\" width=\"942\" height=\"952\" src=\"https:\/\/chiro2024.thewire.dev\/wp-content\/uploads\/2023\/12\/CCA-Strategic-Planning-Icons-Empower-Team.png\" alt=\"\" class=\"wp-image-73364\" style=\"border-style:none;border-width:0px;border-radius:0px;width:206px;height:auto\" srcset=\"https:\/\/chiro2024.thewire.dev\/wp-content\/uploads\/2023\/12\/CCA-Strategic-Planning-Icons-Empower-Team.png 942w, https:\/\/chiro2024.thewire.dev\/wp-content\/uploads\/2023\/12\/CCA-Strategic-Planning-Icons-Empower-Team-396x400.png 396w, https:\/\/chiro2024.thewire.dev\/wp-content\/uploads\/2023\/12\/CCA-Strategic-Planning-Icons-Empower-Team-768x776.png 768w\" sizes=\"(max-width: 942px) 100vw, 942px\" \/><\/figure>\n<\/div>\n\n\n\n<div class=\"wp-block-column is-layout-flow wp-block-column-is-layout-flow\" style=\"flex-basis:66.66%\">\n<h3 class=\"wp-block-heading\">Outiller notre \u00e9quipe<\/h3>\n\n\n\n<p>Le conseil d\u2019administration et le personnel de l\u2019ACC disposeront de ressources, d\u2019occasions, de formations et d\u2019outils opportuns et pertinents pour offrir la meilleure exp\u00e9rience possible aux membres.<\/p>\n<\/div>\n<\/div>\n<\/div>\n\n\n\n<hr class=\"wp-block-separator has-alpha-channel-opacity is-style-wide\"\/>\n\n\n\n<div style=\"height:100px\" aria-hidden=\"true\" class=\"wp-block-spacer is-style-responsive-small\"><\/div>\n\n\n\n<figure class=\"wp-block-embed is-type-video is-provider-youtube wp-block-embed-youtube wp-embed-aspect-16-9 wp-has-aspect-ratio\"><div class=\"wp-block-embed__wrapper\">\n<iframe title=\"Les soins chiropratiques et vous\" width=\"1395\" height=\"785\" src=\"https:\/\/www.youtube.com\/embed\/DXz1Py2lS7Q?feature=oembed&#038;modestbranding=1&#038;showinfo=0&#038;rel=0\" frameborder=\"0\" allow=\"accelerometer; autoplay; clipboard-write; encrypted-media; gyroscope; picture-in-picture; web-share\" allowfullscreen><\/iframe>\n<\/div><\/figure>\n","protected":false},"excerpt":{"rendered":"<p>Notre mission Soutenir les chiropraticiens pour un Canada en meilleure sant\u00e9 Nos objectifs strat\u00e9giques Faire \u00e9voluer la conversation Gr\u00e2ce \u00e0 ses activit\u00e9s de plaidoyer et de sensibilisation, l\u2019ACC permettra au public de mieux comprendre la chiropratique, contribuera \u00e0 am\u00e9liorer l\u2019acc\u00e8s des patients aux soins, influencera les politiques publiques et fera la promotion des soins fond\u00e9s [&hellip;]<\/p>\n","protected":false},"author":13548,"featured_media":73389,"parent":0,"menu_order":23,"comment_status":"closed","ping_status":"closed","template":"","meta":{"_acf_changed":false,"_relevanssi_hide_post":"","_relevanssi_hide_content":"","_relevanssi_pin_for_all":"","_relevanssi_pin_keywords":"","_relevanssi_unpin_keywords":"","_relevanssi_related_keywords":"","_relevanssi_related_include_ids":"","_relevanssi_related_exclude_ids":"","_relevanssi_related_no_append":"","_relevanssi_related_not_related":"","_relevanssi_related_posts":"72741,72713,71786,50845,73310,71835","_relevanssi_noindex_reason":"","footnotes":""},"page_category":[2920],"blocksy_meta":{"styles_descriptor":{"styles":{"desktop":"","tablet":"","mobile":""},"google_fonts":[],"version":6}},"acf":[],"yoast_head":"<!-- This site is optimized with the Yoast SEO plugin v22.8 - https:\/\/yoast.com\/wordpress\/plugins\/seo\/ -->\n<title>Association chiropratique canadienne<\/title>\n<meta name=\"description\" content=\"Notre mission Soutenir les chiropraticiens pour un Canada en meilleure sant\u00e9 Nos objectifs strat\u00e9giques Faire \u00e9voluer la conversation Gr\u00e2ce \u00e0 ses\" \/>\n<meta name=\"robots\" content=\"noindex, follow, max-snippet:-1, max-image-preview:large, max-video-preview:-1\" \/>\n<meta property=\"og:locale\" content=\"fr_FR\" \/>\n<meta property=\"og:type\" content=\"article\" \/>\n<meta property=\"og:title\" content=\"Plan strat\u00e9gique - Association chiropratique canadienne\" \/>\n<meta property=\"og:description\" content=\"Notre mission Soutenir les chiropraticiens pour un Canada en meilleure sant\u00e9 Nos objectifs strat\u00e9giques Faire \u00e9voluer la conversation Gr\u00e2ce \u00e0 ses\" \/>\n<meta property=\"og:url\" content=\"https:\/\/chiro2024.thewire.dev\/fr\/plan-strategique\/\" \/>\n<meta property=\"og:site_name\" content=\"Association chiropratique canadienne\" \/>\n<meta property=\"article:modified_time\" content=\"2024-01-08T16:12:31+00:00\" \/>\n<meta property=\"og:image\" content=\"https:\/\/chiro2024.thewire.dev\/wp-content\/uploads\/2024\/01\/Promo-Photos-Consultation-23-scaled.jpg\" \/>\n\t<meta property=\"og:image:width\" content=\"2560\" \/>\n\t<meta property=\"og:image:height\" content=\"1707\" \/>\n\t<meta property=\"og:image:type\" content=\"image\/jpeg\" \/>\n<meta name=\"twitter:card\" content=\"summary_large_image\" \/>\n<meta name=\"twitter:label1\" content=\"Dur\u00e9e de lecture estim\u00e9e\" \/>\n\t<meta name=\"twitter:data1\" content=\"1 minute\" \/>\n<script type=\"application\/ld+json\" class=\"yoast-schema-graph\">{\"@context\":\"https:\/\/schema.org\",\"@graph\":[{\"@type\":\"WebPage\",\"@id\":\"https:\/\/chiro2024.thewire.dev\/fr\/plan-strategique\/\",\"url\":\"https:\/\/chiro2024.thewire.dev\/fr\/plan-strategique\/\",\"name\":\"Plan strat\u00e9gique - Association chiropratique canadienne\",\"isPartOf\":{\"@id\":\"https:\/\/chiro2024.thewire.dev\/fr\/#website\"},\"primaryImageOfPage\":{\"@id\":\"https:\/\/chiro2024.thewire.dev\/fr\/plan-strategique\/#primaryimage\"},\"image\":{\"@id\":\"https:\/\/chiro2024.thewire.dev\/fr\/plan-strategique\/#primaryimage\"},\"thumbnailUrl\":\"https:\/\/chiro2024.thewire.dev\/wp-content\/uploads\/2024\/01\/Promo-Photos-Consultation-23-scaled.jpg\",\"datePublished\":\"2024-01-08T15:56:36+00:00\",\"dateModified\":\"2024-01-08T16:12:31+00:00\",\"description\":\"Notre mission Soutenir les chiropraticiens pour un Canada en meilleure sant\u00e9 Nos objectifs strat\u00e9giques Faire \u00e9voluer la conversation Gr\u00e2ce \u00e0 ses\",\"breadcrumb\":{\"@id\":\"https:\/\/chiro2024.thewire.dev\/fr\/plan-strategique\/#breadcrumb\"},\"inLanguage\":\"fr-FR\",\"potentialAction\":[{\"@type\":\"ReadAction\",\"target\":[\"https:\/\/chiro2024.thewire.dev\/fr\/plan-strategique\/\"]}]},{\"@type\":\"ImageObject\",\"inLanguage\":\"fr-FR\",\"@id\":\"https:\/\/chiro2024.thewire.dev\/fr\/plan-strategique\/#primaryimage\",\"url\":\"https:\/\/chiro2024.thewire.dev\/wp-content\/uploads\/2024\/01\/Promo-Photos-Consultation-23-scaled.jpg\",\"contentUrl\":\"https:\/\/chiro2024.thewire.dev\/wp-content\/uploads\/2024\/01\/Promo-Photos-Consultation-23-scaled.jpg\",\"width\":2560,\"height\":1707},{\"@type\":\"BreadcrumbList\",\"@id\":\"https:\/\/chiro2024.thewire.dev\/fr\/plan-strategique\/#breadcrumb\",\"itemListElement\":[{\"@type\":\"ListItem\",\"position\":1,\"name\":\"Home\",\"item\":\"https:\/\/chiro2024.thewire.dev\/fr\/\"},{\"@type\":\"ListItem\",\"position\":2,\"name\":\"Plan strat\u00e9gique\"}]},{\"@type\":\"WebSite\",\"@id\":\"https:\/\/chiro2024.thewire.dev\/fr\/#website\",\"url\":\"https:\/\/chiro2024.thewire.dev\/fr\/\",\"name\":\"Association chiropratique canadienne\",\"description\":\"Chiropractors helping Canadians live healthier lives\",\"publisher\":{\"@id\":\"https:\/\/chiro2024.thewire.dev\/fr\/#organization\"},\"potentialAction\":[{\"@type\":\"SearchAction\",\"target\":{\"@type\":\"EntryPoint\",\"urlTemplate\":\"https:\/\/chiro2024.thewire.dev\/fr\/?s={search_term_string}\"},\"query-input\":\"required name=search_term_string\"}],\"inLanguage\":\"fr-FR\"},{\"@type\":\"Organization\",\"@id\":\"https:\/\/chiro2024.thewire.dev\/fr\/#organization\",\"name\":\"Association chiropratique canadienne\",\"url\":\"https:\/\/chiro2024.thewire.dev\/fr\/\",\"logo\":{\"@type\":\"ImageObject\",\"inLanguage\":\"fr-FR\",\"@id\":\"https:\/\/chiro2024.thewire.dev\/fr\/#\/schema\/logo\/image\/\",\"url\":\"https:\/\/chiro2024.thewire.dev\/wp-content\/uploads\/2022\/08\/cca-logo.svg\",\"contentUrl\":\"https:\/\/chiro2024.thewire.dev\/wp-content\/uploads\/2022\/08\/cca-logo.svg\",\"caption\":\"Association chiropratique canadienne\"},\"image\":{\"@id\":\"https:\/\/chiro2024.thewire.dev\/fr\/#\/schema\/logo\/image\/\"}}]}<\/script>\n<!-- \/ Yoast SEO plugin. -->","yoast_head_json":{"title":"Association chiropratique canadienne","description":"Notre mission Soutenir les chiropraticiens pour un Canada en meilleure sant\u00e9 Nos objectifs strat\u00e9giques Faire \u00e9voluer la conversation Gr\u00e2ce \u00e0 ses","robots":{"index":"noindex","follow":"follow","max-snippet":"max-snippet:-1","max-image-preview":"max-image-preview:large","max-video-preview":"max-video-preview:-1"},"og_locale":"fr_FR","og_type":"article","og_title":"Plan strat\u00e9gique - Association chiropratique canadienne","og_description":"Notre mission Soutenir les chiropraticiens pour un Canada en meilleure sant\u00e9 Nos objectifs strat\u00e9giques Faire \u00e9voluer la conversation Gr\u00e2ce \u00e0 ses","og_url":"https:\/\/chiro2024.thewire.dev\/fr\/plan-strategique\/","og_site_name":"Association chiropratique canadienne","article_modified_time":"2024-01-08T16:12:31+00:00","og_image":[{"width":2560,"height":1707,"url":"https:\/\/chiro2024.thewire.dev\/wp-content\/uploads\/2024\/01\/Promo-Photos-Consultation-23-scaled.jpg","type":"image\/jpeg"}],"twitter_card":"summary_large_image","twitter_misc":{"Dur\u00e9e de lecture estim\u00e9e":"1 minute"},"schema":{"@context":"https:\/\/schema.org","@graph":[{"@type":"WebPage","@id":"https:\/\/chiro2024.thewire.dev\/fr\/plan-strategique\/","url":"https:\/\/chiro2024.thewire.dev\/fr\/plan-strategique\/","name":"Plan strat\u00e9gique - Association chiropratique canadienne","isPartOf":{"@id":"https:\/\/chiro2024.thewire.dev\/fr\/#website"},"primaryImageOfPage":{"@id":"https:\/\/chiro2024.thewire.dev\/fr\/plan-strategique\/#primaryimage"},"image":{"@id":"https:\/\/chiro2024.thewire.dev\/fr\/plan-strategique\/#primaryimage"},"thumbnailUrl":"https:\/\/chiro2024.thewire.dev\/wp-content\/uploads\/2024\/01\/Promo-Photos-Consultation-23-scaled.jpg","datePublished":"2024-01-08T15:56:36+00:00","dateModified":"2024-01-08T16:12:31+00:00","description":"Notre mission Soutenir les chiropraticiens pour un Canada en meilleure sant\u00e9 Nos objectifs strat\u00e9giques Faire \u00e9voluer la conversation Gr\u00e2ce \u00e0 ses","breadcrumb":{"@id":"https:\/\/chiro2024.thewire.dev\/fr\/plan-strategique\/#breadcrumb"},"inLanguage":"fr-FR","potentialAction":[{"@type":"ReadAction","target":["https:\/\/chiro2024.thewire.dev\/fr\/plan-strategique\/"]}]},{"@type":"ImageObject","inLanguage":"fr-FR","@id":"https:\/\/chiro2024.thewire.dev\/fr\/plan-strategique\/#primaryimage","url":"https:\/\/chiro2024.thewire.dev\/wp-content\/uploads\/2024\/01\/Promo-Photos-Consultation-23-scaled.jpg","contentUrl":"https:\/\/chiro2024.thewire.dev\/wp-content\/uploads\/2024\/01\/Promo-Photos-Consultation-23-scaled.jpg","width":2560,"height":1707},{"@type":"BreadcrumbList","@id":"https:\/\/chiro2024.thewire.dev\/fr\/plan-strategique\/#breadcrumb","itemListElement":[{"@type":"ListItem","position":1,"name":"Home","item":"https:\/\/chiro2024.thewire.dev\/fr\/"},{"@type":"ListItem","position":2,"name":"Plan strat\u00e9gique"}]},{"@type":"WebSite","@id":"https:\/\/chiro2024.thewire.dev\/fr\/#website","url":"https:\/\/chiro2024.thewire.dev\/fr\/","name":"Association chiropratique canadienne","description":"Chiropractors helping Canadians live healthier lives","publisher":{"@id":"https:\/\/chiro2024.thewire.dev\/fr\/#organization"},"potentialAction":[{"@type":"SearchAction","target":{"@type":"EntryPoint","urlTemplate":"https:\/\/chiro2024.thewire.dev\/fr\/?s={search_term_string}"},"query-input":"required name=search_term_string"}],"inLanguage":"fr-FR"},{"@type":"Organization","@id":"https:\/\/chiro2024.thewire.dev\/fr\/#organization","name":"Association chiropratique canadienne","url":"https:\/\/chiro2024.thewire.dev\/fr\/","logo":{"@type":"ImageObject","inLanguage":"fr-FR","@id":"https:\/\/chiro2024.thewire.dev\/fr\/#\/schema\/logo\/image\/","url":"https:\/\/chiro2024.thewire.dev\/wp-content\/uploads\/2022\/08\/cca-logo.svg","contentUrl":"https:\/\/chiro2024.thewire.dev\/wp-content\/uploads\/2022\/08\/cca-logo.svg","caption":"Association chiropratique canadienne"},"image":{"@id":"https:\/\/chiro2024.thewire.dev\/fr\/#\/schema\/logo\/image\/"}}]}},"_links":{"self":[{"href":"https:\/\/chiro2024.thewire.dev\/fr\/wp-json\/wp\/v2\/pages\/73399"}],"collection":[{"href":"https:\/\/chiro2024.thewire.dev\/fr\/wp-json\/wp\/v2\/pages"}],"about":[{"href":"https:\/\/chiro2024.thewire.dev\/fr\/wp-json\/wp\/v2\/types\/page"}],"author":[{"embeddable":true,"href":"https:\/\/chiro2024.thewire.dev\/fr\/wp-json\/wp\/v2\/users\/13548"}],"replies":[{"embeddable":true,"href":"https:\/\/chiro2024.thewire.dev\/fr\/wp-json\/wp\/v2\/comments?post=73399"}],"version-history":[{"count":2,"href":"https:\/\/chiro2024.thewire.dev\/fr\/wp-json\/wp\/v2\/pages\/73399\/revisions"}],"predecessor-version":[{"id":73401,"href":"https:\/\/chiro2024.thewire.dev\/fr\/wp-json\/wp\/v2\/pages\/73399\/revisions\/73401"}],"wp:featuredmedia":[{"embeddable":true,"href":"https:\/\/chiro2024.thewire.dev\/fr\/wp-json\/wp\/v2\/media\/73389"}],"wp:attachment":[{"href":"https:\/\/chiro2024.thewire.dev\/fr\/wp-json\/wp\/v2\/media?parent=73399"}],"wp:term":[{"taxonomy":"page_category","embeddable":true,"href":"https:\/\/chiro2024.thewire.dev\/fr\/wp-json\/wp\/v2\/page_category?post=73399"}],"curies":[{"name":"wp","href":"https:\/\/api.w.org\/{rel}","templated":true}]}}