{"id":70322,"date":"2022-11-09T11:23:24","date_gmt":"2022-11-09T16:23:24","guid":{"rendered":"https:\/\/chiropractic.ca\/programme-acc-plus-et-placement-publicitaire\/"},"modified":"2023-07-25T16:06:54","modified_gmt":"2023-07-25T20:06:54","slug":"programme-acc-plus-et-placement-publicitaire","status":"publish","type":"page","link":"https:\/\/chiro2024.thewire.dev\/fr\/programme-acc-plus-et-placement-publicitaire\/","title":{"rendered":"Programme ACC Plus et placement publicitaire"},"content":{"rendered":"<header class=\"hero hero-large alignfull\"><div class=\"ct-container\"><figure class=\"animated fadeIn\"><div class=\"ct-media-container\"><img decoding=\"async\" width=\"2048\" height=\"1152\" src=\"https:\/\/chiro2024.thewire.dev\/wp-content\/uploads\/2022\/11\/cca-plus-program.png\" class=\"attachment-full size-full\" alt=\"Man using smartphone\" srcset=\"https:\/\/chiro2024.thewire.dev\/wp-content\/uploads\/2022\/11\/cca-plus-program.png 2048w, https:\/\/chiro2024.thewire.dev\/wp-content\/uploads\/2022\/11\/cca-plus-program-400x225.png 400w, https:\/\/chiro2024.thewire.dev\/wp-content\/uploads\/2022\/11\/cca-plus-program-1024x576.png 1024w, https:\/\/chiro2024.thewire.dev\/wp-content\/uploads\/2022\/11\/cca-plus-program-768x432.png 768w, https:\/\/chiro2024.thewire.dev\/wp-content\/uploads\/2022\/11\/cca-plus-program-1536x864.png 1536w\" sizes=\"(max-width: 2048px) 100vw, 2048px\" style=\"aspect-ratio: 16\/9;\" \/><\/div><\/figure><div class=\"wp-block-columns is-not-stacked-on-mobile\"><div class=\"wp-block-column\" style=\"flex-basis: 55%;\"><h1 class=\"animated fadeIn\">Programme ACC Plus et placement publicitaire<\/h1><\/div><div class=\"wp-block-column\"><\/div><\/div><\/div><div class=\"shape-divider-bottom\">\n\t\t\t\t<svg xmlns=\"http:\/\/www.w3.org\/2000\/svg\" viewBox=\"0 0 2419.94 122.9\"><path id=\"Path_240\" class=\"cls-1\" d=\"M0,49.78C124.41-31.69,584.23,5.21,823.77,32.17c239.54,26.96,751.95,124.97,1269.64,17.61,58.43-12.12,280.19-83,319.61-18.2,7.57,12.44,9.72,32.23,2.36,48.08-21.49,46.26-117.05,43.59-150,43-136.67-2.44-1027.9-1.62-2262-1L0,49.78Z\"\/><\/svg>\n\t\t\t\t<\/div><\/header><div class=\"is-style-lead-text\" aria-hidden=\"true\" content-device=\"mobile\"><\/div>\n\n\n<div class=\"wp-block-columns is-layout-flex wp-container-core-columns-is-layout-1 wp-block-columns-is-layout-flex\">\n<div class=\"wp-block-column is-layout-flow wp-block-column-is-layout-flow\" style=\"flex-basis:66.66%\">\n<h2 class=\"wp-block-heading\"><a>Programme ACC Plus<\/a><\/h2>\n\n\n\n<p>L\u2019Association chiropratique canadienne (ACC) est l\u2019association nationale volontaire qui repr\u00e9sente les 9 000 chiropraticiens agr\u00e9\u00e9s au Canada. Nous mettons tout en \u0153uvre pour offrir \u00e0 nos membres des services d\u2019exception en favorisant l\u2019innovation, l\u2019excellence et l\u2019int\u00e9grit\u00e9 dans la prestation des soins chiropratiques; en abordant de mani\u00e8re concert\u00e9e les enjeux de nature nationale qui touchent la sant\u00e9 de la colonne vert\u00e9brale, des muscles et du syst\u00e8me nerveux; en renfor\u00e7ant les relations interprofessionnelles avec nos coll\u00e8gues professionnels de la sant\u00e9 et en favorisant le d\u00e9veloppement de la recherche et le partage des connaissances. <\/p>\n\n\n\n<p>En plus du travail qu\u2019elle r\u00e9alise pour le compte de la profession, l\u2019ACC aide \u00e9galement ses membres \u00e0 am\u00e9liorer leurs profits en leur offrant des privil\u00e8ges de qualit\u00e9 sup\u00e9rieure qui ne sont g\u00e9n\u00e9ralement pas accessibles aux particuliers. Ces produits et services exclusifs, offerts \u00e0 des prix pr\u00e9f\u00e9rentiels, r\u00e9pondent parfaitement aux besoins et int\u00e9r\u00eats professionnels et personnels des membres de l\u2019ACC. Ce programme d\u2019avantages exclusifs aux membres s\u2019appelle <strong>ACC<\/strong> <em><strong>Plus<\/strong><\/em><strong>.<\/strong>  <\/p>\n\n\n\n<hr class=\"wp-block-separator has-alpha-channel-opacity is-style-wide\"\/>\n\n\n\n<h2 class=\"wp-block-heading\"><a>Placement publicitaire<\/a><\/h2>\n\n\n\n<p>Pour atteindre vos objectifs, affichez vos publicit\u00e9s dans notre bulletin bimensuel et notre magazine num\u00e9rique publi\u00e9 deux fois l\u2019an, qui sont envoy\u00e9s aux membres et aux partenaires de l\u2019ACC. Ces publications contiennent les informations les plus r\u00e9centes en mati\u00e8re de recherche, de pratique clinique, de politiques et de relations gouvernementales, de services aux membres et de communications. <\/p>\n\n\n\n<p>Pour en savoir plus sur le placement publicitaire ou pour recevoir notre trousse m\u00e9dia, communiquez avec nous \u00e0 l\u2019adresse <a href=\"mailto:media@chiropractic.ca\" target=\"_blank\" rel=\"noreferrer noopener\">media@chiropractic.ca<\/a>.<\/p>\n<\/div>\n\n\n\n<div class=\"wp-block-column is-layout-flow wp-block-column-is-layout-flow\" style=\"flex-basis:33.33%\">\n<div class=\"wp-block-group is-style-callout-green is-layout-flow wp-block-group-is-layout-flow\">\n<p class=\"is-style-lead-text\">Pour en savoir plus sur le programme de partenaires ACC Plus, \u00e9crivez-nous \u00e0 l\u2019adresse <a href=\"mailto:info@chiropractic.ca\">info@chiropractic.ca<\/a>.<\/p>\n<\/div>\n<\/div>\n<\/div>\n\n\n\n<div style=\"height:100px\" aria-hidden=\"true\" class=\"wp-block-spacer is-style-responsive-small\"><\/div>\n","protected":false},"excerpt":{"rendered":"<p>L\u2019ACC aide \u00e9galement ses membres \u00e0 am\u00e9liorer leurs profits en leur offrant des privil\u00e8ges de qualit\u00e9 sup\u00e9rieure qui ne sont g\u00e9n\u00e9ralement pas accessibles aux particuliers.<\/p>\n","protected":false},"author":13548,"featured_media":70314,"parent":0,"menu_order":30,"comment_status":"closed","ping_status":"closed","template":"","meta":{"_acf_changed":false,"_relevanssi_hide_post":"","_relevanssi_hide_content":"","_relevanssi_pin_for_all":"","_relevanssi_pin_keywords":"","_relevanssi_unpin_keywords":"","_relevanssi_related_keywords":"","_relevanssi_related_include_ids":"","_relevanssi_related_exclude_ids":"","_relevanssi_related_no_append":"","_relevanssi_related_not_related":"","_relevanssi_related_posts":"51379,71572,69307,72044,67228,53371","_relevanssi_noindex_reason":"","footnotes":""},"page_category":[2920],"blocksy_meta":{"styles_descriptor":{"styles":{"desktop":"","tablet":"","mobile":""},"google_fonts":[],"version":6}},"acf":[],"yoast_head":"<!-- This site is optimized with the Yoast SEO plugin v22.8 - https:\/\/yoast.com\/wordpress\/plugins\/seo\/ -->\n<title>Association chiropratique canadienne<\/title>\n<meta name=\"description\" content=\"L\u2019ACC aide \u00e9galement ses membres \u00e0 am\u00e9liorer leurs profits en leur offrant des privil\u00e8ges de qualit\u00e9 sup\u00e9rieure qui ne sont g\u00e9n\u00e9ralement pas accessibles aux particuliers.\" \/>\n<meta name=\"robots\" content=\"noindex, follow, max-snippet:-1, max-image-preview:large, max-video-preview:-1\" \/>\n<meta property=\"og:locale\" content=\"fr_FR\" \/>\n<meta property=\"og:type\" content=\"article\" \/>\n<meta property=\"og:title\" content=\"Programme ACC Plus et placement publicitaire - Association chiropratique canadienne\" \/>\n<meta property=\"og:description\" content=\"L\u2019ACC aide \u00e9galement ses membres \u00e0 am\u00e9liorer leurs profits en leur offrant des privil\u00e8ges de qualit\u00e9 sup\u00e9rieure qui ne sont g\u00e9n\u00e9ralement pas accessibles aux particuliers.\" \/>\n<meta property=\"og:url\" content=\"https:\/\/chiro2024.thewire.dev\/fr\/programme-acc-plus-et-placement-publicitaire\/\" \/>\n<meta property=\"og:site_name\" content=\"Association chiropratique canadienne\" \/>\n<meta property=\"article:modified_time\" content=\"2023-07-25T20:06:54+00:00\" \/>\n<meta property=\"og:image\" content=\"https:\/\/chiro2024.thewire.dev\/wp-content\/uploads\/2022\/11\/cca-plus-program-1024x576.png\" \/>\n\t<meta property=\"og:image:width\" content=\"1024\" \/>\n\t<meta property=\"og:image:height\" content=\"576\" \/>\n\t<meta property=\"og:image:type\" content=\"image\/png\" \/>\n<meta name=\"twitter:card\" content=\"summary_large_image\" \/>\n<meta name=\"twitter:label1\" content=\"Dur\u00e9e de lecture estim\u00e9e\" \/>\n\t<meta name=\"twitter:data1\" content=\"1 minute\" \/>\n<script type=\"application\/ld+json\" class=\"yoast-schema-graph\">{\"@context\":\"https:\/\/schema.org\",\"@graph\":[{\"@type\":\"WebPage\",\"@id\":\"https:\/\/chiro2024.thewire.dev\/fr\/programme-acc-plus-et-placement-publicitaire\/\",\"url\":\"https:\/\/chiro2024.thewire.dev\/fr\/programme-acc-plus-et-placement-publicitaire\/\",\"name\":\"Programme ACC Plus et placement publicitaire - Association chiropratique canadienne\",\"isPartOf\":{\"@id\":\"https:\/\/chiro2024.thewire.dev\/fr\/#website\"},\"primaryImageOfPage\":{\"@id\":\"https:\/\/chiro2024.thewire.dev\/fr\/programme-acc-plus-et-placement-publicitaire\/#primaryimage\"},\"image\":{\"@id\":\"https:\/\/chiro2024.thewire.dev\/fr\/programme-acc-plus-et-placement-publicitaire\/#primaryimage\"},\"thumbnailUrl\":\"https:\/\/chiro2024.thewire.dev\/wp-content\/uploads\/2022\/11\/cca-plus-program.png\",\"datePublished\":\"2022-11-09T16:23:24+00:00\",\"dateModified\":\"2023-07-25T20:06:54+00:00\",\"description\":\"L\u2019ACC aide \u00e9galement ses membres \u00e0 am\u00e9liorer leurs profits en leur offrant des privil\u00e8ges de qualit\u00e9 sup\u00e9rieure qui ne sont g\u00e9n\u00e9ralement pas accessibles aux particuliers.\",\"breadcrumb\":{\"@id\":\"https:\/\/chiro2024.thewire.dev\/fr\/programme-acc-plus-et-placement-publicitaire\/#breadcrumb\"},\"inLanguage\":\"fr-FR\",\"potentialAction\":[{\"@type\":\"ReadAction\",\"target\":[\"https:\/\/chiro2024.thewire.dev\/fr\/programme-acc-plus-et-placement-publicitaire\/\"]}]},{\"@type\":\"ImageObject\",\"inLanguage\":\"fr-FR\",\"@id\":\"https:\/\/chiro2024.thewire.dev\/fr\/programme-acc-plus-et-placement-publicitaire\/#primaryimage\",\"url\":\"https:\/\/chiro2024.thewire.dev\/wp-content\/uploads\/2022\/11\/cca-plus-program.png\",\"contentUrl\":\"https:\/\/chiro2024.thewire.dev\/wp-content\/uploads\/2022\/11\/cca-plus-program.png\",\"width\":2048,\"height\":1152,\"caption\":\"Man using smartphone\"},{\"@type\":\"BreadcrumbList\",\"@id\":\"https:\/\/chiro2024.thewire.dev\/fr\/programme-acc-plus-et-placement-publicitaire\/#breadcrumb\",\"itemListElement\":[{\"@type\":\"ListItem\",\"position\":1,\"name\":\"Home\",\"item\":\"https:\/\/chiro2024.thewire.dev\/fr\/\"},{\"@type\":\"ListItem\",\"position\":2,\"name\":\"Programme ACC Plus et placement publicitaire\"}]},{\"@type\":\"WebSite\",\"@id\":\"https:\/\/chiro2024.thewire.dev\/fr\/#website\",\"url\":\"https:\/\/chiro2024.thewire.dev\/fr\/\",\"name\":\"Association chiropratique canadienne\",\"description\":\"Chiropractors helping Canadians live healthier lives\",\"publisher\":{\"@id\":\"https:\/\/chiro2024.thewire.dev\/fr\/#organization\"},\"potentialAction\":[{\"@type\":\"SearchAction\",\"target\":{\"@type\":\"EntryPoint\",\"urlTemplate\":\"https:\/\/chiro2024.thewire.dev\/fr\/?s={search_term_string}\"},\"query-input\":\"required name=search_term_string\"}],\"inLanguage\":\"fr-FR\"},{\"@type\":\"Organization\",\"@id\":\"https:\/\/chiro2024.thewire.dev\/fr\/#organization\",\"name\":\"Association chiropratique canadienne\",\"url\":\"https:\/\/chiro2024.thewire.dev\/fr\/\",\"logo\":{\"@type\":\"ImageObject\",\"inLanguage\":\"fr-FR\",\"@id\":\"https:\/\/chiro2024.thewire.dev\/fr\/#\/schema\/logo\/image\/\",\"url\":\"https:\/\/chiro2024.thewire.dev\/wp-content\/uploads\/2022\/08\/cca-logo.svg\",\"contentUrl\":\"https:\/\/chiro2024.thewire.dev\/wp-content\/uploads\/2022\/08\/cca-logo.svg\",\"caption\":\"Association chiropratique canadienne\"},\"image\":{\"@id\":\"https:\/\/chiro2024.thewire.dev\/fr\/#\/schema\/logo\/image\/\"}}]}<\/script>\n<!-- \/ Yoast SEO plugin. -->","yoast_head_json":{"title":"Association chiropratique canadienne","description":"L\u2019ACC aide \u00e9galement ses membres \u00e0 am\u00e9liorer leurs profits en leur offrant des privil\u00e8ges de qualit\u00e9 sup\u00e9rieure qui ne sont g\u00e9n\u00e9ralement pas accessibles aux particuliers.","robots":{"index":"noindex","follow":"follow","max-snippet":"max-snippet:-1","max-image-preview":"max-image-preview:large","max-video-preview":"max-video-preview:-1"},"og_locale":"fr_FR","og_type":"article","og_title":"Programme ACC Plus et placement publicitaire - Association chiropratique canadienne","og_description":"L\u2019ACC aide \u00e9galement ses membres \u00e0 am\u00e9liorer leurs profits en leur offrant des privil\u00e8ges de qualit\u00e9 sup\u00e9rieure qui ne sont g\u00e9n\u00e9ralement pas accessibles aux particuliers.","og_url":"https:\/\/chiro2024.thewire.dev\/fr\/programme-acc-plus-et-placement-publicitaire\/","og_site_name":"Association chiropratique canadienne","article_modified_time":"2023-07-25T20:06:54+00:00","og_image":[{"width":1024,"height":576,"url":"https:\/\/chiro2024.thewire.dev\/wp-content\/uploads\/2022\/11\/cca-plus-program-1024x576.png","type":"image\/png"}],"twitter_card":"summary_large_image","twitter_misc":{"Dur\u00e9e de lecture estim\u00e9e":"1 minute"},"schema":{"@context":"https:\/\/schema.org","@graph":[{"@type":"WebPage","@id":"https:\/\/chiro2024.thewire.dev\/fr\/programme-acc-plus-et-placement-publicitaire\/","url":"https:\/\/chiro2024.thewire.dev\/fr\/programme-acc-plus-et-placement-publicitaire\/","name":"Programme ACC Plus et placement publicitaire - Association chiropratique canadienne","isPartOf":{"@id":"https:\/\/chiro2024.thewire.dev\/fr\/#website"},"primaryImageOfPage":{"@id":"https:\/\/chiro2024.thewire.dev\/fr\/programme-acc-plus-et-placement-publicitaire\/#primaryimage"},"image":{"@id":"https:\/\/chiro2024.thewire.dev\/fr\/programme-acc-plus-et-placement-publicitaire\/#primaryimage"},"thumbnailUrl":"https:\/\/chiro2024.thewire.dev\/wp-content\/uploads\/2022\/11\/cca-plus-program.png","datePublished":"2022-11-09T16:23:24+00:00","dateModified":"2023-07-25T20:06:54+00:00","description":"L\u2019ACC aide \u00e9galement ses membres \u00e0 am\u00e9liorer leurs profits en leur offrant des privil\u00e8ges de qualit\u00e9 sup\u00e9rieure qui ne sont g\u00e9n\u00e9ralement pas accessibles aux particuliers.","breadcrumb":{"@id":"https:\/\/chiro2024.thewire.dev\/fr\/programme-acc-plus-et-placement-publicitaire\/#breadcrumb"},"inLanguage":"fr-FR","potentialAction":[{"@type":"ReadAction","target":["https:\/\/chiro2024.thewire.dev\/fr\/programme-acc-plus-et-placement-publicitaire\/"]}]},{"@type":"ImageObject","inLanguage":"fr-FR","@id":"https:\/\/chiro2024.thewire.dev\/fr\/programme-acc-plus-et-placement-publicitaire\/#primaryimage","url":"https:\/\/chiro2024.thewire.dev\/wp-content\/uploads\/2022\/11\/cca-plus-program.png","contentUrl":"https:\/\/chiro2024.thewire.dev\/wp-content\/uploads\/2022\/11\/cca-plus-program.png","width":2048,"height":1152,"caption":"Man using smartphone"},{"@type":"BreadcrumbList","@id":"https:\/\/chiro2024.thewire.dev\/fr\/programme-acc-plus-et-placement-publicitaire\/#breadcrumb","itemListElement":[{"@type":"ListItem","position":1,"name":"Home","item":"https:\/\/chiro2024.thewire.dev\/fr\/"},{"@type":"ListItem","position":2,"name":"Programme ACC Plus et placement publicitaire"}]},{"@type":"WebSite","@id":"https:\/\/chiro2024.thewire.dev\/fr\/#website","url":"https:\/\/chiro2024.thewire.dev\/fr\/","name":"Association chiropratique canadienne","description":"Chiropractors helping Canadians live healthier lives","publisher":{"@id":"https:\/\/chiro2024.thewire.dev\/fr\/#organization"},"potentialAction":[{"@type":"SearchAction","target":{"@type":"EntryPoint","urlTemplate":"https:\/\/chiro2024.thewire.dev\/fr\/?s={search_term_string}"},"query-input":"required name=search_term_string"}],"inLanguage":"fr-FR"},{"@type":"Organization","@id":"https:\/\/chiro2024.thewire.dev\/fr\/#organization","name":"Association chiropratique canadienne","url":"https:\/\/chiro2024.thewire.dev\/fr\/","logo":{"@type":"ImageObject","inLanguage":"fr-FR","@id":"https:\/\/chiro2024.thewire.dev\/fr\/#\/schema\/logo\/image\/","url":"https:\/\/chiro2024.thewire.dev\/wp-content\/uploads\/2022\/08\/cca-logo.svg","contentUrl":"https:\/\/chiro2024.thewire.dev\/wp-content\/uploads\/2022\/08\/cca-logo.svg","caption":"Association chiropratique canadienne"},"image":{"@id":"https:\/\/chiro2024.thewire.dev\/fr\/#\/schema\/logo\/image\/"}}]}},"_links":{"self":[{"href":"https:\/\/chiro2024.thewire.dev\/fr\/wp-json\/wp\/v2\/pages\/70322"}],"collection":[{"href":"https:\/\/chiro2024.thewire.dev\/fr\/wp-json\/wp\/v2\/pages"}],"about":[{"href":"https:\/\/chiro2024.thewire.dev\/fr\/wp-json\/wp\/v2\/types\/page"}],"author":[{"embeddable":true,"href":"https:\/\/chiro2024.thewire.dev\/fr\/wp-json\/wp\/v2\/users\/13548"}],"replies":[{"embeddable":true,"href":"https:\/\/chiro2024.thewire.dev\/fr\/wp-json\/wp\/v2\/comments?post=70322"}],"version-history":[{"count":6,"href":"https:\/\/chiro2024.thewire.dev\/fr\/wp-json\/wp\/v2\/pages\/70322\/revisions"}],"predecessor-version":[{"id":72862,"href":"https:\/\/chiro2024.thewire.dev\/fr\/wp-json\/wp\/v2\/pages\/70322\/revisions\/72862"}],"wp:featuredmedia":[{"embeddable":true,"href":"https:\/\/chiro2024.thewire.dev\/fr\/wp-json\/wp\/v2\/media\/70314"}],"wp:attachment":[{"href":"https:\/\/chiro2024.thewire.dev\/fr\/wp-json\/wp\/v2\/media?parent=70322"}],"wp:term":[{"taxonomy":"page_category","embeddable":true,"href":"https:\/\/chiro2024.thewire.dev\/fr\/wp-json\/wp\/v2\/page_category?post=70322"}],"curies":[{"name":"wp","href":"https:\/\/api.w.org\/{rel}","templated":true}]}}