{"id":70036,"date":"2022-08-31T12:00:28","date_gmt":"2022-08-31T16:00:28","guid":{"rendered":"https:\/\/chiropractic.ca\/lappli-allez-bougez-canada\/allez-bougez-canada-pour-les-jeunes\/"},"modified":"2022-11-08T16:54:51","modified_gmt":"2022-11-08T21:54:51","slug":"allez-bougez-canada-pour-les-jeunes","status":"publish","type":"page","link":"https:\/\/chiro2024.thewire.dev\/fr\/lappli-allez-bougez-canada\/allez-bougez-canada-pour-les-jeunes\/","title":{"rendered":"Allez bougez Canada pour les jeunes"},"content":{"rendered":"<header class=\"hero hero-small\" ><div class=\"ct-container\"><div class=\"wp-block-columns\"><div class=\"wp-block-column\" style=\"flex-basis: 66.66%\"><h1 class=\"animated fadeIn\">Allez bougez Canada pour les jeunes<\/h1><div class=\"is-style-lead-text\" content-device=\"desktop\"><p>Voici Allez bougez Canada : un programme tout simple de trois minutes qui vous aidera \u00e0 adopter une meilleure posture. La pratique quotidienne du programme Allez Bougez Canada est une partie importante d&#8217;un mode de vie actif et sain pour les adultes et les enfants.<\/p>\n<p>Ce programme s\u2019adresse aux enfants et vise \u00e0 promouvoir la sant\u00e9 vert\u00e9brale gr\u00e2ce \u00e0 une meilleure posture. Si vous \u00e9prouvez des difficult\u00e9s \u00e0 r\u00e9aliser l\u2019un ou plusieurs de ces exercices, arr\u00eatez tout et consultez un chiropraticien ou un autre professionnel de la sant\u00e9.<\/p>\n<\/div><\/div><div class=\"wp-block-column\" style=\"flex-basis: 33.33%\"><figure class=\"aligncenter animated fadeIn\"><div class=\"ct-media-container\"><img decoding=\"async\" width=\"683\" height=\"683\" src=\"https:\/\/chiro2024.thewire.dev\/wp-content\/uploads\/2022\/10\/straighten-up-for-youth.jpg\" class=\"attachment-full size-full\" alt=\"Mother and daughter stretching\" srcset=\"https:\/\/chiro2024.thewire.dev\/wp-content\/uploads\/2022\/10\/straighten-up-for-youth.jpg 683w, https:\/\/chiro2024.thewire.dev\/wp-content\/uploads\/2022\/10\/straighten-up-for-youth-400x400.jpg 400w, https:\/\/chiro2024.thewire.dev\/wp-content\/uploads\/2022\/10\/straighten-up-for-youth-150x150.jpg 150w\" sizes=\"(max-width: 683px) 100vw, 683px\" style=\"aspect-ratio: 1\/1;\" \/><\/div><\/figure><\/div><\/div><div class=\"is-style-lead-text\" aria-hidden=\"true\" content-device=\"mobile\"><p>Voici Allez bougez Canada : un programme tout simple de trois minutes qui vous aidera \u00e0 adopter une meilleure posture. La pratique quotidienne du programme Allez Bougez Canada est une partie importante d&#8217;un mode de vie actif et sain pour les adultes et les enfants.<\/p>\n<p>Ce programme s\u2019adresse aux enfants et vise \u00e0 promouvoir la sant\u00e9 vert\u00e9brale gr\u00e2ce \u00e0 une meilleure posture. Si vous \u00e9prouvez des difficult\u00e9s \u00e0 r\u00e9aliser l\u2019un ou plusieurs de ces exercices, arr\u00eatez tout et consultez un chiropraticien ou un autre professionnel de la sant\u00e9.<\/p>\n<\/div><\/div><\/header>\n<div class=\"wp-block-columns is-layout-flex wp-container-core-columns-is-layout-1 wp-block-columns-is-layout-flex\">\n<div class=\"wp-block-column is-layout-flow wp-block-column-is-layout-flow\" style=\"flex-basis:66.66%\">\n<h3 class=\"wp-block-heading\">Si vous r\u00e9alisez le programme Allez bougez avec des enfants et des jeunes, voici quelques conseils \u00e0 retenir :<\/h3>\n\n\n\n<ul class=\"is-style-fancy\"><li>Tout le monde peut suivre le programme Allez bougez : il suffit de se tenir droit, les pieds joints et les bras d\u00e9tendus le long du corps.<\/li><li>Cr\u00e9ez un espace calme en rangeant les distractions comme les appareils \u00e9lectroniques et les jouets.<\/li><li>Dites au jeune de respirer calmement et profond\u00e9ment.<\/li><li>Demandez-lui de bouger lentement et en douceur. Les mouvements ne doivent pas \u00eatre saccad\u00e9s.<\/li><\/ul>\n\n\n\n<p>Au d\u00e9but, ce programme vous prendra un peu plus de trois minutes, mais vous le r\u00e9aliserez plus vite avec le temps. Vous aurez m\u00eame du plaisir \u00e0 am\u00e9liorer votre posture. Pour commencer, cliquez sur le premier exercice.<\/p>\n<\/div>\n\n\n\n<div class=\"wp-block-column is-layout-flow wp-block-column-is-layout-flow\" style=\"flex-basis:33.33%\"><\/div>\n<\/div>\n<div class=\"video-grid\" id=\"video-gallery\"><article><h4>1. Redressement<\/h4><a href=\"https:\/\/youtu.be\/woKPkE2dv54\" class=\"ct-image-container\" data-fancybox=\"video-gallery\" data-caption=\"1. Redressement\" data-thumb=\"\/\/img.youtube.com\/vi\/woKPkE2dv54\/hq720.jpg\" ><img decoding=\"async\" src=\"\/\/img.youtube.com\/vi\/woKPkE2dv54\/hq720.jpg\" alt=\"1. Redressement - YouTube video thumbnail.\" \/><\/a><\/article><article><h4>2. Flexion en \u00e9toile<\/h4><a href=\"https:\/\/youtu.be\/KGXeDO7ECSs\" class=\"ct-image-container\" data-fancybox=\"video-gallery\" data-caption=\"2. Flexion en \u00e9toile\" data-thumb=\"\/\/img.youtube.com\/vi\/KGXeDO7ECSs\/hq720.jpg\" ><img decoding=\"async\" src=\"\/\/img.youtube.com\/vi\/KGXeDO7ECSs\/hq720.jpg\" alt=\"2. Flexion en \u00e9toile - YouTube video thumbnail.\" \/><\/a><\/article><article><h4>3. Rotation en \u00e9toile<\/h4><a href=\"https:\/\/youtu.be\/lDaB3bXfBqA\" class=\"ct-image-container\" data-fancybox=\"video-gallery\" data-caption=\"3. Rotation en \u00e9toile\" data-thumb=\"\/\/img.youtube.com\/vi\/lDaB3bXfBqA\/hq720.jpg\" ><img decoding=\"async\" src=\"\/\/img.youtube.com\/vi\/lDaB3bXfBqA\/hq720.jpg\" alt=\"3. Rotation en \u00e9toile - YouTube video thumbnail.\" \/><\/a><\/article><article><h4>4. Coude-genou crois\u00e9<\/h4><a href=\"https:\/\/youtu.be\/3x2YuJD3who\" class=\"ct-image-container\" data-fancybox=\"video-gallery\" data-caption=\"4. Coude-genou crois\u00e9\" data-thumb=\"\/\/img.youtube.com\/vi\/3x2YuJD3who\/hq720.jpg\" ><img decoding=\"async\" src=\"\/\/img.youtube.com\/vi\/3x2YuJD3who\/hq720.jpg\" alt=\"4. Coude-genou crois\u00e9 - YouTube video thumbnail.\" \/><\/a><\/article><article><h4>5. D\u00e9tente du cou<\/h4><a href=\"https:\/\/youtu.be\/yKugdiSrldc\" class=\"ct-image-container\" data-fancybox=\"video-gallery\" data-caption=\"5. D\u00e9tente du cou\" data-thumb=\"\/\/img.youtube.com\/vi\/yKugdiSrldc\/hq720.jpg\" ><img decoding=\"async\" src=\"\/\/img.youtube.com\/vi\/yKugdiSrldc\/hq720.jpg\" alt=\"5. D\u00e9tente du cou - YouTube video thumbnail.\" \/><\/a><\/article><article><h4>6. Toujours plus haut<\/h4><a href=\"https:\/\/youtu.be\/7GbYmNZdOVw\" class=\"ct-image-container\" data-fancybox=\"video-gallery\" data-caption=\"6. Toujours plus haut\" data-thumb=\"\/\/img.youtube.com\/vi\/7GbYmNZdOVw\/hq720.jpg\" ><img decoding=\"async\" src=\"\/\/img.youtube.com\/vi\/7GbYmNZdOVw\/hq720.jpg\" alt=\"6. Toujours plus haut - YouTube video thumbnail.\" \/><\/a><\/article><article><h4>7. Flexion circulaire<\/h4><a href=\"https:\/\/youtu.be\/n4Du6c40bkE\" class=\"ct-image-container\" data-fancybox=\"video-gallery\" data-caption=\"7. Flexion circulaire\" data-thumb=\"\/\/img.youtube.com\/vi\/n4Du6c40bkE\/hq720.jpg\" ><img decoding=\"async\" src=\"\/\/img.youtube.com\/vi\/n4Du6c40bkE\/hq720.jpg\" alt=\"7. Flexion circulaire - YouTube video thumbnail.\" \/><\/a><\/article><article><h4>8. \u00c9tirement de l\u2019\u00e9paule<\/h4><a href=\"https:\/\/youtu.be\/rHPz_iKGMDI\" class=\"ct-image-container\" data-fancybox=\"video-gallery\" data-caption=\"8. \u00c9tirement de l\u2019\u00e9paule\" data-thumb=\"\/\/img.youtube.com\/vi\/rHPz_iKGMDI\/hq720.jpg\" ><img decoding=\"async\" src=\"\/\/img.youtube.com\/vi\/rHPz_iKGMDI\/hq720.jpg\" alt=\"8. \u00c9tirement de l\u2019\u00e9paule - YouTube video thumbnail.\" \/><\/a><\/article><article><h4>9. Fente avant<\/h4><a href=\"https:\/\/youtu.be\/BRg1PWpWdTM\" class=\"ct-image-container\" data-fancybox=\"video-gallery\" data-caption=\"9. Fente avant\" data-thumb=\"\/\/img.youtube.com\/vi\/BRg1PWpWdTM\/hq720.jpg\" ><img decoding=\"async\" src=\"\/\/img.youtube.com\/vi\/BRg1PWpWdTM\/hq720.jpg\" alt=\"9. Fente avant - YouTube video thumbnail.\" \/><\/a><\/article><article><h4>10. Balancement lat\u00e9ral<\/h4><a href=\"https:\/\/youtu.be\/aVd031GSGxs\" class=\"ct-image-container\" data-fancybox=\"video-gallery\" data-caption=\"10. Balancement lat\u00e9ral\" data-thumb=\"\/\/img.youtube.com\/vi\/aVd031GSGxs\/hq720.jpg\" ><img decoding=\"async\" src=\"\/\/img.youtube.com\/vi\/aVd031GSGxs\/hq720.jpg\" alt=\"10. Balancement lat\u00e9ral - YouTube video thumbnail.\" \/><\/a><\/article><article><h4>11. Triangle \u00e9tir\u00e9<\/h4><a href=\"https:\/\/youtu.be\/UalKLUqav8I\" class=\"ct-image-container\" data-fancybox=\"video-gallery\" data-caption=\"11. Triangle \u00e9tir\u00e9\" data-thumb=\"\/\/img.youtube.com\/vi\/UalKLUqav8I\/hq720.jpg\" ><img decoding=\"async\" src=\"\/\/img.youtube.com\/vi\/UalKLUqav8I\/hq720.jpg\" alt=\"11. Triangle \u00e9tir\u00e9 - YouTube video thumbnail.\" \/><\/a><\/article><article><h4>12. Libert\u00e9 totale<\/h4><a href=\"https:\/\/youtu.be\/zxiMTVUcCxw\" class=\"ct-image-container\" data-fancybox=\"video-gallery\" data-caption=\"12. Libert\u00e9 totale\" data-thumb=\"\/\/img.youtube.com\/vi\/zxiMTVUcCxw\/hq720.jpg\" ><img decoding=\"async\" src=\"\/\/img.youtube.com\/vi\/zxiMTVUcCxw\/hq720.jpg\" alt=\"12. Libert\u00e9 totale - YouTube video thumbnail.\" \/><\/a><\/article><\/div>","protected":false},"excerpt":{"rendered":"<p>Si vous r\u00e9alisez le programme Allez bougez avec des enfants et des jeunes, voici quelques conseils \u00e0 retenir : Tout le monde peut suivre le programme Allez bougez : il suffit de se tenir droit, les pieds joints et les bras d\u00e9tendus le long du corps. Cr\u00e9ez un espace calme en rangeant les distractions comme [&hellip;]<\/p>\n","protected":false},"author":9,"featured_media":68876,"parent":70019,"menu_order":58,"comment_status":"closed","ping_status":"closed","template":"","meta":{"_acf_changed":false,"_relevanssi_hide_post":"","_relevanssi_hide_content":"","_relevanssi_pin_for_all":"","_relevanssi_pin_keywords":"","_relevanssi_unpin_keywords":"","_relevanssi_related_keywords":"","_relevanssi_related_include_ids":"","_relevanssi_related_exclude_ids":"","_relevanssi_related_no_append":"","_relevanssi_related_not_related":"","_relevanssi_related_posts":"","_relevanssi_noindex_reason":"","footnotes":""},"page_category":[2918,2922],"blocksy_meta":{"styles_descriptor":{"styles":{"desktop":"","tablet":"","mobile":""},"google_fonts":[],"version":6}},"acf":[],"yoast_head":"<!-- This site is optimized with the Yoast SEO plugin v22.8 - https:\/\/yoast.com\/wordpress\/plugins\/seo\/ -->\n<title>Association chiropratique canadienne<\/title>\n<meta name=\"description\" content=\"Si vous r\u00e9alisez le programme Allez bougez avec des enfants et des jeunes, voici quelques conseils \u00e0 retenir : Tout le monde peut suivre le programme\" \/>\n<meta name=\"robots\" content=\"noindex, follow, max-snippet:-1, max-image-preview:large, max-video-preview:-1\" \/>\n<meta property=\"og:locale\" content=\"fr_FR\" \/>\n<meta property=\"og:type\" content=\"article\" \/>\n<meta property=\"og:title\" content=\"Allez bougez Canada pour les jeunes - Association chiropratique canadienne\" \/>\n<meta property=\"og:description\" content=\"Si vous r\u00e9alisez le programme Allez bougez avec des enfants et des jeunes, voici quelques conseils \u00e0 retenir : Tout le monde peut suivre le programme\" \/>\n<meta property=\"og:url\" content=\"https:\/\/chiro2024.thewire.dev\/fr\/lappli-allez-bougez-canada\/allez-bougez-canada-pour-les-jeunes\/\" \/>\n<meta property=\"og:site_name\" content=\"Association chiropratique canadienne\" \/>\n<meta property=\"article:modified_time\" content=\"2022-11-08T21:54:51+00:00\" \/>\n<meta property=\"og:image\" content=\"https:\/\/chiro2024.thewire.dev\/wp-content\/uploads\/2022\/10\/straighten-up-for-youth.jpg\" \/>\n\t<meta property=\"og:image:width\" content=\"683\" \/>\n\t<meta property=\"og:image:height\" content=\"683\" \/>\n\t<meta property=\"og:image:type\" content=\"image\/jpeg\" \/>\n<meta name=\"twitter:card\" content=\"summary_large_image\" \/>\n<meta name=\"twitter:label1\" content=\"Dur\u00e9e de lecture estim\u00e9e\" \/>\n\t<meta name=\"twitter:data1\" content=\"1 minute\" \/>\n<script type=\"application\/ld+json\" class=\"yoast-schema-graph\">{\"@context\":\"https:\/\/schema.org\",\"@graph\":[{\"@type\":\"WebPage\",\"@id\":\"https:\/\/chiro2024.thewire.dev\/fr\/lappli-allez-bougez-canada\/allez-bougez-canada-pour-les-jeunes\/\",\"url\":\"https:\/\/chiro2024.thewire.dev\/fr\/lappli-allez-bougez-canada\/allez-bougez-canada-pour-les-jeunes\/\",\"name\":\"Allez bougez Canada pour les jeunes - Association chiropratique canadienne\",\"isPartOf\":{\"@id\":\"https:\/\/chiro2024.thewire.dev\/fr\/#website\"},\"primaryImageOfPage\":{\"@id\":\"https:\/\/chiro2024.thewire.dev\/fr\/lappli-allez-bougez-canada\/allez-bougez-canada-pour-les-jeunes\/#primaryimage\"},\"image\":{\"@id\":\"https:\/\/chiro2024.thewire.dev\/fr\/lappli-allez-bougez-canada\/allez-bougez-canada-pour-les-jeunes\/#primaryimage\"},\"thumbnailUrl\":\"https:\/\/chiro2024.thewire.dev\/wp-content\/uploads\/2022\/10\/straighten-up-for-youth.jpg\",\"datePublished\":\"2022-08-31T16:00:28+00:00\",\"dateModified\":\"2022-11-08T21:54:51+00:00\",\"description\":\"Si vous r\u00e9alisez le programme Allez bougez avec des enfants et des jeunes, voici quelques conseils \u00e0 retenir : Tout le monde peut suivre le programme\",\"breadcrumb\":{\"@id\":\"https:\/\/chiro2024.thewire.dev\/fr\/lappli-allez-bougez-canada\/allez-bougez-canada-pour-les-jeunes\/#breadcrumb\"},\"inLanguage\":\"fr-FR\",\"potentialAction\":[{\"@type\":\"ReadAction\",\"target\":[\"https:\/\/chiro2024.thewire.dev\/fr\/lappli-allez-bougez-canada\/allez-bougez-canada-pour-les-jeunes\/\"]}]},{\"@type\":\"ImageObject\",\"inLanguage\":\"fr-FR\",\"@id\":\"https:\/\/chiro2024.thewire.dev\/fr\/lappli-allez-bougez-canada\/allez-bougez-canada-pour-les-jeunes\/#primaryimage\",\"url\":\"https:\/\/chiro2024.thewire.dev\/wp-content\/uploads\/2022\/10\/straighten-up-for-youth.jpg\",\"contentUrl\":\"https:\/\/chiro2024.thewire.dev\/wp-content\/uploads\/2022\/10\/straighten-up-for-youth.jpg\",\"width\":683,\"height\":683,\"caption\":\"Mother and daughter stretching\"},{\"@type\":\"BreadcrumbList\",\"@id\":\"https:\/\/chiro2024.thewire.dev\/fr\/lappli-allez-bougez-canada\/allez-bougez-canada-pour-les-jeunes\/#breadcrumb\",\"itemListElement\":[{\"@type\":\"ListItem\",\"position\":1,\"name\":\"Home\",\"item\":\"https:\/\/chiro2024.thewire.dev\/fr\/\"},{\"@type\":\"ListItem\",\"position\":2,\"name\":\"Allez bougez Canada\",\"item\":\"https:\/\/chiro2024.thewire.dev\/fr\/lappli-allez-bougez-canada\/\"},{\"@type\":\"ListItem\",\"position\":3,\"name\":\"Allez bougez Canada pour les jeunes\"}]},{\"@type\":\"WebSite\",\"@id\":\"https:\/\/chiro2024.thewire.dev\/fr\/#website\",\"url\":\"https:\/\/chiro2024.thewire.dev\/fr\/\",\"name\":\"Association chiropratique canadienne\",\"description\":\"Chiropractors helping Canadians live healthier lives\",\"publisher\":{\"@id\":\"https:\/\/chiro2024.thewire.dev\/fr\/#organization\"},\"potentialAction\":[{\"@type\":\"SearchAction\",\"target\":{\"@type\":\"EntryPoint\",\"urlTemplate\":\"https:\/\/chiro2024.thewire.dev\/fr\/?s={search_term_string}\"},\"query-input\":\"required name=search_term_string\"}],\"inLanguage\":\"fr-FR\"},{\"@type\":\"Organization\",\"@id\":\"https:\/\/chiro2024.thewire.dev\/fr\/#organization\",\"name\":\"Association chiropratique canadienne\",\"url\":\"https:\/\/chiro2024.thewire.dev\/fr\/\",\"logo\":{\"@type\":\"ImageObject\",\"inLanguage\":\"fr-FR\",\"@id\":\"https:\/\/chiro2024.thewire.dev\/fr\/#\/schema\/logo\/image\/\",\"url\":\"https:\/\/chiro2024.thewire.dev\/wp-content\/uploads\/2022\/08\/cca-logo.svg\",\"contentUrl\":\"https:\/\/chiro2024.thewire.dev\/wp-content\/uploads\/2022\/08\/cca-logo.svg\",\"caption\":\"Association chiropratique canadienne\"},\"image\":{\"@id\":\"https:\/\/chiro2024.thewire.dev\/fr\/#\/schema\/logo\/image\/\"}}]}<\/script>\n<!-- \/ Yoast SEO plugin. -->","yoast_head_json":{"title":"Association chiropratique canadienne","description":"Si vous r\u00e9alisez le programme Allez bougez avec des enfants et des jeunes, voici quelques conseils \u00e0 retenir : Tout le monde peut suivre le programme","robots":{"index":"noindex","follow":"follow","max-snippet":"max-snippet:-1","max-image-preview":"max-image-preview:large","max-video-preview":"max-video-preview:-1"},"og_locale":"fr_FR","og_type":"article","og_title":"Allez bougez Canada pour les jeunes - Association chiropratique canadienne","og_description":"Si vous r\u00e9alisez le programme Allez bougez avec des enfants et des jeunes, voici quelques conseils \u00e0 retenir : Tout le monde peut suivre le programme","og_url":"https:\/\/chiro2024.thewire.dev\/fr\/lappli-allez-bougez-canada\/allez-bougez-canada-pour-les-jeunes\/","og_site_name":"Association chiropratique canadienne","article_modified_time":"2022-11-08T21:54:51+00:00","og_image":[{"width":683,"height":683,"url":"https:\/\/chiro2024.thewire.dev\/wp-content\/uploads\/2022\/10\/straighten-up-for-youth.jpg","type":"image\/jpeg"}],"twitter_card":"summary_large_image","twitter_misc":{"Dur\u00e9e de lecture estim\u00e9e":"1 minute"},"schema":{"@context":"https:\/\/schema.org","@graph":[{"@type":"WebPage","@id":"https:\/\/chiro2024.thewire.dev\/fr\/lappli-allez-bougez-canada\/allez-bougez-canada-pour-les-jeunes\/","url":"https:\/\/chiro2024.thewire.dev\/fr\/lappli-allez-bougez-canada\/allez-bougez-canada-pour-les-jeunes\/","name":"Allez bougez Canada pour les jeunes - Association chiropratique canadienne","isPartOf":{"@id":"https:\/\/chiro2024.thewire.dev\/fr\/#website"},"primaryImageOfPage":{"@id":"https:\/\/chiro2024.thewire.dev\/fr\/lappli-allez-bougez-canada\/allez-bougez-canada-pour-les-jeunes\/#primaryimage"},"image":{"@id":"https:\/\/chiro2024.thewire.dev\/fr\/lappli-allez-bougez-canada\/allez-bougez-canada-pour-les-jeunes\/#primaryimage"},"thumbnailUrl":"https:\/\/chiro2024.thewire.dev\/wp-content\/uploads\/2022\/10\/straighten-up-for-youth.jpg","datePublished":"2022-08-31T16:00:28+00:00","dateModified":"2022-11-08T21:54:51+00:00","description":"Si vous r\u00e9alisez le programme Allez bougez avec des enfants et des jeunes, voici quelques conseils \u00e0 retenir : Tout le monde peut suivre le programme","breadcrumb":{"@id":"https:\/\/chiro2024.thewire.dev\/fr\/lappli-allez-bougez-canada\/allez-bougez-canada-pour-les-jeunes\/#breadcrumb"},"inLanguage":"fr-FR","potentialAction":[{"@type":"ReadAction","target":["https:\/\/chiro2024.thewire.dev\/fr\/lappli-allez-bougez-canada\/allez-bougez-canada-pour-les-jeunes\/"]}]},{"@type":"ImageObject","inLanguage":"fr-FR","@id":"https:\/\/chiro2024.thewire.dev\/fr\/lappli-allez-bougez-canada\/allez-bougez-canada-pour-les-jeunes\/#primaryimage","url":"https:\/\/chiro2024.thewire.dev\/wp-content\/uploads\/2022\/10\/straighten-up-for-youth.jpg","contentUrl":"https:\/\/chiro2024.thewire.dev\/wp-content\/uploads\/2022\/10\/straighten-up-for-youth.jpg","width":683,"height":683,"caption":"Mother and daughter stretching"},{"@type":"BreadcrumbList","@id":"https:\/\/chiro2024.thewire.dev\/fr\/lappli-allez-bougez-canada\/allez-bougez-canada-pour-les-jeunes\/#breadcrumb","itemListElement":[{"@type":"ListItem","position":1,"name":"Home","item":"https:\/\/chiro2024.thewire.dev\/fr\/"},{"@type":"ListItem","position":2,"name":"Allez bougez Canada","item":"https:\/\/chiro2024.thewire.dev\/fr\/lappli-allez-bougez-canada\/"},{"@type":"ListItem","position":3,"name":"Allez bougez Canada pour les jeunes"}]},{"@type":"WebSite","@id":"https:\/\/chiro2024.thewire.dev\/fr\/#website","url":"https:\/\/chiro2024.thewire.dev\/fr\/","name":"Association chiropratique canadienne","description":"Chiropractors helping Canadians live healthier lives","publisher":{"@id":"https:\/\/chiro2024.thewire.dev\/fr\/#organization"},"potentialAction":[{"@type":"SearchAction","target":{"@type":"EntryPoint","urlTemplate":"https:\/\/chiro2024.thewire.dev\/fr\/?s={search_term_string}"},"query-input":"required name=search_term_string"}],"inLanguage":"fr-FR"},{"@type":"Organization","@id":"https:\/\/chiro2024.thewire.dev\/fr\/#organization","name":"Association chiropratique canadienne","url":"https:\/\/chiro2024.thewire.dev\/fr\/","logo":{"@type":"ImageObject","inLanguage":"fr-FR","@id":"https:\/\/chiro2024.thewire.dev\/fr\/#\/schema\/logo\/image\/","url":"https:\/\/chiro2024.thewire.dev\/wp-content\/uploads\/2022\/08\/cca-logo.svg","contentUrl":"https:\/\/chiro2024.thewire.dev\/wp-content\/uploads\/2022\/08\/cca-logo.svg","caption":"Association chiropratique canadienne"},"image":{"@id":"https:\/\/chiro2024.thewire.dev\/fr\/#\/schema\/logo\/image\/"}}]}},"_links":{"self":[{"href":"https:\/\/chiro2024.thewire.dev\/fr\/wp-json\/wp\/v2\/pages\/70036"}],"collection":[{"href":"https:\/\/chiro2024.thewire.dev\/fr\/wp-json\/wp\/v2\/pages"}],"about":[{"href":"https:\/\/chiro2024.thewire.dev\/fr\/wp-json\/wp\/v2\/types\/page"}],"author":[{"embeddable":true,"href":"https:\/\/chiro2024.thewire.dev\/fr\/wp-json\/wp\/v2\/users\/9"}],"replies":[{"embeddable":true,"href":"https:\/\/chiro2024.thewire.dev\/fr\/wp-json\/wp\/v2\/comments?post=70036"}],"version-history":[{"count":1,"href":"https:\/\/chiro2024.thewire.dev\/fr\/wp-json\/wp\/v2\/pages\/70036\/revisions"}],"predecessor-version":[{"id":70037,"href":"https:\/\/chiro2024.thewire.dev\/fr\/wp-json\/wp\/v2\/pages\/70036\/revisions\/70037"}],"up":[{"embeddable":true,"href":"https:\/\/chiro2024.thewire.dev\/fr\/wp-json\/wp\/v2\/pages\/70019"}],"wp:featuredmedia":[{"embeddable":true,"href":"https:\/\/chiro2024.thewire.dev\/fr\/wp-json\/wp\/v2\/media\/68876"}],"wp:attachment":[{"href":"https:\/\/chiro2024.thewire.dev\/fr\/wp-json\/wp\/v2\/media?parent=70036"}],"wp:term":[{"taxonomy":"page_category","embeddable":true,"href":"https:\/\/chiro2024.thewire.dev\/fr\/wp-json\/wp\/v2\/page_category?post=70036"}],"curies":[{"name":"wp","href":"https:\/\/api.w.org\/{rel}","templated":true}]}}