{"id":70019,"date":"2022-08-31T09:19:21","date_gmt":"2022-08-31T13:19:21","guid":{"rendered":"https:\/\/chiropractic.ca\/lappli-allez-bougez-canada\/"},"modified":"2023-07-25T15:26:28","modified_gmt":"2023-07-25T19:26:28","slug":"lappli-allez-bougez-canada","status":"publish","type":"page","link":"https:\/\/chiro2024.thewire.dev\/fr\/lappli-allez-bougez-canada\/","title":{"rendered":"Allez bougez Canada"},"content":{"rendered":"<header class=\"hero hero-large alignfull\"><div class=\"ct-container\"><figure class=\"animated fadeIn\"><div class=\"ct-media-container\"><img decoding=\"async\" width=\"2560\" height=\"1708\" src=\"https:\/\/chiro2024.thewire.dev\/wp-content\/uploads\/2022\/11\/SUP-app-scaled.jpg\" class=\"attachment-full size-full\" alt=\"Man holding phone outside\" srcset=\"https:\/\/chiro2024.thewire.dev\/wp-content\/uploads\/2022\/11\/SUP-app-scaled.jpg 2560w, https:\/\/chiro2024.thewire.dev\/wp-content\/uploads\/2022\/11\/SUP-app-400x267.jpg 400w, https:\/\/chiro2024.thewire.dev\/wp-content\/uploads\/2022\/11\/SUP-app-1024x683.jpg 1024w, https:\/\/chiro2024.thewire.dev\/wp-content\/uploads\/2022\/11\/SUP-app-768x513.jpg 768w, https:\/\/chiro2024.thewire.dev\/wp-content\/uploads\/2022\/11\/SUP-app-1536x1025.jpg 1536w, https:\/\/chiro2024.thewire.dev\/wp-content\/uploads\/2022\/11\/SUP-app-2048x1367.jpg 2048w\" sizes=\"(max-width: 2560px) 100vw, 2560px\" style=\"aspect-ratio: 16\/9;\" \/><\/div><\/figure><div class=\"wp-block-columns is-not-stacked-on-mobile\"><div class=\"wp-block-column\" style=\"flex-basis: 55%;\"><h1 class=\"animated fadeIn\">Allez bougez Canada<\/h1><\/div><div class=\"wp-block-column\"><\/div><\/div><\/div><div class=\"shape-divider-bottom\">\n\t\t\t\t<svg xmlns=\"http:\/\/www.w3.org\/2000\/svg\" viewBox=\"0 0 2419.94 122.9\"><path id=\"Path_240\" class=\"cls-1\" d=\"M0,49.78C124.41-31.69,584.23,5.21,823.77,32.17c239.54,26.96,751.95,124.97,1269.64,17.61,58.43-12.12,280.19-83,319.61-18.2,7.57,12.44,9.72,32.23,2.36,48.08-21.49,46.26-117.05,43.59-150,43-136.67-2.44-1027.9-1.62-2262-1L0,49.78Z\"\/><\/svg>\n\t\t\t\t<\/div><\/header><div class=\"is-style-lead-text\" aria-hidden=\"true\" content-device=\"mobile\"><\/div>\n\n\n<div class=\"wp-block-columns is-layout-flex wp-container-core-columns-is-layout-3 wp-block-columns-is-layout-flex\">\n<div class=\"wp-block-column is-layout-flow wp-block-column-is-layout-flow\" style=\"flex-basis:66.66%\">\n<p class=\"is-style-lead-text\">Combien d\u2019heures par jour passez-vous assis? \u00c0 lire, \u00e0 l\u2019ordinateur, en voiture, devant la t\u00e9l\u00e9vision\u2026 Ces heures s\u2019accumulent vite et peuvent causer des douleurs au dos ou au cou, surtout si l\u2019on a une mauvaise posture. Savez-vous que le tiers de l\u2019absent\u00e9isme au Canada est attribuable \u00e0 des douleurs lombaires et autres probl\u00e8mes musculosquelettiques ?<\/p>\n\n\n\n<p class=\"is-style-lead-text\">C\u2019est le temps de bouger !<\/p>\n\n\n\n<div class=\"wp-block-columns is-layout-flex wp-container-core-columns-is-layout-1 wp-block-columns-is-layout-flex\">\n<div class=\"wp-block-column is-layout-flow wp-block-column-is-layout-flow\" style=\"flex-basis:75%\">\n<p>Les chiropraticiens canadiens ont con\u00e7u une s\u00e9rie vid\u00e9o, appel\u00e9e Allez bougez Canada. Il s\u2019agit d\u2019un programme postural gratuit et tr\u00e8s simple qui ne vous prendra que trois petites minutes par jour.<\/p>\n\n\n\n<p>Le programme Allez bougez Canada peut se faire presque partout. Il peut \u00e0 la fois servir d\u2019\u00e9chauffement, de r\u00e9cup\u00e9ration, de s\u00e9ance d\u2019exercices et de pause ergonomique.<\/p>\n<\/div>\n<\/div>\n\n\n\n<h2 class=\"wp-block-heading\">Visionnez les vid\u00e9os Allez bougez Canada en ligne<\/h2>\n\n\n\n<div class=\"wp-block-buttons is-layout-flex wp-block-buttons-is-layout-flex\">\n<div class=\"wp-block-button video\"><a class=\"wp-block-button__link wp-element-button\" href=\"https:\/\/chiro2024.thewire.dev\/fr\/lappli-allez-bougez-canada\/allez-bougez-pour-adultes\/\">Vid\u00e9os Allez bougez Canada <br>Pour les adultes <\/a><\/div>\n\n\n\n<div class=\"wp-block-button video\"><a class=\"wp-block-button__link has-palette-color-5-background-color has-background wp-element-button\" href=\"https:\/\/chiro2024.thewire.dev\/straighten-up-canada-app\/straight-up-for-youth\/\">Vid\u00e9os Allez bougez Canada <br>Pour les jeunes<\/a><\/div>\n<\/div>\n\n\n\n<p>Le d\u00e9veloppement de cette s\u00e9rie vid\u00e9o a re\u00e7u l\u2019appui de l\u2019ACC et de toutes les associations provinciales, qui comprennent le Council of Nova Scotia College of Chiropractors, l\u2019Association des chiropraticiens du Qu\u00e9bec, l\u2019Association des chiropraticiens de la Saskatchewan, Chiropractic Manitoba, l\u2019Alberta College and Association of Chiropractors, l\u2019Association chiropratique de Terre-Neuve-et-Labrador, l\u2019Association chiropratique de l\u2019Ontario, l\u2019Association des chiropraticiens de l\u2019\u00cele-du-Prince-\u00c9douard et l\u2019Association des chiropraticiens du Nouveau-Brunswick.<\/p>\n\n\n\n<p><\/p>\n\n\n\n<h2 class=\"wp-block-heading\">Allez bougez Canada \u2013 FAQ d\u2019aide<\/h2>\n\n\n\n<div class=\"wp-block-group is-style-faqs is-layout-flow wp-block-group-is-layout-flow\">\n<div class=\"wp-block-columns is-layout-flex wp-container-core-columns-is-layout-2 wp-block-columns-is-layout-flex\">\n<div class=\"wp-block-column is-layout-flow wp-block-column-is-layout-flow\">\n<h3 class=\"wp-block-heading\">Combien de temps faut-il pour faire ces exercices?<\/h3>\n\n\n\n<p>C\u2019est l\u00e0 la beaut\u00e9 de cette s\u00e9rie vid\u00e9o. Avec un peu de pratique, il ne vous faudra que quelques minutes par jour pour effectuer ces exercices d\u2019\u00e9tirement tout simples.<\/p>\n\n\n\n<h3 class=\"wp-block-heading\">A-t-il \u00e9t\u00e9 d\u00e9montr\u00e9 que cette s\u00e9rie vid\u00e9o am\u00e9liore la posture?<\/h3>\n\n\n\n<p>Cette s\u00e9rie vid\u00e9o vient tout juste d\u2019\u00eatre lanc\u00e9e, mais elle s\u2019inspire du programme Straighten Up cr\u00e9\u00e9 aux \u00c9tats-Unis en 2005. Or, une \u00e9tude am\u00e9ricaine a constat\u00e9 que l\u2019ex\u00e9cution des exercices du programme tous les jours durant cinq semaines cons\u00e9cutives contribuait \u00e0 am\u00e9liorer la posture, \u00e0 renforcer les principaux muscles posturaux et \u00e0 se sentir mieux.<\/p>\n\n\n\n<h3 class=\"wp-block-heading\">LA s\u00e9rie vid\u00e9o est-elle disponible dans une autre langue que l\u2019anglais?<\/h3>\n\n\n\n<p>Oui, la s\u00e9rie vid\u00e9o est actuellement disponible en fran\u00e7ais et en anglais.<\/p>\n\n\n\n<h3 class=\"wp-block-heading\">\u00c0 qui puis-je m\u2019adresser si j\u2019ai une question ou une suggestion sur la s\u00e9rie vid\u00e9o?<\/h3>\n\n\n\n<p>Vous pouvez envoyer toute question ou suggestion \u00e0 <a href=\"mailto:info@chiropractic.ca\">info@chiropractic.ca<\/a>.<\/p>\n<\/div>\n<\/div>\n<\/div>\n<\/div>\n\n\n\n<div class=\"wp-block-column is-layout-flow wp-block-column-is-layout-flow\" style=\"flex-basis:33.33%\">\n<h3 class=\"wp-block-heading\">Une bonne posture vous aidera \u00e0 :<\/h3>\n\n\n\n<ul class=\"is-style-fancy\">\n<li>Vous sentir et para\u00eetre encore mieux que d\u2019habitude<\/li>\n\n\n\n<li>Pr\u00e9venir les douleurs dorsales et musculaires<\/li>\n\n\n\n<li>R\u00e9duire l\u2019usure de vos articulations<\/li>\n\n\n\n<li>Diminuer l\u2019\u00e9nergie n\u00e9cessaire pour accomplir les t\u00e2ches courantes<\/li>\n\n\n\n<li>Augmenter la souplesse et la r\u00e9silience de la colonne<\/li>\n<\/ul>\n\n\n\n<h3 class=\"wp-block-heading\">Dans quelle mesure mes activit\u00e9s courantes affectent-elles ma posture?<\/h3>\n\n\n\n<p>Une mauvaise posture peut \u00eatre caus\u00e9e par :<\/p>\n\n\n\n<ul class=\"is-style-fancy\">\n<li>De longues p\u00e9riodes d\u2019inactivit\u00e9<\/li>\n\n\n\n<li>Le fait de travailler pench\u00e9 sur le bureau, l\u2019ordinateur ou un appareil mobile<\/li>\n\n\n\n<li>Les emplois qui comportent des activit\u00e9s r\u00e9p\u00e9titives et physiquement exigeantes, notamment l\u2019action de se pencher vers l\u2019avant ou de soulever des charges<\/li>\n<\/ul>\n\n\n\n<h3 class=\"wp-block-heading\">Qui peut pr\u00e9senter une mauvaise posture?<\/h3>\n\n\n\n<p>Tout le monde, \u00e0 tout \u00e2ge, peut pr\u00e9senter des probl\u00e8mes de posture.<\/p>\n\n\n\n<h3 class=\"wp-block-heading\">Quels sont les avantages d\u2019une posture plus solide et d\u2019une meilleure sant\u00e9 vert\u00e9brale?<\/h3>\n\n\n\n<p>Les avantages d\u2019une bonne posture sont multiples :<\/p>\n\n\n\n<ul class=\"is-style-fancy\">\n<li>Maintien de l\u2019alignement des os et des articulations, de sorte que les muscles bougent plus efficacement<\/li>\n\n\n\n<li>Besoins moindres en \u00e9nergie pour accomplir les t\u00e2ches courantes<\/li>\n\n\n\n<li>Diminution de l\u2019usure des articulations, cause potentielle de l\u2019arthrite<\/li>\n\n\n\n<li>Diminution de la tension exerc\u00e9e sur les ligaments qui maintiennent ensemble les articulations de la colonne<\/li>\n\n\n\n<li>Pr\u00e9vention des douleurs dorsales et musculaires<\/li>\n\n\n\n<li>Augmentation de la souplesse de la tol\u00e9rance de la colonne \u00e0 la tension<\/li>\n\n\n\n<li>Apparence plus agr\u00e9able!<\/li>\n<\/ul>\n<\/div>\n<\/div>\n","protected":false},"excerpt":{"rendered":"<p>Combien d\u2019heures par jour passez-vous assis? \u00c0 lire, \u00e0 l\u2019ordinateur, en voiture, devant la t\u00e9l\u00e9vision\u2026 Ces heures s\u2019accumulent vite et peuvent causer des douleurs au dos ou au cou, surtout si l\u2019on a une mauvaise posture. Savez-vous que le tiers de l\u2019absent\u00e9isme au Canada est attribuable \u00e0 des douleurs lombaires et autres probl\u00e8mes musculosquelettiques ? [&hellip;]<\/p>\n","protected":false},"author":9,"featured_media":69364,"parent":0,"menu_order":10,"comment_status":"closed","ping_status":"closed","template":"","meta":{"_acf_changed":false,"_relevanssi_hide_post":"","_relevanssi_hide_content":"","_relevanssi_pin_for_all":"","_relevanssi_pin_keywords":"","_relevanssi_unpin_keywords":"","_relevanssi_related_keywords":"","_relevanssi_related_include_ids":"","_relevanssi_related_exclude_ids":"","_relevanssi_related_no_append":"","_relevanssi_related_not_related":"","_relevanssi_related_posts":"71576,71572,18921,71582,72573,53318","_relevanssi_noindex_reason":"","footnotes":""},"page_category":[2918],"blocksy_meta":{"styles_descriptor":{"styles":{"desktop":"","tablet":"","mobile":""},"google_fonts":[],"version":6}},"acf":[],"yoast_head":"<!-- This site is optimized with the Yoast SEO plugin v22.8 - https:\/\/yoast.com\/wordpress\/plugins\/seo\/ -->\n<title>Association chiropratique canadienne<\/title>\n<meta name=\"description\" content=\"Combien d\u2019heures par jour passez-vous assis? \u00c0 lire, \u00e0 l\u2019ordinateur, en voiture, devant la t\u00e9l\u00e9vision\u2026 Ces heures s\u2019accumulent vite et peuvent causer des\" \/>\n<meta name=\"robots\" content=\"noindex, follow, max-snippet:-1, max-image-preview:large, max-video-preview:-1\" \/>\n<meta property=\"og:locale\" content=\"fr_FR\" \/>\n<meta property=\"og:type\" content=\"article\" \/>\n<meta property=\"og:title\" content=\"Allez bougez Canada - Association chiropratique canadienne\" \/>\n<meta property=\"og:description\" content=\"Combien d\u2019heures par jour passez-vous assis? \u00c0 lire, \u00e0 l\u2019ordinateur, en voiture, devant la t\u00e9l\u00e9vision\u2026 Ces heures s\u2019accumulent vite et peuvent causer des\" \/>\n<meta property=\"og:url\" content=\"https:\/\/chiro2024.thewire.dev\/fr\/lappli-allez-bougez-canada\/\" \/>\n<meta property=\"og:site_name\" content=\"Association chiropratique canadienne\" \/>\n<meta property=\"article:modified_time\" content=\"2023-07-25T19:26:28+00:00\" \/>\n<meta property=\"og:image\" content=\"https:\/\/chiro2024.thewire.dev\/wp-content\/uploads\/2022\/11\/SUP-app-scaled.jpg\" \/>\n\t<meta property=\"og:image:width\" content=\"2560\" \/>\n\t<meta property=\"og:image:height\" content=\"1708\" \/>\n\t<meta property=\"og:image:type\" content=\"image\/jpeg\" \/>\n<meta name=\"twitter:card\" content=\"summary_large_image\" \/>\n<meta name=\"twitter:label1\" content=\"Dur\u00e9e de lecture estim\u00e9e\" \/>\n\t<meta name=\"twitter:data1\" content=\"3 minutes\" \/>\n<script type=\"application\/ld+json\" class=\"yoast-schema-graph\">{\"@context\":\"https:\/\/schema.org\",\"@graph\":[{\"@type\":\"WebPage\",\"@id\":\"https:\/\/chiro2024.thewire.dev\/fr\/lappli-allez-bougez-canada\/\",\"url\":\"https:\/\/chiro2024.thewire.dev\/fr\/lappli-allez-bougez-canada\/\",\"name\":\"Allez bougez Canada - Association chiropratique canadienne\",\"isPartOf\":{\"@id\":\"https:\/\/chiro2024.thewire.dev\/fr\/#website\"},\"primaryImageOfPage\":{\"@id\":\"https:\/\/chiro2024.thewire.dev\/fr\/lappli-allez-bougez-canada\/#primaryimage\"},\"image\":{\"@id\":\"https:\/\/chiro2024.thewire.dev\/fr\/lappli-allez-bougez-canada\/#primaryimage\"},\"thumbnailUrl\":\"https:\/\/chiro2024.thewire.dev\/wp-content\/uploads\/2022\/11\/SUP-app-scaled.jpg\",\"datePublished\":\"2022-08-31T13:19:21+00:00\",\"dateModified\":\"2023-07-25T19:26:28+00:00\",\"description\":\"Combien d\u2019heures par jour passez-vous assis? \u00c0 lire, \u00e0 l\u2019ordinateur, en voiture, devant la t\u00e9l\u00e9vision\u2026 Ces heures s\u2019accumulent vite et peuvent causer des\",\"breadcrumb\":{\"@id\":\"https:\/\/chiro2024.thewire.dev\/fr\/lappli-allez-bougez-canada\/#breadcrumb\"},\"inLanguage\":\"fr-FR\",\"potentialAction\":[{\"@type\":\"ReadAction\",\"target\":[\"https:\/\/chiro2024.thewire.dev\/fr\/lappli-allez-bougez-canada\/\"]}]},{\"@type\":\"ImageObject\",\"inLanguage\":\"fr-FR\",\"@id\":\"https:\/\/chiro2024.thewire.dev\/fr\/lappli-allez-bougez-canada\/#primaryimage\",\"url\":\"https:\/\/chiro2024.thewire.dev\/wp-content\/uploads\/2022\/11\/SUP-app-scaled.jpg\",\"contentUrl\":\"https:\/\/chiro2024.thewire.dev\/wp-content\/uploads\/2022\/11\/SUP-app-scaled.jpg\",\"width\":2560,\"height\":1708,\"caption\":\"African american man sitting outdoors before his training. He is holding mobile phone and looking at it.\"},{\"@type\":\"BreadcrumbList\",\"@id\":\"https:\/\/chiro2024.thewire.dev\/fr\/lappli-allez-bougez-canada\/#breadcrumb\",\"itemListElement\":[{\"@type\":\"ListItem\",\"position\":1,\"name\":\"Home\",\"item\":\"https:\/\/chiro2024.thewire.dev\/fr\/\"},{\"@type\":\"ListItem\",\"position\":2,\"name\":\"Allez bougez Canada\"}]},{\"@type\":\"WebSite\",\"@id\":\"https:\/\/chiro2024.thewire.dev\/fr\/#website\",\"url\":\"https:\/\/chiro2024.thewire.dev\/fr\/\",\"name\":\"Association chiropratique canadienne\",\"description\":\"Chiropractors helping Canadians live healthier lives\",\"publisher\":{\"@id\":\"https:\/\/chiro2024.thewire.dev\/fr\/#organization\"},\"potentialAction\":[{\"@type\":\"SearchAction\",\"target\":{\"@type\":\"EntryPoint\",\"urlTemplate\":\"https:\/\/chiro2024.thewire.dev\/fr\/?s={search_term_string}\"},\"query-input\":\"required name=search_term_string\"}],\"inLanguage\":\"fr-FR\"},{\"@type\":\"Organization\",\"@id\":\"https:\/\/chiro2024.thewire.dev\/fr\/#organization\",\"name\":\"Association chiropratique canadienne\",\"url\":\"https:\/\/chiro2024.thewire.dev\/fr\/\",\"logo\":{\"@type\":\"ImageObject\",\"inLanguage\":\"fr-FR\",\"@id\":\"https:\/\/chiro2024.thewire.dev\/fr\/#\/schema\/logo\/image\/\",\"url\":\"https:\/\/chiro2024.thewire.dev\/wp-content\/uploads\/2022\/08\/cca-logo.svg\",\"contentUrl\":\"https:\/\/chiro2024.thewire.dev\/wp-content\/uploads\/2022\/08\/cca-logo.svg\",\"caption\":\"Association chiropratique canadienne\"},\"image\":{\"@id\":\"https:\/\/chiro2024.thewire.dev\/fr\/#\/schema\/logo\/image\/\"}}]}<\/script>\n<!-- \/ Yoast SEO plugin. -->","yoast_head_json":{"title":"Association chiropratique canadienne","description":"Combien d\u2019heures par jour passez-vous assis? \u00c0 lire, \u00e0 l\u2019ordinateur, en voiture, devant la t\u00e9l\u00e9vision\u2026 Ces heures s\u2019accumulent vite et peuvent causer des","robots":{"index":"noindex","follow":"follow","max-snippet":"max-snippet:-1","max-image-preview":"max-image-preview:large","max-video-preview":"max-video-preview:-1"},"og_locale":"fr_FR","og_type":"article","og_title":"Allez bougez Canada - Association chiropratique canadienne","og_description":"Combien d\u2019heures par jour passez-vous assis? \u00c0 lire, \u00e0 l\u2019ordinateur, en voiture, devant la t\u00e9l\u00e9vision\u2026 Ces heures s\u2019accumulent vite et peuvent causer des","og_url":"https:\/\/chiro2024.thewire.dev\/fr\/lappli-allez-bougez-canada\/","og_site_name":"Association chiropratique canadienne","article_modified_time":"2023-07-25T19:26:28+00:00","og_image":[{"width":2560,"height":1708,"url":"https:\/\/chiro2024.thewire.dev\/wp-content\/uploads\/2022\/11\/SUP-app-scaled.jpg","type":"image\/jpeg"}],"twitter_card":"summary_large_image","twitter_misc":{"Dur\u00e9e de lecture estim\u00e9e":"3 minutes"},"schema":{"@context":"https:\/\/schema.org","@graph":[{"@type":"WebPage","@id":"https:\/\/chiro2024.thewire.dev\/fr\/lappli-allez-bougez-canada\/","url":"https:\/\/chiro2024.thewire.dev\/fr\/lappli-allez-bougez-canada\/","name":"Allez bougez Canada - Association chiropratique canadienne","isPartOf":{"@id":"https:\/\/chiro2024.thewire.dev\/fr\/#website"},"primaryImageOfPage":{"@id":"https:\/\/chiro2024.thewire.dev\/fr\/lappli-allez-bougez-canada\/#primaryimage"},"image":{"@id":"https:\/\/chiro2024.thewire.dev\/fr\/lappli-allez-bougez-canada\/#primaryimage"},"thumbnailUrl":"https:\/\/chiro2024.thewire.dev\/wp-content\/uploads\/2022\/11\/SUP-app-scaled.jpg","datePublished":"2022-08-31T13:19:21+00:00","dateModified":"2023-07-25T19:26:28+00:00","description":"Combien d\u2019heures par jour passez-vous assis? \u00c0 lire, \u00e0 l\u2019ordinateur, en voiture, devant la t\u00e9l\u00e9vision\u2026 Ces heures s\u2019accumulent vite et peuvent causer des","breadcrumb":{"@id":"https:\/\/chiro2024.thewire.dev\/fr\/lappli-allez-bougez-canada\/#breadcrumb"},"inLanguage":"fr-FR","potentialAction":[{"@type":"ReadAction","target":["https:\/\/chiro2024.thewire.dev\/fr\/lappli-allez-bougez-canada\/"]}]},{"@type":"ImageObject","inLanguage":"fr-FR","@id":"https:\/\/chiro2024.thewire.dev\/fr\/lappli-allez-bougez-canada\/#primaryimage","url":"https:\/\/chiro2024.thewire.dev\/wp-content\/uploads\/2022\/11\/SUP-app-scaled.jpg","contentUrl":"https:\/\/chiro2024.thewire.dev\/wp-content\/uploads\/2022\/11\/SUP-app-scaled.jpg","width":2560,"height":1708,"caption":"African american man sitting outdoors before his training. He is holding mobile phone and looking at it."},{"@type":"BreadcrumbList","@id":"https:\/\/chiro2024.thewire.dev\/fr\/lappli-allez-bougez-canada\/#breadcrumb","itemListElement":[{"@type":"ListItem","position":1,"name":"Home","item":"https:\/\/chiro2024.thewire.dev\/fr\/"},{"@type":"ListItem","position":2,"name":"Allez bougez Canada"}]},{"@type":"WebSite","@id":"https:\/\/chiro2024.thewire.dev\/fr\/#website","url":"https:\/\/chiro2024.thewire.dev\/fr\/","name":"Association chiropratique canadienne","description":"Chiropractors helping Canadians live healthier lives","publisher":{"@id":"https:\/\/chiro2024.thewire.dev\/fr\/#organization"},"potentialAction":[{"@type":"SearchAction","target":{"@type":"EntryPoint","urlTemplate":"https:\/\/chiro2024.thewire.dev\/fr\/?s={search_term_string}"},"query-input":"required name=search_term_string"}],"inLanguage":"fr-FR"},{"@type":"Organization","@id":"https:\/\/chiro2024.thewire.dev\/fr\/#organization","name":"Association chiropratique canadienne","url":"https:\/\/chiro2024.thewire.dev\/fr\/","logo":{"@type":"ImageObject","inLanguage":"fr-FR","@id":"https:\/\/chiro2024.thewire.dev\/fr\/#\/schema\/logo\/image\/","url":"https:\/\/chiro2024.thewire.dev\/wp-content\/uploads\/2022\/08\/cca-logo.svg","contentUrl":"https:\/\/chiro2024.thewire.dev\/wp-content\/uploads\/2022\/08\/cca-logo.svg","caption":"Association chiropratique canadienne"},"image":{"@id":"https:\/\/chiro2024.thewire.dev\/fr\/#\/schema\/logo\/image\/"}}]}},"_links":{"self":[{"href":"https:\/\/chiro2024.thewire.dev\/fr\/wp-json\/wp\/v2\/pages\/70019"}],"collection":[{"href":"https:\/\/chiro2024.thewire.dev\/fr\/wp-json\/wp\/v2\/pages"}],"about":[{"href":"https:\/\/chiro2024.thewire.dev\/fr\/wp-json\/wp\/v2\/types\/page"}],"author":[{"embeddable":true,"href":"https:\/\/chiro2024.thewire.dev\/fr\/wp-json\/wp\/v2\/users\/9"}],"replies":[{"embeddable":true,"href":"https:\/\/chiro2024.thewire.dev\/fr\/wp-json\/wp\/v2\/comments?post=70019"}],"version-history":[{"count":4,"href":"https:\/\/chiro2024.thewire.dev\/fr\/wp-json\/wp\/v2\/pages\/70019\/revisions"}],"predecessor-version":[{"id":72856,"href":"https:\/\/chiro2024.thewire.dev\/fr\/wp-json\/wp\/v2\/pages\/70019\/revisions\/72856"}],"wp:featuredmedia":[{"embeddable":true,"href":"https:\/\/chiro2024.thewire.dev\/fr\/wp-json\/wp\/v2\/media\/69364"}],"wp:attachment":[{"href":"https:\/\/chiro2024.thewire.dev\/fr\/wp-json\/wp\/v2\/media?parent=70019"}],"wp:term":[{"taxonomy":"page_category","embeddable":true,"href":"https:\/\/chiro2024.thewire.dev\/fr\/wp-json\/wp\/v2\/page_category?post=70019"}],"curies":[{"name":"wp","href":"https:\/\/api.w.org\/{rel}","templated":true}]}}