{"id":69860,"date":"2013-12-03T18:33:12","date_gmt":"2013-12-03T23:33:12","guid":{"rendered":"https:\/\/chiropractic.ca\/partenariats-interprofessionnels\/"},"modified":"2022-11-07T16:59:18","modified_gmt":"2022-11-07T21:59:18","slug":"partenariats-interprofessionnels","status":"publish","type":"page","link":"https:\/\/chiro2024.thewire.dev\/fr\/partenariats-interprofessionnels\/","title":{"rendered":"Partenariats interprofessionnels"},"content":{"rendered":"<header class=\"hero hero-large alignfull\"><div class=\"ct-container\"><figure class=\"animated fadeIn\"><div class=\"ct-media-container\"><img decoding=\"async\" width=\"2560\" height=\"1638\" src=\"https:\/\/chiro2024.thewire.dev\/wp-content\/uploads\/2022\/11\/partnering-scaled.jpg\" class=\"attachment-full size-full\" alt=\"Healthcare professionals during a meeting at the hospital - High angle view\" srcset=\"https:\/\/chiro2024.thewire.dev\/wp-content\/uploads\/2022\/11\/partnering-scaled.jpg 2560w, https:\/\/chiro2024.thewire.dev\/wp-content\/uploads\/2022\/11\/partnering-400x256.jpg 400w, https:\/\/chiro2024.thewire.dev\/wp-content\/uploads\/2022\/11\/partnering-1024x655.jpg 1024w, https:\/\/chiro2024.thewire.dev\/wp-content\/uploads\/2022\/11\/partnering-768x491.jpg 768w, https:\/\/chiro2024.thewire.dev\/wp-content\/uploads\/2022\/11\/partnering-1536x983.jpg 1536w, https:\/\/chiro2024.thewire.dev\/wp-content\/uploads\/2022\/11\/partnering-2048x1310.jpg 2048w\" sizes=\"(max-width: 2560px) 100vw, 2560px\" style=\"aspect-ratio: 16\/9;\" \/><\/div><\/figure><div class=\"wp-block-columns is-not-stacked-on-mobile\"><div class=\"wp-block-column\" style=\"flex-basis: 55%;\"><h1 class=\"animated fadeIn\">Partenariats interprofessionnels<\/h1><\/div><div class=\"wp-block-column\"><\/div><\/div><\/div><div class=\"shape-divider-bottom\">\n\t\t\t\t<svg xmlns=\"http:\/\/www.w3.org\/2000\/svg\" viewBox=\"0 0 2419.94 122.9\"><path id=\"Path_240\" class=\"cls-1\" d=\"M0,49.78C124.41-31.69,584.23,5.21,823.77,32.17c239.54,26.96,751.95,124.97,1269.64,17.61,58.43-12.12,280.19-83,319.61-18.2,7.57,12.44,9.72,32.23,2.36,48.08-21.49,46.26-117.05,43.59-150,43-136.67-2.44-1027.9-1.62-2262-1L0,49.78Z\"\/><\/svg>\n\t\t\t\t<\/div><\/header><div class=\"is-style-lead-text\" aria-hidden=\"true\" content-device=\"mobile\"><\/div>\n<div class=\"wp-block-columns is-layout-flex wp-container-core-columns-is-layout-1 wp-block-columns-is-layout-flex\">\n<div class=\"wp-block-column is-layout-flow wp-block-column-is-layout-flow\">\n<p class=\"has-palette-color-1-color has-text-color has-wpc-large-font-size\" style=\"font-style:normal;font-weight:700\">La collaboration avec d\u2019autres professionnels de la sant\u00e9 peut am\u00e9liorer l\u2019acc\u00e8s, la prestation et le suivi des soins aux patients. L\u2019\u00e9limination des obstacles aux soins gr\u00e2ce \u00e0 la collaboration assure aux patients les bons soins, au bon moment, prodigu\u00e9s par le bon professionnel. Le milieu de la sant\u00e9 est en pleine \u00e9volution; les chiropraticiens travaillent fr\u00e9quemment dans des cadres interprofessionnels comme membres d\u2019une \u00e9quipe de soins. En fait, on retrouve des chiropraticiens en milieu hospitalier, au sein d\u2019\u00e9quipes de sant\u00e9 familiale, dans des centres de sant\u00e9 publique et dans des cliniques priv\u00e9es int\u00e9gr\u00e9es.<\/p>\n<\/div>\n\n\n\n<div class=\"wp-block-column is-layout-flow wp-block-column-is-layout-flow\">\n<p>Les \u00e9quipes qui r\u00e9unissent divers professionnels de la sant\u00e9 peuvent am\u00e9liorer la qualit\u00e9 et la s\u00e9curit\u00e9 des soins aux patients tout en r\u00e9duisant la charge de travail de chacun. Les chiropraticiens travaillent en compl\u00e9mentarit\u00e9 avec d\u2019autres professionnels : m\u00e9decins, ergoth\u00e9rapeutes, physioth\u00e9rapeutes, naturopathes, travailleurs sociaux, psychologues, infirmi\u00e8res, di\u00e9t\u00e9tistes, etc. Ce genre de partenariat interprofessionnel favorise la cr\u00e9ation de solides r\u00e9seaux de ressources qui, \u00e0 long terme, profitent aux patients.<\/p>\n\n\n\n<p>Chaque discipline de la sant\u00e9 apporte un point de vue unique \u00e0 l\u2019\u00e9quipe de soins et peut contribuer \u00e0 am\u00e9liorer l\u2019exp\u00e9rience-patient. En cherchant ensemble des solutions \u00e0 des affections chroniques ou complexes, les professionnels peuvent mieux r\u00e9pondre aux besoins physiques, psychologiques et sociaux des patients et assurer une meilleure coordination des soins. En optimisant les soins par un r\u00e9seau de consultations ou des \u00e9quipes de collaborateurs, les praticiens contribuent \u00e0 all\u00e9ger le fardeau que constituent les probl\u00e8mes chroniques et les comorbidit\u00e9s.<\/p>\n<\/div>\n<\/div>\n\n<div style=\"height:100px\" aria-hidden=\"true\" class=\"wp-block-spacer is-style-responsive-small\"><\/div>\n\n<hr class=\"wp-block-separator has-text-color has-palette-color-10-color has-alpha-channel-opacity has-palette-color-10-background-color has-background is-style-wide\"\/>\n\n<h2 class=\"wp-block-heading\">Chiropraticiens et m\u00e9decins : compl\u00e9mentaires<\/h2>\n\n<div class=\"wp-block-columns is-layout-flex wp-container-core-columns-is-layout-2 wp-block-columns-is-layout-flex\">\n<div class=\"wp-block-column is-layout-flow wp-block-column-is-layout-flow\">\n<p class=\"has-palette-color-1-color has-text-color has-wpc-large-font-size\" style=\"font-style:normal;font-weight:700\">Les patients b\u00e9n\u00e9ficient grandement de la collaboration entre m\u00e9decins et chiropraticiens, qu\u2019il s\u2019agisse de soins prodigu\u00e9s en partenariat ou d\u2019une demande de consultation de la part d\u2019un m\u00e9decin convaincu que l\u2019expertise en sant\u00e9 de la colonne vert\u00e9brale, des muscles et du syst\u00e8me nerveux des chiropraticiens aidera son patient.<\/p>\n<\/div>\n\n\n\n<div class=\"wp-block-column is-layout-flow wp-block-column-is-layout-flow\">\n<p>Les m\u00e9decins poss\u00e8dent une grande exp\u00e9rience des troubles syst\u00e9miques et visc\u00e9raux, alors que les chiropraticiens poss\u00e8dent une solide connaissance de l\u2019\u00e9valuation, du diagnostic et du traitement conservateur des troubles musculosquelettiques.<\/p>\n\n\n\n<p>La collaboration interprofessionnelle favorise des soins efficaces centr\u00e9s sur le patient. Les chiropraticiens sont form\u00e9s pour \u00e9changer avec les autres professionnels de la sant\u00e9, notamment les m\u00e9decins, sur les besoins des patients. De plus, leur formation th\u00e9orique et clinique intensive leur permet de d\u00e9terminer quand un patient doit retourner voir son m\u00e9decin de famille ou un autre prestataire de soins. Les chiropraticiens ont toute la comp\u00e9tence n\u00e9cessaire pour orienter vers un autre professionnel un patient qui pr\u00e9sente des probl\u00e8mes non musculosquelettiques et pour savoir quand la th\u00e9rapie manuelle est contre-indiqu\u00e9e.<\/p>\n<\/div>\n<\/div>\n\n<div style=\"height:100px\" aria-hidden=\"true\" class=\"wp-block-spacer is-style-responsive-small\"><\/div>\n\n<hr class=\"wp-block-separator has-text-color has-palette-color-10-color has-alpha-channel-opacity has-palette-color-10-background-color has-background is-style-wide\"\/>\n\n<h2 class=\"wp-block-heading\">Demande de consultation en chiropratique<\/h2>\n\n<div class=\"wp-block-columns is-layout-flex wp-container-core-columns-is-layout-3 wp-block-columns-is-layout-flex\">\n<div class=\"wp-block-column is-layout-flow wp-block-column-is-layout-flow\">\n<p class=\"has-palette-color-1-color has-text-color has-wpc-large-font-size\" style=\"font-style:normal;font-weight:700\">Bien qu\u2019une demande de consultation ne soit pas n\u00e9cessaire, il est courant que des professionnels de la sant\u00e9 orientent leurs patients vers des chiropraticiens, et vice-versa. Une plus grande collaboration interprofessionnelle am\u00e9liore les soins aux patients<\/p>\n<\/div>\n\n\n\n<div class=\"wp-block-column is-layout-flow wp-block-column-is-layout-flow\">\n<p>Les consultations interprofessionnelles favorisent l\u2019\u00e9tablissement de r\u00e9seaux de prestataires de soins de sant\u00e9 pour les patients. Les chiropraticiens vers qui l\u2019on dirige des patients r\u00e9pondent habituellement par une note et, sur demande, un rapport d\u2019\u00e9volution du traitement. Les demandes de consultation sont simples et rapides et assurent aux patients les meilleurs soins possibles.<\/p>\n<\/div>\n<\/div>\n\n<p><\/p>\n","protected":false},"excerpt":{"rendered":"<p>La collaboration avec d\u2019autres professionnels de la sant\u00e9 peut am\u00e9liorer l\u2019acc\u00e8s, la prestation et le suivi des soins aux patients. L\u2019\u00e9limination des obstacles aux soins gr\u00e2ce \u00e0 la collaboration assure aux patients les bons soins, au bon moment, prodigu\u00e9s par le bon professionnel. Le milieu de la sant\u00e9 est en pleine \u00e9volution; les chiropraticiens travaillent [&hellip;]<\/p>\n","protected":false},"author":9,"featured_media":69362,"parent":0,"menu_order":63,"comment_status":"closed","ping_status":"closed","template":"","meta":{"_acf_changed":false,"_relevanssi_hide_post":"","_relevanssi_hide_content":"","_relevanssi_pin_for_all":"","_relevanssi_pin_keywords":"","_relevanssi_unpin_keywords":"","_relevanssi_related_keywords":"","_relevanssi_related_include_ids":"","_relevanssi_related_exclude_ids":"","_relevanssi_related_no_append":"","_relevanssi_related_not_related":"","_relevanssi_related_posts":"","_relevanssi_noindex_reason":"","footnotes":""},"page_category":[],"blocksy_meta":{"styles_descriptor":{"styles":{"desktop":"","tablet":"","mobile":""},"google_fonts":[],"version":6}},"acf":[],"yoast_head":"<!-- This site is optimized with the Yoast SEO plugin v22.8 - https:\/\/yoast.com\/wordpress\/plugins\/seo\/ -->\n<title>Association chiropratique canadienne<\/title>\n<meta name=\"description\" content=\"Les chiropraticiens qui s&#039;associent \u00e0 d&#039;autres prestataires de soins de sant\u00e9 peuvent am\u00e9liorer l&#039;accessibilit\u00e9, la prestation et la continuit\u00e9 des soins aux patients.\" \/>\n<meta name=\"robots\" content=\"noindex, follow, max-snippet:-1, max-image-preview:large, max-video-preview:-1\" \/>\n<meta property=\"og:locale\" content=\"fr_FR\" \/>\n<meta property=\"og:type\" content=\"article\" \/>\n<meta property=\"og:title\" content=\"Partenariats interprofessionnels - Association chiropratique canadienne\" \/>\n<meta property=\"og:description\" content=\"Les chiropraticiens qui s&#039;associent \u00e0 d&#039;autres prestataires de soins de sant\u00e9 peuvent am\u00e9liorer l&#039;accessibilit\u00e9, la prestation et la continuit\u00e9 des soins aux patients.\" \/>\n<meta property=\"og:url\" content=\"https:\/\/chiro2024.thewire.dev\/fr\/partenariats-interprofessionnels\/\" \/>\n<meta property=\"og:site_name\" content=\"Association chiropratique canadienne\" \/>\n<meta property=\"article:modified_time\" content=\"2022-11-07T21:59:18+00:00\" \/>\n<meta property=\"og:image\" content=\"https:\/\/chiro2024.thewire.dev\/wp-content\/uploads\/2022\/11\/partnering-scaled.jpg\" \/>\n\t<meta property=\"og:image:width\" content=\"2560\" \/>\n\t<meta property=\"og:image:height\" content=\"1638\" \/>\n\t<meta property=\"og:image:type\" content=\"image\/jpeg\" \/>\n<meta name=\"twitter:card\" content=\"summary_large_image\" \/>\n<meta name=\"twitter:label1\" content=\"Dur\u00e9e de lecture estim\u00e9e\" \/>\n\t<meta name=\"twitter:data1\" content=\"3 minutes\" \/>\n<script type=\"application\/ld+json\" class=\"yoast-schema-graph\">{\"@context\":\"https:\/\/schema.org\",\"@graph\":[{\"@type\":\"WebPage\",\"@id\":\"https:\/\/chiro2024.thewire.dev\/fr\/partenariats-interprofessionnels\/\",\"url\":\"https:\/\/chiro2024.thewire.dev\/fr\/partenariats-interprofessionnels\/\",\"name\":\"Partenariats interprofessionnels - Association chiropratique canadienne\",\"isPartOf\":{\"@id\":\"https:\/\/chiro2024.thewire.dev\/fr\/#website\"},\"primaryImageOfPage\":{\"@id\":\"https:\/\/chiro2024.thewire.dev\/fr\/partenariats-interprofessionnels\/#primaryimage\"},\"image\":{\"@id\":\"https:\/\/chiro2024.thewire.dev\/fr\/partenariats-interprofessionnels\/#primaryimage\"},\"thumbnailUrl\":\"https:\/\/chiro2024.thewire.dev\/wp-content\/uploads\/2022\/11\/partnering-scaled.jpg\",\"datePublished\":\"2013-12-03T23:33:12+00:00\",\"dateModified\":\"2022-11-07T21:59:18+00:00\",\"description\":\"Les chiropraticiens qui s'associent \u00e0 d'autres prestataires de soins de sant\u00e9 peuvent am\u00e9liorer l'accessibilit\u00e9, la prestation et la continuit\u00e9 des soins aux patients.\",\"breadcrumb\":{\"@id\":\"https:\/\/chiro2024.thewire.dev\/fr\/partenariats-interprofessionnels\/#breadcrumb\"},\"inLanguage\":\"fr-FR\",\"potentialAction\":[{\"@type\":\"ReadAction\",\"target\":[\"https:\/\/chiro2024.thewire.dev\/fr\/partenariats-interprofessionnels\/\"]}]},{\"@type\":\"ImageObject\",\"inLanguage\":\"fr-FR\",\"@id\":\"https:\/\/chiro2024.thewire.dev\/fr\/partenariats-interprofessionnels\/#primaryimage\",\"url\":\"https:\/\/chiro2024.thewire.dev\/wp-content\/uploads\/2022\/11\/partnering-scaled.jpg\",\"contentUrl\":\"https:\/\/chiro2024.thewire.dev\/wp-content\/uploads\/2022\/11\/partnering-scaled.jpg\",\"width\":2560,\"height\":1638,\"caption\":\"Healthcare professionals during a meeting at the hospital - High angle view\"},{\"@type\":\"BreadcrumbList\",\"@id\":\"https:\/\/chiro2024.thewire.dev\/fr\/partenariats-interprofessionnels\/#breadcrumb\",\"itemListElement\":[{\"@type\":\"ListItem\",\"position\":1,\"name\":\"Home\",\"item\":\"https:\/\/chiro2024.thewire.dev\/fr\/\"},{\"@type\":\"ListItem\",\"position\":2,\"name\":\"Partenariats interprofessionnels\"}]},{\"@type\":\"WebSite\",\"@id\":\"https:\/\/chiro2024.thewire.dev\/fr\/#website\",\"url\":\"https:\/\/chiro2024.thewire.dev\/fr\/\",\"name\":\"Association chiropratique canadienne\",\"description\":\"Chiropractors helping Canadians live healthier lives\",\"publisher\":{\"@id\":\"https:\/\/chiro2024.thewire.dev\/fr\/#organization\"},\"potentialAction\":[{\"@type\":\"SearchAction\",\"target\":{\"@type\":\"EntryPoint\",\"urlTemplate\":\"https:\/\/chiro2024.thewire.dev\/fr\/?s={search_term_string}\"},\"query-input\":\"required name=search_term_string\"}],\"inLanguage\":\"fr-FR\"},{\"@type\":\"Organization\",\"@id\":\"https:\/\/chiro2024.thewire.dev\/fr\/#organization\",\"name\":\"Association chiropratique canadienne\",\"url\":\"https:\/\/chiro2024.thewire.dev\/fr\/\",\"logo\":{\"@type\":\"ImageObject\",\"inLanguage\":\"fr-FR\",\"@id\":\"https:\/\/chiro2024.thewire.dev\/fr\/#\/schema\/logo\/image\/\",\"url\":\"https:\/\/chiro2024.thewire.dev\/wp-content\/uploads\/2022\/08\/cca-logo.svg\",\"contentUrl\":\"https:\/\/chiro2024.thewire.dev\/wp-content\/uploads\/2022\/08\/cca-logo.svg\",\"caption\":\"Association chiropratique canadienne\"},\"image\":{\"@id\":\"https:\/\/chiro2024.thewire.dev\/fr\/#\/schema\/logo\/image\/\"}}]}<\/script>\n<!-- \/ Yoast SEO plugin. -->","yoast_head_json":{"title":"Association chiropratique canadienne","description":"Les chiropraticiens qui s'associent \u00e0 d'autres prestataires de soins de sant\u00e9 peuvent am\u00e9liorer l'accessibilit\u00e9, la prestation et la continuit\u00e9 des soins aux patients.","robots":{"index":"noindex","follow":"follow","max-snippet":"max-snippet:-1","max-image-preview":"max-image-preview:large","max-video-preview":"max-video-preview:-1"},"og_locale":"fr_FR","og_type":"article","og_title":"Partenariats interprofessionnels - Association chiropratique canadienne","og_description":"Les chiropraticiens qui s'associent \u00e0 d'autres prestataires de soins de sant\u00e9 peuvent am\u00e9liorer l'accessibilit\u00e9, la prestation et la continuit\u00e9 des soins aux patients.","og_url":"https:\/\/chiro2024.thewire.dev\/fr\/partenariats-interprofessionnels\/","og_site_name":"Association chiropratique canadienne","article_modified_time":"2022-11-07T21:59:18+00:00","og_image":[{"width":2560,"height":1638,"url":"https:\/\/chiro2024.thewire.dev\/wp-content\/uploads\/2022\/11\/partnering-scaled.jpg","type":"image\/jpeg"}],"twitter_card":"summary_large_image","twitter_misc":{"Dur\u00e9e de lecture estim\u00e9e":"3 minutes"},"schema":{"@context":"https:\/\/schema.org","@graph":[{"@type":"WebPage","@id":"https:\/\/chiro2024.thewire.dev\/fr\/partenariats-interprofessionnels\/","url":"https:\/\/chiro2024.thewire.dev\/fr\/partenariats-interprofessionnels\/","name":"Partenariats interprofessionnels - Association chiropratique canadienne","isPartOf":{"@id":"https:\/\/chiro2024.thewire.dev\/fr\/#website"},"primaryImageOfPage":{"@id":"https:\/\/chiro2024.thewire.dev\/fr\/partenariats-interprofessionnels\/#primaryimage"},"image":{"@id":"https:\/\/chiro2024.thewire.dev\/fr\/partenariats-interprofessionnels\/#primaryimage"},"thumbnailUrl":"https:\/\/chiro2024.thewire.dev\/wp-content\/uploads\/2022\/11\/partnering-scaled.jpg","datePublished":"2013-12-03T23:33:12+00:00","dateModified":"2022-11-07T21:59:18+00:00","description":"Les chiropraticiens qui s'associent \u00e0 d'autres prestataires de soins de sant\u00e9 peuvent am\u00e9liorer l'accessibilit\u00e9, la prestation et la continuit\u00e9 des soins aux patients.","breadcrumb":{"@id":"https:\/\/chiro2024.thewire.dev\/fr\/partenariats-interprofessionnels\/#breadcrumb"},"inLanguage":"fr-FR","potentialAction":[{"@type":"ReadAction","target":["https:\/\/chiro2024.thewire.dev\/fr\/partenariats-interprofessionnels\/"]}]},{"@type":"ImageObject","inLanguage":"fr-FR","@id":"https:\/\/chiro2024.thewire.dev\/fr\/partenariats-interprofessionnels\/#primaryimage","url":"https:\/\/chiro2024.thewire.dev\/wp-content\/uploads\/2022\/11\/partnering-scaled.jpg","contentUrl":"https:\/\/chiro2024.thewire.dev\/wp-content\/uploads\/2022\/11\/partnering-scaled.jpg","width":2560,"height":1638,"caption":"Healthcare professionals during a meeting at the hospital - High angle view"},{"@type":"BreadcrumbList","@id":"https:\/\/chiro2024.thewire.dev\/fr\/partenariats-interprofessionnels\/#breadcrumb","itemListElement":[{"@type":"ListItem","position":1,"name":"Home","item":"https:\/\/chiro2024.thewire.dev\/fr\/"},{"@type":"ListItem","position":2,"name":"Partenariats interprofessionnels"}]},{"@type":"WebSite","@id":"https:\/\/chiro2024.thewire.dev\/fr\/#website","url":"https:\/\/chiro2024.thewire.dev\/fr\/","name":"Association chiropratique canadienne","description":"Chiropractors helping Canadians live healthier lives","publisher":{"@id":"https:\/\/chiro2024.thewire.dev\/fr\/#organization"},"potentialAction":[{"@type":"SearchAction","target":{"@type":"EntryPoint","urlTemplate":"https:\/\/chiro2024.thewire.dev\/fr\/?s={search_term_string}"},"query-input":"required name=search_term_string"}],"inLanguage":"fr-FR"},{"@type":"Organization","@id":"https:\/\/chiro2024.thewire.dev\/fr\/#organization","name":"Association chiropratique canadienne","url":"https:\/\/chiro2024.thewire.dev\/fr\/","logo":{"@type":"ImageObject","inLanguage":"fr-FR","@id":"https:\/\/chiro2024.thewire.dev\/fr\/#\/schema\/logo\/image\/","url":"https:\/\/chiro2024.thewire.dev\/wp-content\/uploads\/2022\/08\/cca-logo.svg","contentUrl":"https:\/\/chiro2024.thewire.dev\/wp-content\/uploads\/2022\/08\/cca-logo.svg","caption":"Association chiropratique canadienne"},"image":{"@id":"https:\/\/chiro2024.thewire.dev\/fr\/#\/schema\/logo\/image\/"}}]}},"_links":{"self":[{"href":"https:\/\/chiro2024.thewire.dev\/fr\/wp-json\/wp\/v2\/pages\/69860"}],"collection":[{"href":"https:\/\/chiro2024.thewire.dev\/fr\/wp-json\/wp\/v2\/pages"}],"about":[{"href":"https:\/\/chiro2024.thewire.dev\/fr\/wp-json\/wp\/v2\/types\/page"}],"author":[{"embeddable":true,"href":"https:\/\/chiro2024.thewire.dev\/fr\/wp-json\/wp\/v2\/users\/9"}],"replies":[{"embeddable":true,"href":"https:\/\/chiro2024.thewire.dev\/fr\/wp-json\/wp\/v2\/comments?post=69860"}],"version-history":[{"count":1,"href":"https:\/\/chiro2024.thewire.dev\/fr\/wp-json\/wp\/v2\/pages\/69860\/revisions"}],"predecessor-version":[{"id":69861,"href":"https:\/\/chiro2024.thewire.dev\/fr\/wp-json\/wp\/v2\/pages\/69860\/revisions\/69861"}],"wp:featuredmedia":[{"embeddable":true,"href":"https:\/\/chiro2024.thewire.dev\/fr\/wp-json\/wp\/v2\/media\/69362"}],"wp:attachment":[{"href":"https:\/\/chiro2024.thewire.dev\/fr\/wp-json\/wp\/v2\/media?parent=69860"}],"wp:term":[{"taxonomy":"page_category","embeddable":true,"href":"https:\/\/chiro2024.thewire.dev\/fr\/wp-json\/wp\/v2\/page_category?post=69860"}],"curies":[{"name":"wp","href":"https:\/\/api.w.org\/{rel}","templated":true}]}}