{"id":69828,"date":"2022-08-29T14:58:17","date_gmt":"2022-08-29T18:58:17","guid":{"rendered":"https:\/\/chiropractic.ca\/quest-ce-que-la-chiropratique\/"},"modified":"2024-01-26T14:30:09","modified_gmt":"2024-01-26T19:30:09","slug":"quest-ce-que-la-chiropratique","status":"publish","type":"page","link":"https:\/\/chiro2024.thewire.dev\/fr\/quest-ce-que-la-chiropratique\/","title":{"rendered":"Qu\u2019est-ce que la chiropratique?"},"content":{"rendered":"<header class=\"hero hero-large alignfull\"><div class=\"ct-container\"><figure class=\"animated fadeIn\"><div class=\"ct-media-container\"><img decoding=\"async\" width=\"2048\" height=\"1152\" src=\"https:\/\/chiro2024.thewire.dev\/wp-content\/uploads\/2022\/10\/cca-chiropractor-with-female-patient.jpg\" class=\"attachment-full size-full\" alt=\"Chiropractor palpating\" srcset=\"https:\/\/chiro2024.thewire.dev\/wp-content\/uploads\/2022\/10\/cca-chiropractor-with-female-patient.jpg 2048w, https:\/\/chiro2024.thewire.dev\/wp-content\/uploads\/2022\/10\/cca-chiropractor-with-female-patient-400x225.jpg 400w, https:\/\/chiro2024.thewire.dev\/wp-content\/uploads\/2022\/10\/cca-chiropractor-with-female-patient-1024x576.jpg 1024w, https:\/\/chiro2024.thewire.dev\/wp-content\/uploads\/2022\/10\/cca-chiropractor-with-female-patient-768x432.jpg 768w, https:\/\/chiro2024.thewire.dev\/wp-content\/uploads\/2022\/10\/cca-chiropractor-with-female-patient-1536x864.jpg 1536w\" sizes=\"(max-width: 2048px) 100vw, 2048px\" style=\"aspect-ratio: 16\/9;\" \/><\/div><\/figure><div class=\"wp-block-columns is-not-stacked-on-mobile\"><div class=\"wp-block-column\" style=\"flex-basis: 55%;\"><h1 class=\"animated fadeIn\">Qu\u2019est-ce que la chiropratique?<\/h1><div class=\"is-style-lead-text\" content-device=\"desktop\"><p>La chiropratique est un traitement manuel, non invasif et sans m\u00e9dicaments qui aide \u00e0 soulager la douleur de mani\u00e8re efficace et s\u00e9curitaire et \u00e0 am\u00e9liorer l\u2019ensemble des fonctions du corps. Elle peut prendre plusieurs formes, des techniques d\u2019ajustement manuelles \u00e0 la th\u00e9rapie des tissus mous, selon vos besoins.<\/p>\n<\/div><\/div><div class=\"wp-block-column\"><\/div><\/div><\/div><div class=\"shape-divider-bottom\">\n\t\t\t\t<svg xmlns=\"http:\/\/www.w3.org\/2000\/svg\" viewBox=\"0 0 2419.94 122.9\"><path id=\"Path_240\" class=\"cls-1\" d=\"M0,49.78C124.41-31.69,584.23,5.21,823.77,32.17c239.54,26.96,751.95,124.97,1269.64,17.61,58.43-12.12,280.19-83,319.61-18.2,7.57,12.44,9.72,32.23,2.36,48.08-21.49,46.26-117.05,43.59-150,43-136.67-2.44-1027.9-1.62-2262-1L0,49.78Z\"\/><\/svg>\n\t\t\t\t<\/div><\/header><div class=\"is-style-lead-text\" aria-hidden=\"true\" content-device=\"mobile\"><p>La chiropratique est un traitement manuel, non invasif et sans m\u00e9dicaments qui aide \u00e0 soulager la douleur de mani\u00e8re efficace et s\u00e9curitaire et \u00e0 am\u00e9liorer l\u2019ensemble des fonctions du corps. Elle peut prendre plusieurs formes, des techniques d\u2019ajustement manuelles \u00e0 la th\u00e9rapie des tissus mous, selon vos besoins.<\/p>\n<\/div>\n\n\n<div class=\"wp-block-columns is-layout-flex wp-container-core-columns-is-layout-1 wp-block-columns-is-layout-flex\">\n<div class=\"wp-block-column is-layout-flow wp-block-column-is-layout-flow\" style=\"flex-basis:66.66%\">\n<h2 class=\"wp-block-heading\">Que font les chiropraticiens?<\/h2>\n\n\n\n<p>Les chiropraticiens aident \u00e0 soulager la douleur des Canadiens et leur permettent de mener la vie active qu\u2019ils souhaitent, sans douleur. Ces professionnels traitent entre autres les douleurs au cou et au dos, l\u2019arthrite, certains types de maux de t\u00eate et les blessures. Ce sont des experts de la colonne vert\u00e9brale, des muscles et du syst\u00e8me nerveux qui \u00e9valuent, diagnostiquent, traitent et \u00e9laborent des plans de soins pour vous permettre de rester en mouvement et sans douleur.<\/p>\n\n\n\n<p>Les chiropraticiens se concentrent sur le syst\u00e8me musculosquelettique et traitent les os, muscles, tissus mous et articulations que vous utilisez au quotidien. Le syst\u00e8me musculosquelettique soutient le poids de votre corps, assure votre stabilit\u00e9 physique, vous permet de bouger et prot\u00e8ge vos organes vitaux. C\u2019est pourquoi les m\u00e9decins, les chercheurs et le milieu de la sant\u00e9 en g\u00e9n\u00e9ral font confiance \u00e0 l\u2019expertise des chiropraticiens pour \u00e9valuer, diagnostiquer et traiter les blessures et les probl\u00e8mes li\u00e9s \u00e0 la colonne vert\u00e9brale, aux muscles et au syst\u00e8me nerveux. Chaque personne qui aspire \u00e0 une sant\u00e9 et \u00e0 une qualit\u00e9 de vie optimales devrait compter un chiropraticien ou une chiropraticienne dans son \u00e9quipe de soins.<\/p>\n\n\n\n<p>Nous avons votre dos \u00e0 c\u0153ur !<\/p>\n<\/div>\n\n\n\n<div class=\"wp-block-column is-layout-flow wp-block-column-is-layout-flow\" style=\"flex-basis:33.33%\">\n<div class=\"wp-block-group is-style-callout-blue is-layout-flow wp-block-group-is-layout-flow\">\n<p>La douleur s\u2019attaque \u00e0 l\u2019ensemble de votre vie. La chiropratique s\u2019attaque \u00e0 la douleur.<\/p>\n<\/div>\n<\/div>\n<\/div>\n\n\n\n<div style=\"height:100px\" aria-hidden=\"true\" class=\"wp-block-spacer is-style-responsive-small\"><\/div>\n\n\n\n<div class=\"wp-block-columns is-layout-flex wp-container-core-columns-is-layout-2 wp-block-columns-is-layout-flex\">\n<div class=\"wp-block-column is-layout-flow wp-block-column-is-layout-flow\" style=\"flex-basis:66.66%\">\n<h2 class=\"wp-block-heading\">Pourquoi consulter un chiropraticien?<\/h2>\n\n\n\n<p>Vous voulez mener une vie saine et active. Mais le quotidien p\u00e8se sur votre colonne vert\u00e9brale, vos muscles et votre syst\u00e8me nerveux.<\/p>\n\n\n\n<h3 class=\"wp-block-heading\">Les chiropraticiens<\/h3>\n\n\n\n<ul>\n<li>diagnostiquent et traitent les causes des douleurs<\/li>\n\n\n\n<li>utilisent une approche manuelle, non invasive et sans m\u00e9dicaments<\/li>\n\n\n\n<li>r\u00e9tablissent la mobilit\u00e9 articulaire normale<\/li>\n<\/ul>\n\n\n\n<h3 class=\"wp-block-heading\">Quel genre de douleurs les chiropraticiens traitent-ils?<\/h3>\n\n\n\n<ul>\n<li>cou et dos<\/li>\n\n\n\n<li>certains types de c\u00e9phal\u00e9es et de migraines<\/li>\n\n\n\n<li>foulures et entorses<\/li>\n\n\n\n<li>arthrite<\/li>\n<\/ul>\n\n\n\n<h3 class=\"wp-block-heading\">3 avantages de consulter un chiropraticien<\/h3>\n\n\n\n<ol>\n<li>Soulager la douleur et en \u00e9viter la r\u00e9apparition<\/li>\n\n\n\n<li>Am\u00e9liorer la mobilit\u00e9 du cou, des \u00e9paules, du dos et du torse<\/li>\n\n\n\n<li>Traiter et pr\u00e9venir les blessures musculaires et articulaires<\/li>\n<\/ol>\n<\/div>\n\n\n\n<div class=\"wp-block-column is-layout-flow wp-block-column-is-layout-flow\" style=\"flex-basis:33.33%\">\n<figure class=\"wp-block-image size-large\"><img decoding=\"async\" width=\"791\" height=\"1024\" src=\"https:\/\/chiro2024.thewire.dev\/wp-content\/uploads\/2023\/06\/Why-See-A-Chiropractor_FR-791x1024.png\" alt=\"\" class=\"wp-image-72561\" srcset=\"https:\/\/chiro2024.thewire.dev\/wp-content\/uploads\/2023\/06\/Why-See-A-Chiropractor_FR-791x1024.png 791w, https:\/\/chiro2024.thewire.dev\/wp-content\/uploads\/2023\/06\/Why-See-A-Chiropractor_FR-309x400.png 309w, https:\/\/chiro2024.thewire.dev\/wp-content\/uploads\/2023\/06\/Why-See-A-Chiropractor_FR-768x994.png 768w, https:\/\/chiro2024.thewire.dev\/wp-content\/uploads\/2023\/06\/Why-See-A-Chiropractor_FR-1187x1536.png 1187w, https:\/\/chiro2024.thewire.dev\/wp-content\/uploads\/2023\/06\/Why-See-A-Chiropractor_FR-1583x2048.png 1583w, https:\/\/chiro2024.thewire.dev\/wp-content\/uploads\/2023\/06\/Why-See-A-Chiropractor_FR.png 1853w\" sizes=\"(max-width: 791px) 100vw, 791px\" \/><\/figure>\n\n\n\n<p><a href=\"https:\/\/chiro2024.thewire.dev\/wp-content\/uploads\/2023\/06\/Why-See-A-Chiropractor_FR-791x1024.png\">T\u00e9l\u00e9charger cette infographie<\/a><\/p>\n<\/div>\n<\/div>\n\n\n\n<div style=\"height:100px\" aria-hidden=\"true\" class=\"wp-block-spacer is-style-responsive-small\"><\/div>\n\n\n\n<div class=\"wp-block-columns is-layout-flex wp-container-core-columns-is-layout-3 wp-block-columns-is-layout-flex\">\n<div class=\"wp-block-column is-layout-flow wp-block-column-is-layout-flow\" style=\"flex-basis:66.66%\">\n<h2 class=\"wp-block-heading\">Un chiropraticien, est-ce que c\u2019est pour moi?<\/h2>\n\n\n\n<p>Nul besoin d\u2019une demande de consultation d\u2019un m\u00e9decin pour s\u2019adresser \u00e0 un chiropraticien. <a href=\"https:\/\/chiro2024.thewire.dev\/fr\/trouvez-un-chiropraticien\/\">Trouvez un chiropraticien pr\u00e8s de chez vous.<\/a><\/p>\n<\/div>\n\n\n\n<div class=\"wp-block-column is-layout-flow wp-block-column-is-layout-flow\" style=\"flex-basis:33.33%\"><\/div>\n<\/div>\n","protected":false},"excerpt":{"rendered":"<p>Que font les chiropraticiens? Les chiropraticiens aident \u00e0 soulager la douleur des Canadiens et leur permettent de mener la vie active qu\u2019ils souhaitent, sans douleur. Ces professionnels traitent entre autres les douleurs au cou et au dos, l\u2019arthrite, certains types de maux de t\u00eate et les blessures. Ce sont des experts de la colonne vert\u00e9brale, [&hellip;]<\/p>\n","protected":false},"author":9,"featured_media":68805,"parent":0,"menu_order":2,"comment_status":"closed","ping_status":"closed","template":"","meta":{"_acf_changed":false,"_relevanssi_hide_post":"","_relevanssi_hide_content":"","_relevanssi_pin_for_all":"","_relevanssi_pin_keywords":"","_relevanssi_unpin_keywords":"","_relevanssi_related_keywords":"","_relevanssi_related_include_ids":"","_relevanssi_related_exclude_ids":"","_relevanssi_related_no_append":"","_relevanssi_related_not_related":"","_relevanssi_related_posts":"38511,39950,45191,47813,38780,54469","_relevanssi_noindex_reason":"","footnotes":""},"page_category":[2917],"blocksy_meta":{"styles_descriptor":{"styles":{"desktop":"","tablet":"","mobile":""},"google_fonts":[],"version":6}},"acf":[],"yoast_head":"<!-- This site is optimized with the Yoast SEO plugin v22.8 - https:\/\/yoast.com\/wordpress\/plugins\/seo\/ -->\n<title>Association chiropratique canadienne<\/title>\n<meta name=\"description\" content=\"Que font les chiropraticiens? Les chiropraticiens aident \u00e0 soulager la douleur des Canadiens et leur permettent de mener la vie active qu\u2019ils souhaitent,\" \/>\n<meta name=\"robots\" content=\"noindex, follow, max-snippet:-1, max-image-preview:large, max-video-preview:-1\" \/>\n<meta property=\"og:locale\" content=\"fr_FR\" \/>\n<meta property=\"og:type\" content=\"article\" \/>\n<meta property=\"og:title\" content=\"Qu\u2019est-ce que la chiropratique? - Association chiropratique canadienne\" \/>\n<meta property=\"og:description\" content=\"Que font les chiropraticiens? Les chiropraticiens aident \u00e0 soulager la douleur des Canadiens et leur permettent de mener la vie active qu\u2019ils souhaitent,\" \/>\n<meta property=\"og:url\" content=\"https:\/\/chiro2024.thewire.dev\/fr\/quest-ce-que-la-chiropratique\/\" \/>\n<meta property=\"og:site_name\" content=\"Association chiropratique canadienne\" \/>\n<meta property=\"article:modified_time\" content=\"2024-01-26T19:30:09+00:00\" \/>\n<meta property=\"og:image\" content=\"https:\/\/chiro2024.thewire.dev\/wp-content\/uploads\/2022\/10\/cca-chiropractor-with-female-patient.jpg\" \/>\n\t<meta property=\"og:image:width\" content=\"2048\" \/>\n\t<meta property=\"og:image:height\" content=\"1152\" \/>\n\t<meta property=\"og:image:type\" content=\"image\/jpeg\" \/>\n<meta name=\"twitter:card\" content=\"summary_large_image\" \/>\n<meta name=\"twitter:label1\" content=\"Dur\u00e9e de lecture estim\u00e9e\" \/>\n\t<meta name=\"twitter:data1\" content=\"2 minutes\" \/>\n<script type=\"application\/ld+json\" class=\"yoast-schema-graph\">{\"@context\":\"https:\/\/schema.org\",\"@graph\":[{\"@type\":\"WebPage\",\"@id\":\"https:\/\/chiro2024.thewire.dev\/fr\/quest-ce-que-la-chiropratique\/\",\"url\":\"https:\/\/chiro2024.thewire.dev\/fr\/quest-ce-que-la-chiropratique\/\",\"name\":\"Qu\u2019est-ce que la chiropratique? - Association chiropratique canadienne\",\"isPartOf\":{\"@id\":\"https:\/\/chiro2024.thewire.dev\/fr\/#website\"},\"primaryImageOfPage\":{\"@id\":\"https:\/\/chiro2024.thewire.dev\/fr\/quest-ce-que-la-chiropratique\/#primaryimage\"},\"image\":{\"@id\":\"https:\/\/chiro2024.thewire.dev\/fr\/quest-ce-que-la-chiropratique\/#primaryimage\"},\"thumbnailUrl\":\"https:\/\/chiro2024.thewire.dev\/wp-content\/uploads\/2022\/10\/cca-chiropractor-with-female-patient.jpg\",\"datePublished\":\"2022-08-29T18:58:17+00:00\",\"dateModified\":\"2024-01-26T19:30:09+00:00\",\"description\":\"Que font les chiropraticiens? Les chiropraticiens aident \u00e0 soulager la douleur des Canadiens et leur permettent de mener la vie active qu\u2019ils souhaitent,\",\"breadcrumb\":{\"@id\":\"https:\/\/chiro2024.thewire.dev\/fr\/quest-ce-que-la-chiropratique\/#breadcrumb\"},\"inLanguage\":\"fr-FR\",\"potentialAction\":[{\"@type\":\"ReadAction\",\"target\":[\"https:\/\/chiro2024.thewire.dev\/fr\/quest-ce-que-la-chiropratique\/\"]}]},{\"@type\":\"ImageObject\",\"inLanguage\":\"fr-FR\",\"@id\":\"https:\/\/chiro2024.thewire.dev\/fr\/quest-ce-que-la-chiropratique\/#primaryimage\",\"url\":\"https:\/\/chiro2024.thewire.dev\/wp-content\/uploads\/2022\/10\/cca-chiropractor-with-female-patient.jpg\",\"contentUrl\":\"https:\/\/chiro2024.thewire.dev\/wp-content\/uploads\/2022\/10\/cca-chiropractor-with-female-patient.jpg\",\"width\":2048,\"height\":1152,\"caption\":\"Chiropractor palpating\"},{\"@type\":\"BreadcrumbList\",\"@id\":\"https:\/\/chiro2024.thewire.dev\/fr\/quest-ce-que-la-chiropratique\/#breadcrumb\",\"itemListElement\":[{\"@type\":\"ListItem\",\"position\":1,\"name\":\"Home\",\"item\":\"https:\/\/chiro2024.thewire.dev\/fr\/\"},{\"@type\":\"ListItem\",\"position\":2,\"name\":\"Qu\u2019est-ce que la chiropratique?\"}]},{\"@type\":\"WebSite\",\"@id\":\"https:\/\/chiro2024.thewire.dev\/fr\/#website\",\"url\":\"https:\/\/chiro2024.thewire.dev\/fr\/\",\"name\":\"Association chiropratique canadienne\",\"description\":\"Chiropractors helping Canadians live healthier lives\",\"publisher\":{\"@id\":\"https:\/\/chiro2024.thewire.dev\/fr\/#organization\"},\"potentialAction\":[{\"@type\":\"SearchAction\",\"target\":{\"@type\":\"EntryPoint\",\"urlTemplate\":\"https:\/\/chiro2024.thewire.dev\/fr\/?s={search_term_string}\"},\"query-input\":\"required name=search_term_string\"}],\"inLanguage\":\"fr-FR\"},{\"@type\":\"Organization\",\"@id\":\"https:\/\/chiro2024.thewire.dev\/fr\/#organization\",\"name\":\"Association chiropratique canadienne\",\"url\":\"https:\/\/chiro2024.thewire.dev\/fr\/\",\"logo\":{\"@type\":\"ImageObject\",\"inLanguage\":\"fr-FR\",\"@id\":\"https:\/\/chiro2024.thewire.dev\/fr\/#\/schema\/logo\/image\/\",\"url\":\"https:\/\/chiro2024.thewire.dev\/wp-content\/uploads\/2022\/08\/cca-logo.svg\",\"contentUrl\":\"https:\/\/chiro2024.thewire.dev\/wp-content\/uploads\/2022\/08\/cca-logo.svg\",\"caption\":\"Association chiropratique canadienne\"},\"image\":{\"@id\":\"https:\/\/chiro2024.thewire.dev\/fr\/#\/schema\/logo\/image\/\"}}]}<\/script>\n<!-- \/ Yoast SEO plugin. -->","yoast_head_json":{"title":"Association chiropratique canadienne","description":"Que font les chiropraticiens? Les chiropraticiens aident \u00e0 soulager la douleur des Canadiens et leur permettent de mener la vie active qu\u2019ils souhaitent,","robots":{"index":"noindex","follow":"follow","max-snippet":"max-snippet:-1","max-image-preview":"max-image-preview:large","max-video-preview":"max-video-preview:-1"},"og_locale":"fr_FR","og_type":"article","og_title":"Qu\u2019est-ce que la chiropratique? - Association chiropratique canadienne","og_description":"Que font les chiropraticiens? Les chiropraticiens aident \u00e0 soulager la douleur des Canadiens et leur permettent de mener la vie active qu\u2019ils souhaitent,","og_url":"https:\/\/chiro2024.thewire.dev\/fr\/quest-ce-que-la-chiropratique\/","og_site_name":"Association chiropratique canadienne","article_modified_time":"2024-01-26T19:30:09+00:00","og_image":[{"width":2048,"height":1152,"url":"https:\/\/chiro2024.thewire.dev\/wp-content\/uploads\/2022\/10\/cca-chiropractor-with-female-patient.jpg","type":"image\/jpeg"}],"twitter_card":"summary_large_image","twitter_misc":{"Dur\u00e9e de lecture estim\u00e9e":"2 minutes"},"schema":{"@context":"https:\/\/schema.org","@graph":[{"@type":"WebPage","@id":"https:\/\/chiro2024.thewire.dev\/fr\/quest-ce-que-la-chiropratique\/","url":"https:\/\/chiro2024.thewire.dev\/fr\/quest-ce-que-la-chiropratique\/","name":"Qu\u2019est-ce que la chiropratique? - Association chiropratique canadienne","isPartOf":{"@id":"https:\/\/chiro2024.thewire.dev\/fr\/#website"},"primaryImageOfPage":{"@id":"https:\/\/chiro2024.thewire.dev\/fr\/quest-ce-que-la-chiropratique\/#primaryimage"},"image":{"@id":"https:\/\/chiro2024.thewire.dev\/fr\/quest-ce-que-la-chiropratique\/#primaryimage"},"thumbnailUrl":"https:\/\/chiro2024.thewire.dev\/wp-content\/uploads\/2022\/10\/cca-chiropractor-with-female-patient.jpg","datePublished":"2022-08-29T18:58:17+00:00","dateModified":"2024-01-26T19:30:09+00:00","description":"Que font les chiropraticiens? Les chiropraticiens aident \u00e0 soulager la douleur des Canadiens et leur permettent de mener la vie active qu\u2019ils souhaitent,","breadcrumb":{"@id":"https:\/\/chiro2024.thewire.dev\/fr\/quest-ce-que-la-chiropratique\/#breadcrumb"},"inLanguage":"fr-FR","potentialAction":[{"@type":"ReadAction","target":["https:\/\/chiro2024.thewire.dev\/fr\/quest-ce-que-la-chiropratique\/"]}]},{"@type":"ImageObject","inLanguage":"fr-FR","@id":"https:\/\/chiro2024.thewire.dev\/fr\/quest-ce-que-la-chiropratique\/#primaryimage","url":"https:\/\/chiro2024.thewire.dev\/wp-content\/uploads\/2022\/10\/cca-chiropractor-with-female-patient.jpg","contentUrl":"https:\/\/chiro2024.thewire.dev\/wp-content\/uploads\/2022\/10\/cca-chiropractor-with-female-patient.jpg","width":2048,"height":1152,"caption":"Chiropractor palpating"},{"@type":"BreadcrumbList","@id":"https:\/\/chiro2024.thewire.dev\/fr\/quest-ce-que-la-chiropratique\/#breadcrumb","itemListElement":[{"@type":"ListItem","position":1,"name":"Home","item":"https:\/\/chiro2024.thewire.dev\/fr\/"},{"@type":"ListItem","position":2,"name":"Qu\u2019est-ce que la chiropratique?"}]},{"@type":"WebSite","@id":"https:\/\/chiro2024.thewire.dev\/fr\/#website","url":"https:\/\/chiro2024.thewire.dev\/fr\/","name":"Association chiropratique canadienne","description":"Chiropractors helping Canadians live healthier lives","publisher":{"@id":"https:\/\/chiro2024.thewire.dev\/fr\/#organization"},"potentialAction":[{"@type":"SearchAction","target":{"@type":"EntryPoint","urlTemplate":"https:\/\/chiro2024.thewire.dev\/fr\/?s={search_term_string}"},"query-input":"required name=search_term_string"}],"inLanguage":"fr-FR"},{"@type":"Organization","@id":"https:\/\/chiro2024.thewire.dev\/fr\/#organization","name":"Association chiropratique canadienne","url":"https:\/\/chiro2024.thewire.dev\/fr\/","logo":{"@type":"ImageObject","inLanguage":"fr-FR","@id":"https:\/\/chiro2024.thewire.dev\/fr\/#\/schema\/logo\/image\/","url":"https:\/\/chiro2024.thewire.dev\/wp-content\/uploads\/2022\/08\/cca-logo.svg","contentUrl":"https:\/\/chiro2024.thewire.dev\/wp-content\/uploads\/2022\/08\/cca-logo.svg","caption":"Association chiropratique canadienne"},"image":{"@id":"https:\/\/chiro2024.thewire.dev\/fr\/#\/schema\/logo\/image\/"}}]}},"_links":{"self":[{"href":"https:\/\/chiro2024.thewire.dev\/fr\/wp-json\/wp\/v2\/pages\/69828"}],"collection":[{"href":"https:\/\/chiro2024.thewire.dev\/fr\/wp-json\/wp\/v2\/pages"}],"about":[{"href":"https:\/\/chiro2024.thewire.dev\/fr\/wp-json\/wp\/v2\/types\/page"}],"author":[{"embeddable":true,"href":"https:\/\/chiro2024.thewire.dev\/fr\/wp-json\/wp\/v2\/users\/9"}],"replies":[{"embeddable":true,"href":"https:\/\/chiro2024.thewire.dev\/fr\/wp-json\/wp\/v2\/comments?post=69828"}],"version-history":[{"count":15,"href":"https:\/\/chiro2024.thewire.dev\/fr\/wp-json\/wp\/v2\/pages\/69828\/revisions"}],"predecessor-version":[{"id":73460,"href":"https:\/\/chiro2024.thewire.dev\/fr\/wp-json\/wp\/v2\/pages\/69828\/revisions\/73460"}],"wp:featuredmedia":[{"embeddable":true,"href":"https:\/\/chiro2024.thewire.dev\/fr\/wp-json\/wp\/v2\/media\/68805"}],"wp:attachment":[{"href":"https:\/\/chiro2024.thewire.dev\/fr\/wp-json\/wp\/v2\/media?parent=69828"}],"wp:term":[{"taxonomy":"page_category","embeddable":true,"href":"https:\/\/chiro2024.thewire.dev\/fr\/wp-json\/wp\/v2\/page_category?post=69828"}],"curies":[{"name":"wp","href":"https:\/\/api.w.org\/{rel}","templated":true}]}}