{"id":69817,"date":"2023-09-27T15:46:59","date_gmt":"2023-09-27T19:46:59","guid":{"rendered":"https:\/\/chiropractic.ca\/?page_id=69817"},"modified":"2023-09-27T16:16:57","modified_gmt":"2023-09-27T20:16:57","slug":"journee-mondiale-de-la-colonne-vertebrale","status":"publish","type":"page","link":"https:\/\/chiro2024.thewire.dev\/fr\/journee-mondiale-de-la-colonne-vertebrale\/","title":{"rendered":"Journ\u00e9e mondiale de la colonne vert\u00e9brale"},"content":{"rendered":"\n<div class=\"wp-block-columns is-layout-flex wp-container-core-columns-is-layout-1 wp-block-columns-is-layout-flex\">\n<div class=\"wp-block-column is-layout-flow wp-block-column-is-layout-flow\" style=\"flex-basis:66.66%\">\n<h1 class=\"wp-block-heading\">Journ\u00e9e mondiale de la colonne vert\u00e9brale<\/h1>\n\n\n\n<figure class=\"wp-block-image size-large\"><img decoding=\"async\" width=\"1024\" height=\"576\" src=\"https:\/\/chiro2024.thewire.dev\/wp-content\/uploads\/2023\/09\/WSD23-Website-Banner-FR-1-1024x576.jpg\" alt=\"\" class=\"wp-image-73110\" srcset=\"https:\/\/chiro2024.thewire.dev\/wp-content\/uploads\/2023\/09\/WSD23-Website-Banner-FR-1-1024x576.jpg 1024w, https:\/\/chiro2024.thewire.dev\/wp-content\/uploads\/2023\/09\/WSD23-Website-Banner-FR-1-400x225.jpg 400w, https:\/\/chiro2024.thewire.dev\/wp-content\/uploads\/2023\/09\/WSD23-Website-Banner-FR-1-768x432.jpg 768w, https:\/\/chiro2024.thewire.dev\/wp-content\/uploads\/2023\/09\/WSD23-Website-Banner-FR-1-1536x864.jpg 1536w, https:\/\/chiro2024.thewire.dev\/wp-content\/uploads\/2023\/09\/WSD23-Website-Banner-FR-1.jpg 1920w\" sizes=\"(max-width: 1024px) 100vw, 1024px\" \/><\/figure>\n\n\n\n<p><strong><a href=\"https:\/\/worldspineday.org\">La Journ\u00e9e mondiale de la colonne vert\u00e9brale<\/a><\/strong> fait prendre \u00e9galement conscience du manque d\u2019acc\u00e8s \u00e0 des soins et \u00e0 une r\u00e9adaptation de qualit\u00e9 de la colonne vert\u00e9brale dans les communaut\u00e9s moins bien servies, ce qui entra\u00eene des probl\u00e8mes chroniques et des d\u00e9formations permanentes. Pour de nombreuses populations, les douleurs et les incapacit\u00e9s li\u00e9es \u00e0 la colonne vert\u00e9brale ne constituent pas seulement un inconv\u00e9nient mineur, elles peuvent se traduire par l\u2019impossibilit\u00e9 de travailler et de subvenir \u00e0 ses besoins.<\/p>\n\n\n\n<p>Le 16 octobre, l\u2019Association chiropratique canadienne se joint au mouvement mondial de sensibilisation \u00e0 l\u2019importance de la sant\u00e9 et du bien-\u00eatre de la colonne vert\u00e9brale, qui joue un r\u00f4le essentiel au quotidien, en assurant le maintien de la posture, la fluidit\u00e9 du mouvement et le soutien du syst\u00e8me nerveux central. Le th\u00e8me de cette ann\u00e9e, \u00ab Faites bouger votre colonne \u00bb, se veut une invitation lanc\u00e9e aux personnes de tous \u00e2ges, dans le monde entier, \u00e0 \u00eatre actives et \u00e0 favoriser la sant\u00e9 de leur colonne vert\u00e9brale par le mouvement. Environ un milliard de personnes souffrent de douleurs vert\u00e9brales \u2013 des douleurs qui sont permanentes pour 540 millions d\u2019entre elles. Les lombalgies restent la premi\u00e8re cause d\u2019invalidit\u00e9 sur la plan\u00e8te.<\/p>\n\n\n\n<p><strong><a href=\"https:\/\/chiro2024.thewire.dev\/fr\/faites-bouger-votre-colonne-a-loccasion-de-la-journee-mondiale-de-la-colonne-vertebrale\/\">Cette ann\u00e9e, nous avons demand\u00e9 aux chiropraticiens canadiens pourquoi il est important de faire bouger sa colonne vert\u00e9brale<\/a> <\/strong>et nous pr\u00e9sentons leurs r\u00e9ponses dans plusieurs publications que nos membres peuvent partager, dont la vid\u00e9o ci-dessous\u00a0:<\/p>\n\n\n\n<figure class=\"wp-block-embed is-type-video is-provider-youtube wp-block-embed-youtube wp-embed-aspect-16-9 wp-has-aspect-ratio\"><div class=\"wp-block-embed__wrapper\">\n<iframe title=\"La Journ\u00e9e mondiale de la colonne vert\u00e9brale - #Faitesbougervotrecolonne\" width=\"1395\" height=\"785\" src=\"https:\/\/www.youtube.com\/embed\/SHt2FtNmsHo?feature=oembed&#038;modestbranding=1&#038;showinfo=0&#038;rel=0\" frameborder=\"0\" allow=\"accelerometer; autoplay; clipboard-write; encrypted-media; gyroscope; picture-in-picture; web-share\" allowfullscreen><\/iframe>\n<\/div><\/figure>\n\n\n\n<p>Joignez-vous \u00e0 nous pour sensibiliser le public au fardeau mondial que repr\u00e9sentent les troubles de la colonne vert\u00e9brale ainsi qu\u2019aux d\u00e9fis auxquels font face les personnes souffrant de lombalgie, peu importe leur r\u00e9gion, leur culture, leur origine ou leur \u00e2ge. Surveillez nos comptes <strong><a href=\"https:\/\/www.facebook.com\/canadianchiropracticassociation\">Facebook<\/a><\/strong> et <strong><a href=\"https:\/\/www.instagram.com\/canchiroassoc\/\">Instagram<\/a><\/strong> tout au long du mois d\u2019octobre pour d\u00e9couvrir d\u2019autres ressources ou visitez le site <strong><a href=\"https:\/\/chiro2024.thewire.dev\/fr\/faire-le-menage-sans-effort\/\">worldspineday.org <\/a><\/strong>pour plus d\u2019informations.<\/p>\n<\/div>\n\n\n\n<div class=\"wp-block-column is-layout-flow wp-block-column-is-layout-flow\" style=\"flex-basis:33.33%\">\n<p><strong>L\u2019Association chiropratique canadienne vous invite \u00e0 bouger \u00e0 l\u2019occasion de la Journ\u00e9e mondiale de la colonne vert\u00e9brale. <a href=\"https:\/\/chiro2024.thewire.dev\/wp-content\/uploads\/2023\/09\/WSD23-Handout-FR.pdf\">T\u00e9l\u00e9chargez un document PDF contenant des \u00e9tirements recommand\u00e9s pour vous aider \u00e0 faire bouger votre colonne vert\u00e9brale.<\/a><\/strong><\/p>\n\n\n\n<figure class=\"wp-block-image size-full\"><a href=\"https:\/\/chiro2024.thewire.dev\/wp-content\/uploads\/2023\/09\/WSD23-Handout-FR.pdf\"><img decoding=\"async\" width=\"400\" height=\"484\" src=\"https:\/\/chiro2024.thewire.dev\/wp-content\/uploads\/2023\/09\/WSD23-Handout-Download.gif\" alt=\"\" class=\"wp-image-73115\" style=\"object-fit:cover\"\/><\/a><\/figure>\n<\/div>\n<\/div>\n","protected":false},"excerpt":{"rendered":"<p>Journ\u00e9e mondiale de la colonne vert\u00e9brale La Journ\u00e9e mondiale de la colonne vert\u00e9brale fait prendre \u00e9galement conscience du manque d\u2019acc\u00e8s \u00e0 des soins et \u00e0 une r\u00e9adaptation de qualit\u00e9 de la colonne vert\u00e9brale dans les communaut\u00e9s moins bien servies, ce qui entra\u00eene des probl\u00e8mes chroniques et des d\u00e9formations permanentes. Pour de nombreuses populations, les douleurs [&hellip;]<\/p>\n","protected":false},"author":13549,"featured_media":73110,"parent":0,"menu_order":13,"comment_status":"closed","ping_status":"closed","template":"","meta":{"_acf_changed":false,"_relevanssi_hide_post":"","_relevanssi_hide_content":"","_relevanssi_pin_for_all":"","_relevanssi_pin_keywords":"","_relevanssi_unpin_keywords":"","_relevanssi_related_keywords":"","_relevanssi_related_include_ids":"","_relevanssi_related_exclude_ids":"","_relevanssi_related_no_append":"","_relevanssi_related_not_related":"","_relevanssi_related_posts":"17649,47228,39138,17491,16129,20399","_relevanssi_noindex_reason":"","footnotes":""},"page_category":[],"blocksy_meta":{"styles_descriptor":{"styles":{"desktop":"","tablet":"","mobile":""},"google_fonts":[],"version":6}},"acf":[],"yoast_head":"<!-- This site is optimized with the Yoast SEO plugin v22.8 - https:\/\/yoast.com\/wordpress\/plugins\/seo\/ -->\n<title>Association chiropratique canadienne<\/title>\n<meta name=\"description\" content=\"La Journ\u00e9e mondiale de la colonne vert\u00e9brale fait prendre \u00e9galement conscience du manque d\u2019acc\u00e8s \u00e0 des soins et \u00e0 une r\u00e9adaptation de qualit\u00e9 de la colonne vert\u00e9brale dans les communaut\u00e9s moins bien servies, ce qui entra\u00eene des probl\u00e8mes chroniques et des d\u00e9formations permanentes.\" \/>\n<meta name=\"robots\" content=\"noindex, follow, max-snippet:-1, max-image-preview:large, max-video-preview:-1\" \/>\n<meta property=\"og:locale\" content=\"fr_FR\" \/>\n<meta property=\"og:type\" content=\"article\" \/>\n<meta property=\"og:title\" content=\"Journ\u00e9e mondiale de la colonne vert\u00e9brale - Association chiropratique canadienne\" \/>\n<meta property=\"og:description\" content=\"La Journ\u00e9e mondiale de la colonne vert\u00e9brale fait prendre \u00e9galement conscience du manque d\u2019acc\u00e8s \u00e0 des soins et \u00e0 une r\u00e9adaptation de qualit\u00e9 de la colonne vert\u00e9brale dans les communaut\u00e9s moins bien servies, ce qui entra\u00eene des probl\u00e8mes chroniques et des d\u00e9formations permanentes.\" \/>\n<meta property=\"og:url\" content=\"https:\/\/chiro2024.thewire.dev\/fr\/journee-mondiale-de-la-colonne-vertebrale\/\" \/>\n<meta property=\"og:site_name\" content=\"Association chiropratique canadienne\" \/>\n<meta property=\"article:modified_time\" content=\"2023-09-27T20:16:57+00:00\" \/>\n<meta property=\"og:image\" content=\"https:\/\/chiro2024.thewire.dev\/wp-content\/uploads\/2023\/09\/WSD23-Website-Banner-FR-1.jpg\" \/>\n\t<meta property=\"og:image:width\" content=\"1920\" \/>\n\t<meta property=\"og:image:height\" content=\"1080\" \/>\n\t<meta property=\"og:image:type\" content=\"image\/jpeg\" \/>\n<meta name=\"twitter:card\" content=\"summary_large_image\" \/>\n<meta name=\"twitter:label1\" content=\"Dur\u00e9e de lecture estim\u00e9e\" \/>\n\t<meta name=\"twitter:data1\" content=\"2 minutes\" \/>\n<script type=\"application\/ld+json\" class=\"yoast-schema-graph\">{\"@context\":\"https:\/\/schema.org\",\"@graph\":[{\"@type\":\"WebPage\",\"@id\":\"https:\/\/chiro2024.thewire.dev\/fr\/journee-mondiale-de-la-colonne-vertebrale\/\",\"url\":\"https:\/\/chiro2024.thewire.dev\/fr\/journee-mondiale-de-la-colonne-vertebrale\/\",\"name\":\"Journ\u00e9e mondiale de la colonne vert\u00e9brale - Association chiropratique canadienne\",\"isPartOf\":{\"@id\":\"https:\/\/chiro2024.thewire.dev\/fr\/#website\"},\"primaryImageOfPage\":{\"@id\":\"https:\/\/chiro2024.thewire.dev\/fr\/journee-mondiale-de-la-colonne-vertebrale\/#primaryimage\"},\"image\":{\"@id\":\"https:\/\/chiro2024.thewire.dev\/fr\/journee-mondiale-de-la-colonne-vertebrale\/#primaryimage\"},\"thumbnailUrl\":\"https:\/\/chiro2024.thewire.dev\/wp-content\/uploads\/2023\/09\/WSD23-Website-Banner-FR-1.jpg\",\"datePublished\":\"2023-09-27T19:46:59+00:00\",\"dateModified\":\"2023-09-27T20:16:57+00:00\",\"description\":\"La Journ\u00e9e mondiale de la colonne vert\u00e9brale fait prendre \u00e9galement conscience du manque d\u2019acc\u00e8s \u00e0 des soins et \u00e0 une r\u00e9adaptation de qualit\u00e9 de la colonne vert\u00e9brale dans les communaut\u00e9s moins bien servies, ce qui entra\u00eene des probl\u00e8mes chroniques et des d\u00e9formations permanentes.\",\"breadcrumb\":{\"@id\":\"https:\/\/chiro2024.thewire.dev\/fr\/journee-mondiale-de-la-colonne-vertebrale\/#breadcrumb\"},\"inLanguage\":\"fr-FR\",\"potentialAction\":[{\"@type\":\"ReadAction\",\"target\":[\"https:\/\/chiro2024.thewire.dev\/fr\/journee-mondiale-de-la-colonne-vertebrale\/\"]}]},{\"@type\":\"ImageObject\",\"inLanguage\":\"fr-FR\",\"@id\":\"https:\/\/chiro2024.thewire.dev\/fr\/journee-mondiale-de-la-colonne-vertebrale\/#primaryimage\",\"url\":\"https:\/\/chiro2024.thewire.dev\/wp-content\/uploads\/2023\/09\/WSD23-Website-Banner-FR-1.jpg\",\"contentUrl\":\"https:\/\/chiro2024.thewire.dev\/wp-content\/uploads\/2023\/09\/WSD23-Website-Banner-FR-1.jpg\",\"width\":1920,\"height\":1080},{\"@type\":\"BreadcrumbList\",\"@id\":\"https:\/\/chiro2024.thewire.dev\/fr\/journee-mondiale-de-la-colonne-vertebrale\/#breadcrumb\",\"itemListElement\":[{\"@type\":\"ListItem\",\"position\":1,\"name\":\"Home\",\"item\":\"https:\/\/chiro2024.thewire.dev\/fr\/\"},{\"@type\":\"ListItem\",\"position\":2,\"name\":\"Journ\u00e9e mondiale de la colonne vert\u00e9brale\"}]},{\"@type\":\"WebSite\",\"@id\":\"https:\/\/chiro2024.thewire.dev\/fr\/#website\",\"url\":\"https:\/\/chiro2024.thewire.dev\/fr\/\",\"name\":\"Association chiropratique canadienne\",\"description\":\"Chiropractors helping Canadians live healthier lives\",\"publisher\":{\"@id\":\"https:\/\/chiro2024.thewire.dev\/fr\/#organization\"},\"potentialAction\":[{\"@type\":\"SearchAction\",\"target\":{\"@type\":\"EntryPoint\",\"urlTemplate\":\"https:\/\/chiro2024.thewire.dev\/fr\/?s={search_term_string}\"},\"query-input\":\"required name=search_term_string\"}],\"inLanguage\":\"fr-FR\"},{\"@type\":\"Organization\",\"@id\":\"https:\/\/chiro2024.thewire.dev\/fr\/#organization\",\"name\":\"Association chiropratique canadienne\",\"url\":\"https:\/\/chiro2024.thewire.dev\/fr\/\",\"logo\":{\"@type\":\"ImageObject\",\"inLanguage\":\"fr-FR\",\"@id\":\"https:\/\/chiro2024.thewire.dev\/fr\/#\/schema\/logo\/image\/\",\"url\":\"https:\/\/chiro2024.thewire.dev\/wp-content\/uploads\/2022\/08\/cca-logo.svg\",\"contentUrl\":\"https:\/\/chiro2024.thewire.dev\/wp-content\/uploads\/2022\/08\/cca-logo.svg\",\"caption\":\"Association chiropratique canadienne\"},\"image\":{\"@id\":\"https:\/\/chiro2024.thewire.dev\/fr\/#\/schema\/logo\/image\/\"}}]}<\/script>\n<!-- \/ Yoast SEO plugin. -->","yoast_head_json":{"title":"Association chiropratique canadienne","description":"La Journ\u00e9e mondiale de la colonne vert\u00e9brale fait prendre \u00e9galement conscience du manque d\u2019acc\u00e8s \u00e0 des soins et \u00e0 une r\u00e9adaptation de qualit\u00e9 de la colonne vert\u00e9brale dans les communaut\u00e9s moins bien servies, ce qui entra\u00eene des probl\u00e8mes chroniques et des d\u00e9formations permanentes.","robots":{"index":"noindex","follow":"follow","max-snippet":"max-snippet:-1","max-image-preview":"max-image-preview:large","max-video-preview":"max-video-preview:-1"},"og_locale":"fr_FR","og_type":"article","og_title":"Journ\u00e9e mondiale de la colonne vert\u00e9brale - Association chiropratique canadienne","og_description":"La Journ\u00e9e mondiale de la colonne vert\u00e9brale fait prendre \u00e9galement conscience du manque d\u2019acc\u00e8s \u00e0 des soins et \u00e0 une r\u00e9adaptation de qualit\u00e9 de la colonne vert\u00e9brale dans les communaut\u00e9s moins bien servies, ce qui entra\u00eene des probl\u00e8mes chroniques et des d\u00e9formations permanentes.","og_url":"https:\/\/chiro2024.thewire.dev\/fr\/journee-mondiale-de-la-colonne-vertebrale\/","og_site_name":"Association chiropratique canadienne","article_modified_time":"2023-09-27T20:16:57+00:00","og_image":[{"width":1920,"height":1080,"url":"https:\/\/chiro2024.thewire.dev\/wp-content\/uploads\/2023\/09\/WSD23-Website-Banner-FR-1.jpg","type":"image\/jpeg"}],"twitter_card":"summary_large_image","twitter_misc":{"Dur\u00e9e de lecture estim\u00e9e":"2 minutes"},"schema":{"@context":"https:\/\/schema.org","@graph":[{"@type":"WebPage","@id":"https:\/\/chiro2024.thewire.dev\/fr\/journee-mondiale-de-la-colonne-vertebrale\/","url":"https:\/\/chiro2024.thewire.dev\/fr\/journee-mondiale-de-la-colonne-vertebrale\/","name":"Journ\u00e9e mondiale de la colonne vert\u00e9brale - Association chiropratique canadienne","isPartOf":{"@id":"https:\/\/chiro2024.thewire.dev\/fr\/#website"},"primaryImageOfPage":{"@id":"https:\/\/chiro2024.thewire.dev\/fr\/journee-mondiale-de-la-colonne-vertebrale\/#primaryimage"},"image":{"@id":"https:\/\/chiro2024.thewire.dev\/fr\/journee-mondiale-de-la-colonne-vertebrale\/#primaryimage"},"thumbnailUrl":"https:\/\/chiro2024.thewire.dev\/wp-content\/uploads\/2023\/09\/WSD23-Website-Banner-FR-1.jpg","datePublished":"2023-09-27T19:46:59+00:00","dateModified":"2023-09-27T20:16:57+00:00","description":"La Journ\u00e9e mondiale de la colonne vert\u00e9brale fait prendre \u00e9galement conscience du manque d\u2019acc\u00e8s \u00e0 des soins et \u00e0 une r\u00e9adaptation de qualit\u00e9 de la colonne vert\u00e9brale dans les communaut\u00e9s moins bien servies, ce qui entra\u00eene des probl\u00e8mes chroniques et des d\u00e9formations permanentes.","breadcrumb":{"@id":"https:\/\/chiro2024.thewire.dev\/fr\/journee-mondiale-de-la-colonne-vertebrale\/#breadcrumb"},"inLanguage":"fr-FR","potentialAction":[{"@type":"ReadAction","target":["https:\/\/chiro2024.thewire.dev\/fr\/journee-mondiale-de-la-colonne-vertebrale\/"]}]},{"@type":"ImageObject","inLanguage":"fr-FR","@id":"https:\/\/chiro2024.thewire.dev\/fr\/journee-mondiale-de-la-colonne-vertebrale\/#primaryimage","url":"https:\/\/chiro2024.thewire.dev\/wp-content\/uploads\/2023\/09\/WSD23-Website-Banner-FR-1.jpg","contentUrl":"https:\/\/chiro2024.thewire.dev\/wp-content\/uploads\/2023\/09\/WSD23-Website-Banner-FR-1.jpg","width":1920,"height":1080},{"@type":"BreadcrumbList","@id":"https:\/\/chiro2024.thewire.dev\/fr\/journee-mondiale-de-la-colonne-vertebrale\/#breadcrumb","itemListElement":[{"@type":"ListItem","position":1,"name":"Home","item":"https:\/\/chiro2024.thewire.dev\/fr\/"},{"@type":"ListItem","position":2,"name":"Journ\u00e9e mondiale de la colonne vert\u00e9brale"}]},{"@type":"WebSite","@id":"https:\/\/chiro2024.thewire.dev\/fr\/#website","url":"https:\/\/chiro2024.thewire.dev\/fr\/","name":"Association chiropratique canadienne","description":"Chiropractors helping Canadians live healthier lives","publisher":{"@id":"https:\/\/chiro2024.thewire.dev\/fr\/#organization"},"potentialAction":[{"@type":"SearchAction","target":{"@type":"EntryPoint","urlTemplate":"https:\/\/chiro2024.thewire.dev\/fr\/?s={search_term_string}"},"query-input":"required name=search_term_string"}],"inLanguage":"fr-FR"},{"@type":"Organization","@id":"https:\/\/chiro2024.thewire.dev\/fr\/#organization","name":"Association chiropratique canadienne","url":"https:\/\/chiro2024.thewire.dev\/fr\/","logo":{"@type":"ImageObject","inLanguage":"fr-FR","@id":"https:\/\/chiro2024.thewire.dev\/fr\/#\/schema\/logo\/image\/","url":"https:\/\/chiro2024.thewire.dev\/wp-content\/uploads\/2022\/08\/cca-logo.svg","contentUrl":"https:\/\/chiro2024.thewire.dev\/wp-content\/uploads\/2022\/08\/cca-logo.svg","caption":"Association chiropratique canadienne"},"image":{"@id":"https:\/\/chiro2024.thewire.dev\/fr\/#\/schema\/logo\/image\/"}}]}},"_links":{"self":[{"href":"https:\/\/chiro2024.thewire.dev\/fr\/wp-json\/wp\/v2\/pages\/69817"}],"collection":[{"href":"https:\/\/chiro2024.thewire.dev\/fr\/wp-json\/wp\/v2\/pages"}],"about":[{"href":"https:\/\/chiro2024.thewire.dev\/fr\/wp-json\/wp\/v2\/types\/page"}],"author":[{"embeddable":true,"href":"https:\/\/chiro2024.thewire.dev\/fr\/wp-json\/wp\/v2\/users\/13549"}],"replies":[{"embeddable":true,"href":"https:\/\/chiro2024.thewire.dev\/fr\/wp-json\/wp\/v2\/comments?post=69817"}],"version-history":[{"count":8,"href":"https:\/\/chiro2024.thewire.dev\/fr\/wp-json\/wp\/v2\/pages\/69817\/revisions"}],"predecessor-version":[{"id":73123,"href":"https:\/\/chiro2024.thewire.dev\/fr\/wp-json\/wp\/v2\/pages\/69817\/revisions\/73123"}],"wp:featuredmedia":[{"embeddable":true,"href":"https:\/\/chiro2024.thewire.dev\/fr\/wp-json\/wp\/v2\/media\/73110"}],"wp:attachment":[{"href":"https:\/\/chiro2024.thewire.dev\/fr\/wp-json\/wp\/v2\/media?parent=69817"}],"wp:term":[{"taxonomy":"page_category","embeddable":true,"href":"https:\/\/chiro2024.thewire.dev\/fr\/wp-json\/wp\/v2\/page_category?post=69817"}],"curies":[{"name":"wp","href":"https:\/\/api.w.org\/{rel}","templated":true}]}}