{"id":69738,"date":"2022-11-03T15:03:57","date_gmt":"2022-11-03T19:03:57","guid":{"rendered":"https:\/\/chiropractic.ca\/la-fcrc\/"},"modified":"2022-11-07T17:10:20","modified_gmt":"2022-11-07T22:10:20","slug":"la-fcrc","status":"publish","type":"page","link":"https:\/\/chiro2024.thewire.dev\/fr\/la-fcrc\/","title":{"rendered":"La FCRC"},"content":{"rendered":"<header class=\"hero hero-large alignfull\"><div class=\"ct-container\"><figure class=\"animated fadeIn\"><div class=\"ct-media-container\"><img decoding=\"async\" width=\"1258\" height=\"833\" src=\"https:\/\/chiro2024.thewire.dev\/wp-content\/uploads\/2022\/10\/iStock-1432274191.jpg\" class=\"attachment-full size-full\" alt=\"Healthcare team using laptop in a clinic\" srcset=\"https:\/\/chiro2024.thewire.dev\/wp-content\/uploads\/2022\/10\/iStock-1432274191.jpg 1258w, https:\/\/chiro2024.thewire.dev\/wp-content\/uploads\/2022\/10\/iStock-1432274191-400x265.jpg 400w, https:\/\/chiro2024.thewire.dev\/wp-content\/uploads\/2022\/10\/iStock-1432274191-1024x678.jpg 1024w, https:\/\/chiro2024.thewire.dev\/wp-content\/uploads\/2022\/10\/iStock-1432274191-768x509.jpg 768w\" sizes=\"(max-width: 1258px) 100vw, 1258px\" style=\"aspect-ratio: 16\/9;\" \/><\/div><\/figure><div class=\"wp-block-columns is-not-stacked-on-mobile\"><div class=\"wp-block-column\" style=\"flex-basis: 55%;\"><h1 class=\"animated fadeIn\">La FCRC<\/h1><div class=\"is-style-lead-text\" content-device=\"desktop\"><p>Depuis 1976, la Fondation canadienne pour la recherche en chiropratique (FCRC) finance des projets de recherche qui r\u00e9pondent aux besoins des Canadiens et de la profession chiropratique. <\/p>\n<\/div><\/div><div class=\"wp-block-column\"><\/div><\/div><\/div><div class=\"shape-divider-bottom\">\n\t\t\t\t<svg xmlns=\"http:\/\/www.w3.org\/2000\/svg\" viewBox=\"0 0 2419.94 122.9\"><path id=\"Path_240\" class=\"cls-1\" d=\"M0,49.78C124.41-31.69,584.23,5.21,823.77,32.17c239.54,26.96,751.95,124.97,1269.64,17.61,58.43-12.12,280.19-83,319.61-18.2,7.57,12.44,9.72,32.23,2.36,48.08-21.49,46.26-117.05,43.59-150,43-136.67-2.44-1027.9-1.62-2262-1L0,49.78Z\"\/><\/svg>\n\t\t\t\t<\/div><\/header><div class=\"is-style-lead-text\" aria-hidden=\"true\" content-device=\"mobile\"><p>Depuis 1976, la Fondation canadienne pour la recherche en chiropratique (FCRC) finance des projets de recherche qui r\u00e9pondent aux besoins des Canadiens et de la profession chiropratique. <\/p>\n<\/div>\n<div class=\"wp-block-columns is-layout-flex wp-container-core-columns-is-layout-1 wp-block-columns-is-layout-flex\">\n<div class=\"wp-block-column is-layout-flow wp-block-column-is-layout-flow\" style=\"flex-basis:66.66%\">\n<p>Les chiropraticiens sont peu nombreux : on en compte un peu plus de 9 000 dans tout le Canada. C\u2019est pourquoi il est essentiel d\u2019investir dans la recherche afin d\u2019enrichir nos connaissances, de valider les options de traitement, de d\u00e9montrer que les donn\u00e9es probantes ont le pouvoir de faire \u00e9voluer les politiques publiques et d\u2019unir nos forces au sein de la profession.<\/p>\n\n\n\n<blockquote class=\"wp-block-quote is-style-default is-layout-flow wp-block-quote-is-layout-flow\"><p>La recherche valid\u00e9e par la science est essentielle pour am\u00e9liorer la sant\u00e9 des patients, les politiques publiques et les r\u00e9sultats obtenus en pratique clinique.<\/p><p>La FCRC travaille en \u00e9troite collaboration avec des partenaires issus de la chiropratique ou d\u2019autres domaines pour financer des travaux de recherche fiables.<\/p><\/blockquote>\n\n\n\n<p>Pour plus d\u2019information concernant la collaboration, les dons et les projets de recherche actuels et pass\u00e9s, visitez le site du FCRC. <\/p>\n\n\n\n<div class=\"wp-block-group is-layout-flow wp-block-group-is-layout-flow\">\n<div class=\"wp-block-buttons is-layout-flex wp-block-buttons-is-layout-flex\">\n<div class=\"wp-block-button\"><a class=\"wp-block-button__link\" href=\"https:\/\/www.canadianchiropracticresearchfoundation.ca\/\" target=\"_blank\" rel=\"noreferrer noopener\">Visitez le Site du FCRC<\/a><\/div>\n<\/div>\n<\/div>\n<\/div>\n\n\n\n<div class=\"wp-block-column is-layout-flow wp-block-column-is-layout-flow\" style=\"flex-basis:33.33%\">\n<div class=\"wp-block-group is-style-callout-green is-layout-flow wp-block-group-is-layout-flow\">\n<p>Par l\u2019entremise de son Fonds national de recherche, la FCRC a d\u00e9j\u00e0 investi plus de 1 150 000 $ dans des projets de recherche canadiens portant sur les troubles neuromusculosquelettiques.<\/p>\n<\/div>\n<\/div>\n<\/div>\n","protected":false},"excerpt":{"rendered":"<p>Depuis 1976, la Fondation canadienne pour la recherche en chiropratique (FCRC) finance des projets de recherche qui r\u00e9pondent aux besoins des Canadiens et de la profession chiropratique. <\/p>\n","protected":false},"author":13548,"featured_media":68916,"parent":0,"menu_order":0,"comment_status":"closed","ping_status":"closed","template":"","meta":{"_acf_changed":false,"_relevanssi_hide_post":"","_relevanssi_hide_content":"","_relevanssi_pin_for_all":"","_relevanssi_pin_keywords":"","_relevanssi_unpin_keywords":"","_relevanssi_related_keywords":"","_relevanssi_related_include_ids":"","_relevanssi_related_exclude_ids":"","_relevanssi_related_no_append":"","_relevanssi_related_not_related":"","_relevanssi_related_posts":"","_relevanssi_noindex_reason":"","footnotes":""},"page_category":[],"blocksy_meta":{"styles_descriptor":{"styles":{"desktop":"","tablet":"","mobile":""},"google_fonts":[],"version":6}},"acf":[],"yoast_head":"<!-- This site is optimized with the Yoast SEO plugin v22.8 - https:\/\/yoast.com\/wordpress\/plugins\/seo\/ -->\n<title>Association chiropratique canadienne<\/title>\n<meta name=\"description\" content=\"Depuis 1976, la Fondation canadienne pour la recherche en chiropratique (FCRC) finance des projets de recherche qui r\u00e9pondent aux besoins des Canadiens et de la profession chiropratique.\" \/>\n<meta name=\"robots\" content=\"noindex, follow, max-snippet:-1, max-image-preview:large, max-video-preview:-1\" \/>\n<meta property=\"og:locale\" content=\"fr_FR\" \/>\n<meta property=\"og:type\" content=\"article\" \/>\n<meta property=\"og:title\" content=\"La FCRC - Association chiropratique canadienne\" \/>\n<meta property=\"og:description\" content=\"Depuis 1976, la Fondation canadienne pour la recherche en chiropratique (FCRC) finance des projets de recherche qui r\u00e9pondent aux besoins des Canadiens et de la profession chiropratique.\" \/>\n<meta property=\"og:url\" content=\"https:\/\/chiro2024.thewire.dev\/fr\/la-fcrc\/\" \/>\n<meta property=\"og:site_name\" content=\"Association chiropratique canadienne\" \/>\n<meta property=\"article:modified_time\" content=\"2022-11-07T22:10:20+00:00\" \/>\n<meta property=\"og:image\" content=\"https:\/\/chiro2024.thewire.dev\/wp-content\/uploads\/2022\/10\/iStock-1432274191.jpg\" \/>\n\t<meta property=\"og:image:width\" content=\"1258\" \/>\n\t<meta property=\"og:image:height\" content=\"833\" \/>\n\t<meta property=\"og:image:type\" content=\"image\/jpeg\" \/>\n<meta name=\"twitter:card\" content=\"summary_large_image\" \/>\n<meta name=\"twitter:label1\" content=\"Dur\u00e9e de lecture estim\u00e9e\" \/>\n\t<meta name=\"twitter:data1\" content=\"1 minute\" \/>\n<script type=\"application\/ld+json\" class=\"yoast-schema-graph\">{\"@context\":\"https:\/\/schema.org\",\"@graph\":[{\"@type\":\"WebPage\",\"@id\":\"https:\/\/chiro2024.thewire.dev\/fr\/la-fcrc\/\",\"url\":\"https:\/\/chiro2024.thewire.dev\/fr\/la-fcrc\/\",\"name\":\"La FCRC - Association chiropratique canadienne\",\"isPartOf\":{\"@id\":\"https:\/\/chiro2024.thewire.dev\/fr\/#website\"},\"primaryImageOfPage\":{\"@id\":\"https:\/\/chiro2024.thewire.dev\/fr\/la-fcrc\/#primaryimage\"},\"image\":{\"@id\":\"https:\/\/chiro2024.thewire.dev\/fr\/la-fcrc\/#primaryimage\"},\"thumbnailUrl\":\"https:\/\/chiro2024.thewire.dev\/wp-content\/uploads\/2022\/10\/iStock-1432274191.jpg\",\"datePublished\":\"2022-11-03T19:03:57+00:00\",\"dateModified\":\"2022-11-07T22:10:20+00:00\",\"description\":\"Depuis 1976, la Fondation canadienne pour la recherche en chiropratique (FCRC) finance des projets de recherche qui r\u00e9pondent aux besoins des Canadiens et de la profession chiropratique.\",\"breadcrumb\":{\"@id\":\"https:\/\/chiro2024.thewire.dev\/fr\/la-fcrc\/#breadcrumb\"},\"inLanguage\":\"fr-FR\",\"potentialAction\":[{\"@type\":\"ReadAction\",\"target\":[\"https:\/\/chiro2024.thewire.dev\/fr\/la-fcrc\/\"]}]},{\"@type\":\"ImageObject\",\"inLanguage\":\"fr-FR\",\"@id\":\"https:\/\/chiro2024.thewire.dev\/fr\/la-fcrc\/#primaryimage\",\"url\":\"https:\/\/chiro2024.thewire.dev\/wp-content\/uploads\/2022\/10\/iStock-1432274191.jpg\",\"contentUrl\":\"https:\/\/chiro2024.thewire.dev\/wp-content\/uploads\/2022\/10\/iStock-1432274191.jpg\",\"width\":1258,\"height\":833,\"caption\":\"Medical team using laptop in hospital\"},{\"@type\":\"BreadcrumbList\",\"@id\":\"https:\/\/chiro2024.thewire.dev\/fr\/la-fcrc\/#breadcrumb\",\"itemListElement\":[{\"@type\":\"ListItem\",\"position\":1,\"name\":\"Home\",\"item\":\"https:\/\/chiro2024.thewire.dev\/fr\/\"},{\"@type\":\"ListItem\",\"position\":2,\"name\":\"La FCRC\"}]},{\"@type\":\"WebSite\",\"@id\":\"https:\/\/chiro2024.thewire.dev\/fr\/#website\",\"url\":\"https:\/\/chiro2024.thewire.dev\/fr\/\",\"name\":\"Association chiropratique canadienne\",\"description\":\"Chiropractors helping Canadians live healthier lives\",\"publisher\":{\"@id\":\"https:\/\/chiro2024.thewire.dev\/fr\/#organization\"},\"potentialAction\":[{\"@type\":\"SearchAction\",\"target\":{\"@type\":\"EntryPoint\",\"urlTemplate\":\"https:\/\/chiro2024.thewire.dev\/fr\/?s={search_term_string}\"},\"query-input\":\"required name=search_term_string\"}],\"inLanguage\":\"fr-FR\"},{\"@type\":\"Organization\",\"@id\":\"https:\/\/chiro2024.thewire.dev\/fr\/#organization\",\"name\":\"Association chiropratique canadienne\",\"url\":\"https:\/\/chiro2024.thewire.dev\/fr\/\",\"logo\":{\"@type\":\"ImageObject\",\"inLanguage\":\"fr-FR\",\"@id\":\"https:\/\/chiro2024.thewire.dev\/fr\/#\/schema\/logo\/image\/\",\"url\":\"https:\/\/chiro2024.thewire.dev\/wp-content\/uploads\/2022\/08\/cca-logo.svg\",\"contentUrl\":\"https:\/\/chiro2024.thewire.dev\/wp-content\/uploads\/2022\/08\/cca-logo.svg\",\"caption\":\"Association chiropratique canadienne\"},\"image\":{\"@id\":\"https:\/\/chiro2024.thewire.dev\/fr\/#\/schema\/logo\/image\/\"}}]}<\/script>\n<!-- \/ Yoast SEO plugin. -->","yoast_head_json":{"title":"Association chiropratique canadienne","description":"Depuis 1976, la Fondation canadienne pour la recherche en chiropratique (FCRC) finance des projets de recherche qui r\u00e9pondent aux besoins des Canadiens et de la profession chiropratique.","robots":{"index":"noindex","follow":"follow","max-snippet":"max-snippet:-1","max-image-preview":"max-image-preview:large","max-video-preview":"max-video-preview:-1"},"og_locale":"fr_FR","og_type":"article","og_title":"La FCRC - Association chiropratique canadienne","og_description":"Depuis 1976, la Fondation canadienne pour la recherche en chiropratique (FCRC) finance des projets de recherche qui r\u00e9pondent aux besoins des Canadiens et de la profession chiropratique.","og_url":"https:\/\/chiro2024.thewire.dev\/fr\/la-fcrc\/","og_site_name":"Association chiropratique canadienne","article_modified_time":"2022-11-07T22:10:20+00:00","og_image":[{"width":1258,"height":833,"url":"https:\/\/chiro2024.thewire.dev\/wp-content\/uploads\/2022\/10\/iStock-1432274191.jpg","type":"image\/jpeg"}],"twitter_card":"summary_large_image","twitter_misc":{"Dur\u00e9e de lecture estim\u00e9e":"1 minute"},"schema":{"@context":"https:\/\/schema.org","@graph":[{"@type":"WebPage","@id":"https:\/\/chiro2024.thewire.dev\/fr\/la-fcrc\/","url":"https:\/\/chiro2024.thewire.dev\/fr\/la-fcrc\/","name":"La FCRC - Association chiropratique canadienne","isPartOf":{"@id":"https:\/\/chiro2024.thewire.dev\/fr\/#website"},"primaryImageOfPage":{"@id":"https:\/\/chiro2024.thewire.dev\/fr\/la-fcrc\/#primaryimage"},"image":{"@id":"https:\/\/chiro2024.thewire.dev\/fr\/la-fcrc\/#primaryimage"},"thumbnailUrl":"https:\/\/chiro2024.thewire.dev\/wp-content\/uploads\/2022\/10\/iStock-1432274191.jpg","datePublished":"2022-11-03T19:03:57+00:00","dateModified":"2022-11-07T22:10:20+00:00","description":"Depuis 1976, la Fondation canadienne pour la recherche en chiropratique (FCRC) finance des projets de recherche qui r\u00e9pondent aux besoins des Canadiens et de la profession chiropratique.","breadcrumb":{"@id":"https:\/\/chiro2024.thewire.dev\/fr\/la-fcrc\/#breadcrumb"},"inLanguage":"fr-FR","potentialAction":[{"@type":"ReadAction","target":["https:\/\/chiro2024.thewire.dev\/fr\/la-fcrc\/"]}]},{"@type":"ImageObject","inLanguage":"fr-FR","@id":"https:\/\/chiro2024.thewire.dev\/fr\/la-fcrc\/#primaryimage","url":"https:\/\/chiro2024.thewire.dev\/wp-content\/uploads\/2022\/10\/iStock-1432274191.jpg","contentUrl":"https:\/\/chiro2024.thewire.dev\/wp-content\/uploads\/2022\/10\/iStock-1432274191.jpg","width":1258,"height":833,"caption":"Medical team using laptop in hospital"},{"@type":"BreadcrumbList","@id":"https:\/\/chiro2024.thewire.dev\/fr\/la-fcrc\/#breadcrumb","itemListElement":[{"@type":"ListItem","position":1,"name":"Home","item":"https:\/\/chiro2024.thewire.dev\/fr\/"},{"@type":"ListItem","position":2,"name":"La FCRC"}]},{"@type":"WebSite","@id":"https:\/\/chiro2024.thewire.dev\/fr\/#website","url":"https:\/\/chiro2024.thewire.dev\/fr\/","name":"Association chiropratique canadienne","description":"Chiropractors helping Canadians live healthier lives","publisher":{"@id":"https:\/\/chiro2024.thewire.dev\/fr\/#organization"},"potentialAction":[{"@type":"SearchAction","target":{"@type":"EntryPoint","urlTemplate":"https:\/\/chiro2024.thewire.dev\/fr\/?s={search_term_string}"},"query-input":"required name=search_term_string"}],"inLanguage":"fr-FR"},{"@type":"Organization","@id":"https:\/\/chiro2024.thewire.dev\/fr\/#organization","name":"Association chiropratique canadienne","url":"https:\/\/chiro2024.thewire.dev\/fr\/","logo":{"@type":"ImageObject","inLanguage":"fr-FR","@id":"https:\/\/chiro2024.thewire.dev\/fr\/#\/schema\/logo\/image\/","url":"https:\/\/chiro2024.thewire.dev\/wp-content\/uploads\/2022\/08\/cca-logo.svg","contentUrl":"https:\/\/chiro2024.thewire.dev\/wp-content\/uploads\/2022\/08\/cca-logo.svg","caption":"Association chiropratique canadienne"},"image":{"@id":"https:\/\/chiro2024.thewire.dev\/fr\/#\/schema\/logo\/image\/"}}]}},"_links":{"self":[{"href":"https:\/\/chiro2024.thewire.dev\/fr\/wp-json\/wp\/v2\/pages\/69738"}],"collection":[{"href":"https:\/\/chiro2024.thewire.dev\/fr\/wp-json\/wp\/v2\/pages"}],"about":[{"href":"https:\/\/chiro2024.thewire.dev\/fr\/wp-json\/wp\/v2\/types\/page"}],"author":[{"embeddable":true,"href":"https:\/\/chiro2024.thewire.dev\/fr\/wp-json\/wp\/v2\/users\/13548"}],"replies":[{"embeddable":true,"href":"https:\/\/chiro2024.thewire.dev\/fr\/wp-json\/wp\/v2\/comments?post=69738"}],"version-history":[{"count":1,"href":"https:\/\/chiro2024.thewire.dev\/fr\/wp-json\/wp\/v2\/pages\/69738\/revisions"}],"predecessor-version":[{"id":69739,"href":"https:\/\/chiro2024.thewire.dev\/fr\/wp-json\/wp\/v2\/pages\/69738\/revisions\/69739"}],"wp:featuredmedia":[{"embeddable":true,"href":"https:\/\/chiro2024.thewire.dev\/fr\/wp-json\/wp\/v2\/media\/68916"}],"wp:attachment":[{"href":"https:\/\/chiro2024.thewire.dev\/fr\/wp-json\/wp\/v2\/media?parent=69738"}],"wp:term":[{"taxonomy":"page_category","embeddable":true,"href":"https:\/\/chiro2024.thewire.dev\/fr\/wp-json\/wp\/v2\/page_category?post=69738"}],"curies":[{"name":"wp","href":"https:\/\/api.w.org\/{rel}","templated":true}]}}