{"id":69727,"date":"2014-04-09T15:51:36","date_gmt":"2014-04-09T19:51:36","guid":{"rendered":"https:\/\/chiropractic.ca\/a-propos-des-chiropraticiens-canadiens\/"},"modified":"2023-07-25T09:28:31","modified_gmt":"2023-07-25T13:28:31","slug":"a-propos-des-chiropraticiens-canadiens","status":"publish","type":"page","link":"https:\/\/chiro2024.thewire.dev\/fr\/a-propos-des-chiropraticiens-canadiens\/","title":{"rendered":"\u00c0 propos des chiropraticiens canadiens"},"content":{"rendered":"<header class=\"hero hero-large alignfull\"><div class=\"ct-container\"><figure class=\"animated fadeIn\"><div class=\"ct-media-container\"><img decoding=\"async\" width=\"2400\" height=\"1600\" src=\"https:\/\/chiro2024.thewire.dev\/wp-content\/uploads\/2022\/11\/CCA-Canadian-Chiropractors.jpg\" class=\"attachment-full size-full\" alt=\"Canadian Chiropractors\" srcset=\"https:\/\/chiro2024.thewire.dev\/wp-content\/uploads\/2022\/11\/CCA-Canadian-Chiropractors.jpg 2400w, https:\/\/chiro2024.thewire.dev\/wp-content\/uploads\/2022\/11\/CCA-Canadian-Chiropractors-400x267.jpg 400w, https:\/\/chiro2024.thewire.dev\/wp-content\/uploads\/2022\/11\/CCA-Canadian-Chiropractors-1024x683.jpg 1024w, https:\/\/chiro2024.thewire.dev\/wp-content\/uploads\/2022\/11\/CCA-Canadian-Chiropractors-768x512.jpg 768w, https:\/\/chiro2024.thewire.dev\/wp-content\/uploads\/2022\/11\/CCA-Canadian-Chiropractors-1536x1024.jpg 1536w, https:\/\/chiro2024.thewire.dev\/wp-content\/uploads\/2022\/11\/CCA-Canadian-Chiropractors-2048x1365.jpg 2048w\" sizes=\"(max-width: 2400px) 100vw, 2400px\" style=\"aspect-ratio: 16\/9;\" \/><\/div><\/figure><div class=\"wp-block-columns is-not-stacked-on-mobile\"><div class=\"wp-block-column\" style=\"flex-basis: 55%;\"><h1 class=\"animated fadeIn\">\u00c0 propos des chiropraticiens canadiens<\/h1><div class=\"is-style-lead-text\" content-device=\"desktop\"><p>En tant qu\u2019experts en sant\u00e9 de la colonne vert\u00e9brale, des muscles et du syst\u00e8me nerveux, les chiropraticiens offrent des traitements sp\u00e9cialis\u00e9s efficaces qui favorisent la sant\u00e9, soulagent les douleurs et am\u00e9liorent la qualit\u00e9 de vie.<\/p>\n<\/div><\/div><div class=\"wp-block-column\"><\/div><\/div><\/div><div class=\"shape-divider-bottom\">\n\t\t\t\t<svg xmlns=\"http:\/\/www.w3.org\/2000\/svg\" viewBox=\"0 0 2419.94 122.9\"><path id=\"Path_240\" class=\"cls-1\" d=\"M0,49.78C124.41-31.69,584.23,5.21,823.77,32.17c239.54,26.96,751.95,124.97,1269.64,17.61,58.43-12.12,280.19-83,319.61-18.2,7.57,12.44,9.72,32.23,2.36,48.08-21.49,46.26-117.05,43.59-150,43-136.67-2.44-1027.9-1.62-2262-1L0,49.78Z\"\/><\/svg>\n\t\t\t\t<\/div><\/header><div class=\"is-style-lead-text\" aria-hidden=\"true\" content-device=\"mobile\"><p>En tant qu\u2019experts en sant\u00e9 de la colonne vert\u00e9brale, des muscles et du syst\u00e8me nerveux, les chiropraticiens offrent des traitements sp\u00e9cialis\u00e9s efficaces qui favorisent la sant\u00e9, soulagent les douleurs et am\u00e9liorent la qualit\u00e9 de vie.<\/p>\n<\/div>\n\n\n<div class=\"wp-block-columns is-layout-flex wp-container-core-columns-is-layout-1 wp-block-columns-is-layout-flex\">\n<div class=\"wp-block-column is-layout-flow wp-block-column-is-layout-flow\" style=\"flex-basis:66.66%\">\n<p>On compte plus de 9 000 chiropraticiens agr\u00e9\u00e9s au Canada. Pour devenir docteur en chiropratique (DC), chacun d\u2019eux a re\u00e7u une formation th\u00e9orique et pratique rigoureuse qui r\u00e9pond \u00e0 des normes nationales, et a r\u00e9ussi un examen d\u2019agr\u00e9ment provincial. <br><\/p>\n\n\n\n<p>Les chiropraticiens canadiens adoptent des principes de pratique fond\u00e9s sur des donn\u00e9es probantes pour guider la prise de d\u00e9cision clinique en int\u00e9grant leur expertise clinique, les pr\u00e9f\u00e9rences et les valeurs des patients et les meilleures preuves scientifiques disponibles.<\/p>\n\n\n\n<h2 class=\"wp-block-heading\">Comment devient-on chiropraticien au Canada?<\/h2>\n\n\n\n<p>Tout comme la m\u00e9decine, les sciences infirmi\u00e8res, la dentisterie et d\u2019autres professions de la sant\u00e9, la chiropratique est r\u00e9gie par des organismes de r\u00e9glementation et d\u2019agr\u00e9ment. Chacun de ces organismes de r\u00e9glementation a le mandat d\u2019accorder les permis d\u2019exercer la chiropratique dans sa province, d\u2019\u00e9tablir les normes de pratique et de prot\u00e9ger les int\u00e9r\u00eats du public. Le processus de r\u00e9glementation comprend des programmes d\u2019\u00e9valuation par les pairs, des normes de formation continue, l\u2019\u00e9tude des plaintes et des mesures disciplinaires \u00e0 l\u2019encontre des praticiens qui ne se conforment pas aux normes d\u2019exercice de la province.  <\/p>\n\n\n\n<p>La <a href=\"https:\/\/www.chirofed.ca\/\">F\u00e9d\u00e9ration chiropratique canadienne<\/a> constitue un forum national qui permet aux organismes de r\u00e9glementation provinciaux d\u2019\u00e9changer et de collaborer sur des questions d\u2019int\u00e9r\u00eat commun.<\/p>\n\n\n\n<p>Tous les Canadiens ont droit \u00e0 des soins de sant\u00e9 s\u00fbrs et comp\u00e9tents. Si vous avez des questions ou des pr\u00e9occupations sur les soins chiropratiques que vous recevez, <a href=\"https:\/\/chiro2024.thewire.dev\/fr\/associations-provinciales-et-organismes-de-reglementation\/\">communiquez avec l\u2019ordre professionnel de votre province.<\/a><\/p>\n<\/div>\n\n\n\n<div class=\"wp-block-column is-layout-flow wp-block-column-is-layout-flow\" style=\"flex-basis:33.33%\">\n<div class=\"wp-block-group is-style-callout-green is-layout-flow wp-block-group-is-layout-flow\">\n<p>Pr\u00e8s de cinq millions de Canadiens consultent en chiropratique tous les ans.<\/p>\n\n\n\n<figure class=\"wp-block-embed is-type-video is-provider-youtube wp-block-embed-youtube wp-embed-aspect-16-9 wp-has-aspect-ratio\"><div class=\"wp-block-embed__wrapper\">\n<iframe title=\"CCA - Chiropractic care and you (FR)\" width=\"1395\" height=\"785\" src=\"https:\/\/www.youtube.com\/embed\/DXz1Py2lS7Q?feature=oembed&#038;modestbranding=1&#038;showinfo=0&#038;rel=0\" frameborder=\"0\" allow=\"accelerometer; autoplay; clipboard-write; encrypted-media; gyroscope; picture-in-picture; web-share\" allowfullscreen><\/iframe>\n<\/div><\/figure>\n<\/div>\n<\/div>\n<\/div>\n\n\n\n<div style=\"height:1.5rem\" aria-hidden=\"true\" class=\"wp-block-spacer\"><\/div>\n\n\n\n<div class=\"wp-block-columns is-layout-flex wp-container-core-columns-is-layout-2 wp-block-columns-is-layout-flex\">\n<div class=\"wp-block-column is-layout-flow wp-block-column-is-layout-flow\" style=\"flex-basis:66.66%\">\n<h2 class=\"wp-block-heading\">De quelle formation avez-vous besoin pour devenir chiropraticien?<\/h2>\n\n\n\n<p>Le Canadian Memorial Chiropractic College (CMCC) \u00e0 Toronto et l\u2019Universit\u00e9 du Qu\u00e9bec \u00e0 Trois-Rivi\u00e8res (UQTR) offrent tous deux des programmes agr\u00e9\u00e9s par la F\u00e9d\u00e9ration chiropratique canadienne des organismes de r\u00e9glementation professionnelle et d\u2019agr\u00e9ment des programmes d\u2019enseignement (la F\u00e9d\u00e9ration). Le CMCC et l\u2019UQTR sont des \u00e9tablissements d\u2019enseignement reconnus dans leur province respective, l\u2019Ontario et le Qu\u00e9bec.<\/p>\n\n\n\n<p>\u00c0 l\u2019instar de l\u2019ensemble des professionnels de la sant\u00e9, les chiropraticiens sont soumis \u00e0 un programme d\u2019\u00e9tudes rigoureux. Les conditions d\u2019admission y sont \u00e9lev\u00e9es : les candidats au programme agr\u00e9\u00e9 du CMCC doivent avoir suivi une formation universitaire pr\u00e9alable d\u2019au moins trois ans. Le programme du CMCC comporte quatre ans d\u2019\u00e9tudes \u00e0 temps plein. Au Qu\u00e9bec, les candidats doivent au pr\u00e9alable d\u00e9tenir un dipl\u00f4me d\u2019un coll\u00e8ge d\u2019enseignement g\u00e9n\u00e9ral et professionnel (c\u00e9gep). Le programme de chiropratique de l\u2019UQTR dure cinq ans.<\/p>\n\n\n\n<p>Les ant\u00e9c\u00e9dents tr\u00e8s diversifi\u00e9s des enseignants du CMCC et de l\u2019UQTR assurent aux \u00e9tudiants un vaste champ d\u2019exp\u00e9riences. En effet, outre la chiropratique, ils proviennent de divers secteurs, notamment les sciences biologiques, la pathologie, la m\u00e9decine et la psychologie.<\/p>\n\n\n\n<h2 class=\"wp-block-heading\">Examens d\u2019agr\u00e9ment<\/h2>\n\n\n\n<p>Le Conseil canadien des examens chiropratiques (CCEC) coordonne la tenue d\u2019examens nationaux pouss\u00e9s que tout dipl\u00f4m\u00e9 doit r\u00e9ussir pour obtenir d\u2019une autorit\u00e9 provinciale de r\u00e9glementation le droit d\u2019exercer. Les chiropraticiens form\u00e9s \u00e0 l\u2019\u00e9tranger doivent \u00e9galement r\u00e9ussir ces examens d\u2019agr\u00e9ment canadiens pour avoir le droit d\u2019exercer au pays.<\/p>\n\n\n\n<p><\/p>\n<\/div>\n\n\n\n<div class=\"wp-block-column is-layout-flow wp-block-column-is-layout-flow\" style=\"flex-basis:33.33%\">\n<div class=\"wp-block-group is-style-callout-red is-layout-flow wp-block-group-is-layout-flow\">\n<p>Le Canadian Memorial Chiropractic College (CMCC) \u00e0 Toronto et l\u2019Universit\u00e9 du Qu\u00e9bec \u00e0 Trois-Rivi\u00e8res (UQTR) offrent tous deux des programmes agr\u00e9\u00e9s par la F\u00e9d\u00e9ration chiropratique canadienne des organismes de r\u00e9glementation professionnelle et d\u2019agr\u00e9ment des programmes d\u2019enseignement (la F\u00e9d\u00e9ration).<\/p>\n<\/div>\n<\/div>\n<\/div>\n\n\n\n<p><\/p>\n","protected":false},"excerpt":{"rendered":"<p>On compte plus de 9 000 chiropraticiens agr\u00e9\u00e9s au Canada. Pour devenir docteur en chiropratique (DC), chacun d\u2019eux a re\u00e7u une formation th\u00e9orique et pratique rigoureuse qui r\u00e9pond \u00e0 des normes nationales, et a r\u00e9ussi un examen d\u2019agr\u00e9ment provincial. Les chiropraticiens canadiens adoptent des principes de pratique fond\u00e9s sur des donn\u00e9es probantes pour guider la [&hellip;]<\/p>\n","protected":false},"author":9,"featured_media":71108,"parent":0,"menu_order":1,"comment_status":"closed","ping_status":"closed","template":"","meta":{"_acf_changed":false,"_relevanssi_hide_post":"","_relevanssi_hide_content":"","_relevanssi_pin_for_all":"","_relevanssi_pin_keywords":"","_relevanssi_unpin_keywords":"","_relevanssi_related_keywords":"","_relevanssi_related_include_ids":"","_relevanssi_related_exclude_ids":"","_relevanssi_related_no_append":"","_relevanssi_related_not_related":"","_relevanssi_related_posts":"69307,69977,71031","_relevanssi_noindex_reason":"","footnotes":""},"page_category":[2917],"blocksy_meta":{"styles_descriptor":{"styles":{"desktop":"","tablet":"","mobile":""},"google_fonts":[],"version":6}},"acf":[],"yoast_head":"<!-- This site is optimized with the Yoast SEO plugin v22.8 - https:\/\/yoast.com\/wordpress\/plugins\/seo\/ -->\n<title>Association chiropratique canadienne<\/title>\n<meta name=\"description\" content=\"Les chiropraticiens canadiens diagnostiquent les causes et traitent les patients pour soulager la douleur et les aider \u00e0 rester en bonne sant\u00e9 et actifs.\" \/>\n<meta name=\"robots\" content=\"noindex, follow, max-snippet:-1, max-image-preview:large, max-video-preview:-1\" \/>\n<meta property=\"og:locale\" content=\"fr_FR\" \/>\n<meta property=\"og:type\" content=\"article\" \/>\n<meta property=\"og:title\" content=\"\u00c0 propos des chiropraticiens canadiens - Association chiropratique canadienne\" \/>\n<meta property=\"og:description\" content=\"Les chiropraticiens canadiens diagnostiquent les causes et traitent les patients pour soulager la douleur et les aider \u00e0 rester en bonne sant\u00e9 et actifs.\" \/>\n<meta property=\"og:url\" content=\"https:\/\/chiro2024.thewire.dev\/fr\/a-propos-des-chiropraticiens-canadiens\/\" \/>\n<meta property=\"og:site_name\" content=\"Association chiropratique canadienne\" \/>\n<meta property=\"article:modified_time\" content=\"2023-07-25T13:28:31+00:00\" \/>\n<meta property=\"og:image\" content=\"https:\/\/chiro2024.thewire.dev\/wp-content\/uploads\/2022\/11\/CCA-Canadian-Chiropractors.jpg\" \/>\n\t<meta property=\"og:image:width\" content=\"2400\" \/>\n\t<meta property=\"og:image:height\" content=\"1600\" \/>\n\t<meta property=\"og:image:type\" content=\"image\/jpeg\" \/>\n<meta name=\"twitter:card\" content=\"summary_large_image\" \/>\n<meta name=\"twitter:label1\" content=\"Dur\u00e9e de lecture estim\u00e9e\" \/>\n\t<meta name=\"twitter:data1\" content=\"3 minutes\" \/>\n<script type=\"application\/ld+json\" class=\"yoast-schema-graph\">{\"@context\":\"https:\/\/schema.org\",\"@graph\":[{\"@type\":\"WebPage\",\"@id\":\"https:\/\/chiro2024.thewire.dev\/fr\/a-propos-des-chiropraticiens-canadiens\/\",\"url\":\"https:\/\/chiro2024.thewire.dev\/fr\/a-propos-des-chiropraticiens-canadiens\/\",\"name\":\"\u00c0 propos des chiropraticiens canadiens - Association chiropratique canadienne\",\"isPartOf\":{\"@id\":\"https:\/\/chiro2024.thewire.dev\/fr\/#website\"},\"primaryImageOfPage\":{\"@id\":\"https:\/\/chiro2024.thewire.dev\/fr\/a-propos-des-chiropraticiens-canadiens\/#primaryimage\"},\"image\":{\"@id\":\"https:\/\/chiro2024.thewire.dev\/fr\/a-propos-des-chiropraticiens-canadiens\/#primaryimage\"},\"thumbnailUrl\":\"https:\/\/chiro2024.thewire.dev\/wp-content\/uploads\/2022\/11\/CCA-Canadian-Chiropractors.jpg\",\"datePublished\":\"2014-04-09T19:51:36+00:00\",\"dateModified\":\"2023-07-25T13:28:31+00:00\",\"description\":\"Les chiropraticiens canadiens diagnostiquent les causes et traitent les patients pour soulager la douleur et les aider \u00e0 rester en bonne sant\u00e9 et actifs.\",\"breadcrumb\":{\"@id\":\"https:\/\/chiro2024.thewire.dev\/fr\/a-propos-des-chiropraticiens-canadiens\/#breadcrumb\"},\"inLanguage\":\"fr-FR\",\"potentialAction\":[{\"@type\":\"ReadAction\",\"target\":[\"https:\/\/chiro2024.thewire.dev\/fr\/a-propos-des-chiropraticiens-canadiens\/\"]}]},{\"@type\":\"ImageObject\",\"inLanguage\":\"fr-FR\",\"@id\":\"https:\/\/chiro2024.thewire.dev\/fr\/a-propos-des-chiropraticiens-canadiens\/#primaryimage\",\"url\":\"https:\/\/chiro2024.thewire.dev\/wp-content\/uploads\/2022\/11\/CCA-Canadian-Chiropractors.jpg\",\"contentUrl\":\"https:\/\/chiro2024.thewire.dev\/wp-content\/uploads\/2022\/11\/CCA-Canadian-Chiropractors.jpg\",\"width\":2400,\"height\":1600,\"caption\":\"Canadian Chiropractors\"},{\"@type\":\"BreadcrumbList\",\"@id\":\"https:\/\/chiro2024.thewire.dev\/fr\/a-propos-des-chiropraticiens-canadiens\/#breadcrumb\",\"itemListElement\":[{\"@type\":\"ListItem\",\"position\":1,\"name\":\"Home\",\"item\":\"https:\/\/chiro2024.thewire.dev\/fr\/\"},{\"@type\":\"ListItem\",\"position\":2,\"name\":\"\u00c0 propos des chiropraticiens canadiens\"}]},{\"@type\":\"WebSite\",\"@id\":\"https:\/\/chiro2024.thewire.dev\/fr\/#website\",\"url\":\"https:\/\/chiro2024.thewire.dev\/fr\/\",\"name\":\"Association chiropratique canadienne\",\"description\":\"Chiropractors helping Canadians live healthier lives\",\"publisher\":{\"@id\":\"https:\/\/chiro2024.thewire.dev\/fr\/#organization\"},\"potentialAction\":[{\"@type\":\"SearchAction\",\"target\":{\"@type\":\"EntryPoint\",\"urlTemplate\":\"https:\/\/chiro2024.thewire.dev\/fr\/?s={search_term_string}\"},\"query-input\":\"required name=search_term_string\"}],\"inLanguage\":\"fr-FR\"},{\"@type\":\"Organization\",\"@id\":\"https:\/\/chiro2024.thewire.dev\/fr\/#organization\",\"name\":\"Association chiropratique canadienne\",\"url\":\"https:\/\/chiro2024.thewire.dev\/fr\/\",\"logo\":{\"@type\":\"ImageObject\",\"inLanguage\":\"fr-FR\",\"@id\":\"https:\/\/chiro2024.thewire.dev\/fr\/#\/schema\/logo\/image\/\",\"url\":\"https:\/\/chiro2024.thewire.dev\/wp-content\/uploads\/2022\/08\/cca-logo.svg\",\"contentUrl\":\"https:\/\/chiro2024.thewire.dev\/wp-content\/uploads\/2022\/08\/cca-logo.svg\",\"caption\":\"Association chiropratique canadienne\"},\"image\":{\"@id\":\"https:\/\/chiro2024.thewire.dev\/fr\/#\/schema\/logo\/image\/\"}}]}<\/script>\n<!-- \/ Yoast SEO plugin. -->","yoast_head_json":{"title":"Association chiropratique canadienne","description":"Les chiropraticiens canadiens diagnostiquent les causes et traitent les patients pour soulager la douleur et les aider \u00e0 rester en bonne sant\u00e9 et actifs.","robots":{"index":"noindex","follow":"follow","max-snippet":"max-snippet:-1","max-image-preview":"max-image-preview:large","max-video-preview":"max-video-preview:-1"},"og_locale":"fr_FR","og_type":"article","og_title":"\u00c0 propos des chiropraticiens canadiens - Association chiropratique canadienne","og_description":"Les chiropraticiens canadiens diagnostiquent les causes et traitent les patients pour soulager la douleur et les aider \u00e0 rester en bonne sant\u00e9 et actifs.","og_url":"https:\/\/chiro2024.thewire.dev\/fr\/a-propos-des-chiropraticiens-canadiens\/","og_site_name":"Association chiropratique canadienne","article_modified_time":"2023-07-25T13:28:31+00:00","og_image":[{"width":2400,"height":1600,"url":"https:\/\/chiro2024.thewire.dev\/wp-content\/uploads\/2022\/11\/CCA-Canadian-Chiropractors.jpg","type":"image\/jpeg"}],"twitter_card":"summary_large_image","twitter_misc":{"Dur\u00e9e de lecture estim\u00e9e":"3 minutes"},"schema":{"@context":"https:\/\/schema.org","@graph":[{"@type":"WebPage","@id":"https:\/\/chiro2024.thewire.dev\/fr\/a-propos-des-chiropraticiens-canadiens\/","url":"https:\/\/chiro2024.thewire.dev\/fr\/a-propos-des-chiropraticiens-canadiens\/","name":"\u00c0 propos des chiropraticiens canadiens - Association chiropratique canadienne","isPartOf":{"@id":"https:\/\/chiro2024.thewire.dev\/fr\/#website"},"primaryImageOfPage":{"@id":"https:\/\/chiro2024.thewire.dev\/fr\/a-propos-des-chiropraticiens-canadiens\/#primaryimage"},"image":{"@id":"https:\/\/chiro2024.thewire.dev\/fr\/a-propos-des-chiropraticiens-canadiens\/#primaryimage"},"thumbnailUrl":"https:\/\/chiro2024.thewire.dev\/wp-content\/uploads\/2022\/11\/CCA-Canadian-Chiropractors.jpg","datePublished":"2014-04-09T19:51:36+00:00","dateModified":"2023-07-25T13:28:31+00:00","description":"Les chiropraticiens canadiens diagnostiquent les causes et traitent les patients pour soulager la douleur et les aider \u00e0 rester en bonne sant\u00e9 et actifs.","breadcrumb":{"@id":"https:\/\/chiro2024.thewire.dev\/fr\/a-propos-des-chiropraticiens-canadiens\/#breadcrumb"},"inLanguage":"fr-FR","potentialAction":[{"@type":"ReadAction","target":["https:\/\/chiro2024.thewire.dev\/fr\/a-propos-des-chiropraticiens-canadiens\/"]}]},{"@type":"ImageObject","inLanguage":"fr-FR","@id":"https:\/\/chiro2024.thewire.dev\/fr\/a-propos-des-chiropraticiens-canadiens\/#primaryimage","url":"https:\/\/chiro2024.thewire.dev\/wp-content\/uploads\/2022\/11\/CCA-Canadian-Chiropractors.jpg","contentUrl":"https:\/\/chiro2024.thewire.dev\/wp-content\/uploads\/2022\/11\/CCA-Canadian-Chiropractors.jpg","width":2400,"height":1600,"caption":"Canadian Chiropractors"},{"@type":"BreadcrumbList","@id":"https:\/\/chiro2024.thewire.dev\/fr\/a-propos-des-chiropraticiens-canadiens\/#breadcrumb","itemListElement":[{"@type":"ListItem","position":1,"name":"Home","item":"https:\/\/chiro2024.thewire.dev\/fr\/"},{"@type":"ListItem","position":2,"name":"\u00c0 propos des chiropraticiens canadiens"}]},{"@type":"WebSite","@id":"https:\/\/chiro2024.thewire.dev\/fr\/#website","url":"https:\/\/chiro2024.thewire.dev\/fr\/","name":"Association chiropratique canadienne","description":"Chiropractors helping Canadians live healthier lives","publisher":{"@id":"https:\/\/chiro2024.thewire.dev\/fr\/#organization"},"potentialAction":[{"@type":"SearchAction","target":{"@type":"EntryPoint","urlTemplate":"https:\/\/chiro2024.thewire.dev\/fr\/?s={search_term_string}"},"query-input":"required name=search_term_string"}],"inLanguage":"fr-FR"},{"@type":"Organization","@id":"https:\/\/chiro2024.thewire.dev\/fr\/#organization","name":"Association chiropratique canadienne","url":"https:\/\/chiro2024.thewire.dev\/fr\/","logo":{"@type":"ImageObject","inLanguage":"fr-FR","@id":"https:\/\/chiro2024.thewire.dev\/fr\/#\/schema\/logo\/image\/","url":"https:\/\/chiro2024.thewire.dev\/wp-content\/uploads\/2022\/08\/cca-logo.svg","contentUrl":"https:\/\/chiro2024.thewire.dev\/wp-content\/uploads\/2022\/08\/cca-logo.svg","caption":"Association chiropratique canadienne"},"image":{"@id":"https:\/\/chiro2024.thewire.dev\/fr\/#\/schema\/logo\/image\/"}}]}},"_links":{"self":[{"href":"https:\/\/chiro2024.thewire.dev\/fr\/wp-json\/wp\/v2\/pages\/69727"}],"collection":[{"href":"https:\/\/chiro2024.thewire.dev\/fr\/wp-json\/wp\/v2\/pages"}],"about":[{"href":"https:\/\/chiro2024.thewire.dev\/fr\/wp-json\/wp\/v2\/types\/page"}],"author":[{"embeddable":true,"href":"https:\/\/chiro2024.thewire.dev\/fr\/wp-json\/wp\/v2\/users\/9"}],"replies":[{"embeddable":true,"href":"https:\/\/chiro2024.thewire.dev\/fr\/wp-json\/wp\/v2\/comments?post=69727"}],"version-history":[{"count":5,"href":"https:\/\/chiro2024.thewire.dev\/fr\/wp-json\/wp\/v2\/pages\/69727\/revisions"}],"predecessor-version":[{"id":72784,"href":"https:\/\/chiro2024.thewire.dev\/fr\/wp-json\/wp\/v2\/pages\/69727\/revisions\/72784"}],"wp:featuredmedia":[{"embeddable":true,"href":"https:\/\/chiro2024.thewire.dev\/fr\/wp-json\/wp\/v2\/media\/71108"}],"wp:attachment":[{"href":"https:\/\/chiro2024.thewire.dev\/fr\/wp-json\/wp\/v2\/media?parent=69727"}],"wp:term":[{"taxonomy":"page_category","embeddable":true,"href":"https:\/\/chiro2024.thewire.dev\/fr\/wp-json\/wp\/v2\/page_category?post=69727"}],"curies":[{"name":"wp","href":"https:\/\/api.w.org\/{rel}","templated":true}]}}