{"id":69715,"date":"2022-11-07T10:15:16","date_gmt":"2022-11-07T15:15:16","guid":{"rendered":"https:\/\/chiropractic.ca\/associations-provinciales-et-organismes-de-reglementation\/"},"modified":"2023-03-30T09:24:51","modified_gmt":"2023-03-30T13:24:51","slug":"associations-provinciales-et-organismes-de-reglementation","status":"publish","type":"page","link":"https:\/\/chiro2024.thewire.dev\/fr\/associations-provinciales-et-organismes-de-reglementation\/","title":{"rendered":"Associations provinciales et organismes de r\u00e9glementation"},"content":{"rendered":"<header class=\"hero hero-large alignfull\"><div class=\"ct-container\"><figure class=\"animated fadeIn\"><div class=\"ct-media-container\"><img decoding=\"async\" width=\"2048\" height=\"1151\" src=\"https:\/\/chiro2024.thewire.dev\/wp-content\/uploads\/2022\/11\/map-of-canada.jpg\" class=\"attachment-full size-full\" alt=\"map of Canada\" srcset=\"https:\/\/chiro2024.thewire.dev\/wp-content\/uploads\/2022\/11\/map-of-canada.jpg 2048w, https:\/\/chiro2024.thewire.dev\/wp-content\/uploads\/2022\/11\/map-of-canada-400x225.jpg 400w, https:\/\/chiro2024.thewire.dev\/wp-content\/uploads\/2022\/11\/map-of-canada-1024x576.jpg 1024w, https:\/\/chiro2024.thewire.dev\/wp-content\/uploads\/2022\/11\/map-of-canada-768x432.jpg 768w, https:\/\/chiro2024.thewire.dev\/wp-content\/uploads\/2022\/11\/map-of-canada-1536x863.jpg 1536w\" sizes=\"(max-width: 2048px) 100vw, 2048px\" style=\"aspect-ratio: 16\/9;\" \/><\/div><\/figure><div class=\"wp-block-columns is-not-stacked-on-mobile\"><div class=\"wp-block-column\" style=\"flex-basis: 55%;\"><h1 class=\"animated fadeIn\">Associations provinciales et organismes de r\u00e9glementation<\/h1><\/div><div class=\"wp-block-column\"><\/div><\/div><\/div><div class=\"shape-divider-bottom\">\n\t\t\t\t<svg xmlns=\"http:\/\/www.w3.org\/2000\/svg\" viewBox=\"0 0 2419.94 122.9\"><path id=\"Path_240\" class=\"cls-1\" d=\"M0,49.78C124.41-31.69,584.23,5.21,823.77,32.17c239.54,26.96,751.95,124.97,1269.64,17.61,58.43-12.12,280.19-83,319.61-18.2,7.57,12.44,9.72,32.23,2.36,48.08-21.49,46.26-117.05,43.59-150,43-136.67-2.44-1027.9-1.62-2262-1L0,49.78Z\"\/><\/svg>\n\t\t\t\t<\/div><\/header><div class=\"is-style-lead-text\" aria-hidden=\"true\" content-device=\"mobile\"><\/div>\n<div class=\"wp-block-columns is-layout-flex wp-container-core-columns-is-layout-1 wp-block-columns-is-layout-flex\">\n<div class=\"wp-block-column is-layout-flow wp-block-column-is-layout-flow\" style=\"flex-basis:66.66%\">\n<p class=\"is-style-lead-text\">Les dix associations provinciales repr\u00e9sentent les membres fondateurs de L\u2019Association chiropratique canadienne. Leur r\u00f4le est de d\u00e9fendre les int\u00e9r\u00eats des patients \u00e0 l\u2019\u00e9chelle r\u00e9gionale. <\/p>\n\n\n\n<p>L\u2019ACC est r\u00e9gie par un conseil d\u2019administration b\u00e9n\u00e9vole compos\u00e9 de repr\u00e9sentants de chacune des associations provinciales.<\/p>\n\n\n\n<p>Chaque province dispose \u00e9galement d\u2019un organisme de r\u00e9glementation ou ordre professionnel, \u00e9tabli par une loi, responsable de l\u2019agr\u00e9ment des praticiens, de l\u2019\u00e9tablissement de normes de pratique et de la protection du public.<\/p>\n<\/div>\n\n\n\n<div class=\"wp-block-column is-layout-flow wp-block-column-is-layout-flow\" style=\"flex-basis:33.33%\"><\/div>\n<\/div>\n\n<div style=\"height:100px\" aria-hidden=\"true\" class=\"wp-block-spacer is-style-responsive-small\"><\/div>\n\n<div class=\"wp-block-columns is-layout-flex wp-container-core-columns-is-layout-2 wp-block-columns-is-layout-flex\">\n<div class=\"wp-block-column is-layout-flow wp-block-column-is-layout-flow\">\n<p class=\"is-style-lead-text\">Newfoundland &amp; Labrador<\/p>\n\n\n\n<p>Newfoundland and Labrador Chiropractic Association <br\/><a href=\"https:\/\/nlchiropractic.ca\/\" target=\"_blank\" rel=\"noreferrer noopener\">nlchiropractic.ca<\/a><\/p>\n\n\n\n<p>Newfoundland and Labrador Chiropractic Board <br\/><a href=\"https:\/\/nlcb.ca\/\" target=\"_blank\" rel=\"noreferrer noopener\">nlcb.ca<\/a><\/p>\n<\/div>\n\n\n\n<div class=\"wp-block-column is-layout-flow wp-block-column-is-layout-flow\">\n<p class=\"is-style-lead-text\">Prince Edward Island<\/p>\n\n\n\n<p>Association des chiropraticiens de l\u2019\u00cele-du-Prince-\u00c9douard <br\/><a href=\"https:\/\/www.peichiropractic.ca\/\" target=\"_blank\" rel=\"noreferrer noopener\">peichiropractic.ca<\/a><\/p>\n<\/div>\n\n\n\n<div class=\"wp-block-column is-layout-flow wp-block-column-is-layout-flow\">\n<p class=\"is-style-lead-text\">Nova Scotia<\/p>\n\n\n\n<p>Council of the Nova Scotia College of Chiropractors <br\/><a href=\"https:\/\/knowyourback.ca\/\" target=\"_blank\" rel=\"noreferrer noopener\">knowyourback.ca<\/a><\/p>\n\n\n\n<p>Nova Scotia College of Chiropractors<br\/><a href=\"https:\/\/chiropractors.ns.ca\/\" target=\"_blank\" rel=\"noreferrer noopener\">chiropractors.ns.ca<\/a><\/p>\n<\/div>\n<\/div>\n\n<hr class=\"wp-block-separator has-text-color has-palette-color-10-color has-alpha-channel-opacity has-palette-color-10-background-color has-background is-style-wide\"\/>\n\n<div class=\"wp-block-columns is-layout-flex wp-container-core-columns-is-layout-3 wp-block-columns-is-layout-flex\">\n<div class=\"wp-block-column is-layout-flow wp-block-column-is-layout-flow\">\n<p class=\"is-style-lead-text\">New Brunswick<\/p>\n\n\n\n<p>L&#8217;Association des Chiropraticiens du Nouveau-Brunswick <br\/><a href=\"https:\/\/www.nbchiropractic.ca\/\" target=\"_blank\" rel=\"noreferrer noopener\">nbchiropractic.ca<\/a><\/p>\n<\/div>\n\n\n\n<div class=\"wp-block-column is-layout-flow wp-block-column-is-layout-flow\">\n<p class=\"is-style-lead-text\">Quebec<\/p>\n\n\n\n<p>Association des chiropraticiens du Qu\u00e9bec <br\/><a href=\"https:\/\/www.chiropratique.com\/\" target=\"_blank\" rel=\"noreferrer noopener\">chiropratique.com<\/a><\/p>\n\n\n\n<p>Ordre des chiropraticiens du Qu\u00e9bec <br\/><a href=\"https:\/\/www.ordredeschiropraticiens.ca\/fr\" target=\"_blank\" rel=\"noreferrer noopener\">ordredeschiropraticiens.ca\/fr<\/a><\/p>\n<\/div>\n\n\n\n<div class=\"wp-block-column is-layout-flow wp-block-column-is-layout-flow\">\n<p class=\"is-style-lead-text\">Ontario<\/p>\n\n\n\n<p>Association chiropratique de l\u2019Ontario <br\/><a href=\"https:\/\/www.chiropractic.on.ca\/\" target=\"_blank\" rel=\"noreferrer noopener\">chiropractic.on.ca<\/a><\/p>\n\n\n\n<p>Ordre des chiropraticiens de l\u2019Ontario <br\/><a href=\"https:\/\/www.cco.on.ca\/\" target=\"_blank\" rel=\"noreferrer noopener\">cco.on.ca<\/a><\/p>\n<\/div>\n<\/div>\n\n<hr class=\"wp-block-separator has-text-color has-palette-color-10-color has-alpha-channel-opacity has-palette-color-10-background-color has-background is-style-wide\"\/>\n\n<div class=\"wp-block-columns is-layout-flex wp-container-core-columns-is-layout-4 wp-block-columns-is-layout-flex\">\n<div class=\"wp-block-column is-layout-flow wp-block-column-is-layout-flow\">\n<p class=\"is-style-lead-text\">Manitoba<\/p>\n\n\n\n<p>Manitoba Chiropractors Association <br\/><a href=\"https:\/\/manitobachiropractors.ca\/\" target=\"_blank\" rel=\"noreferrer noopener\">manitobachiropractors.ca<\/a><\/p>\n\n\n\n<p>Manitoba Chiropractors Association, Regulatory <br\/><a href=\"https:\/\/manitobachiropractors.ca\/regulatory\/\">manitobachiropractors.ca\/regulatory\/<\/a><\/p>\n<\/div>\n\n\n\n<div class=\"wp-block-column is-layout-flow wp-block-column-is-layout-flow\">\n<p class=\"is-style-lead-text\">Saskatchewan<\/p>\n\n\n\n<p>The Chiropractors\u2019 Association of Saskatchewan <br\/><a href=\"https:\/\/www.saskchiro.ca\/\" target=\"_blank\" rel=\"noreferrer noopener\">saskchiro.ca<\/a><\/p>\n<\/div>\n\n\n\n<div class=\"wp-block-column is-layout-flow wp-block-column-is-layout-flow\">\n<p class=\"is-style-lead-text\">Alberta<\/p>\n\n\n\n<p>Chiropractic Association of Alberta <br\/><a href=\"https:\/\/www.albertachiro.com\/\" target=\"_blank\" rel=\"noreferrer noopener\">albertachiro.com<\/a> <br\/>College of Chiropractors of Alberta <br\/><a href=\"http:\/\/www.theccoa.ca\/\" target=\"_blank\" rel=\"noreferrer noopener\">theccoa.ca<\/a><\/p>\n<\/div>\n<\/div>\n\n<hr class=\"wp-block-separator has-text-color has-palette-color-10-color has-alpha-channel-opacity has-palette-color-10-background-color has-background is-style-wide\"\/>\n\n<div class=\"wp-block-columns is-layout-flex wp-container-core-columns-is-layout-5 wp-block-columns-is-layout-flex\">\n<div class=\"wp-block-column is-layout-flow wp-block-column-is-layout-flow\">\n<p class=\"is-style-lead-text\">British Columbia<\/p>\n\n\n\n<p>British Columbia Chiropractic Association <br\/><a href=\"https:\/\/www.bcchiro.com\/\" target=\"_blank\" rel=\"noreferrer noopener\">bcchiro.com<\/a><\/p>\n\n\n\n<p>College of Chiropractors of British Columbia <br\/><a href=\"https:\/\/www.chirobc.com\/\" target=\"_blank\" rel=\"noreferrer noopener\">chirobc.com<\/a><\/p>\n<\/div>\n\n\n\n<div class=\"wp-block-column is-layout-flow wp-block-column-is-layout-flow\">\n<p class=\"is-style-lead-text\">Yukon<\/p>\n\n\n\n<p>Professional Licensing and Regulatory Affairs, Yukon Government <br\/><a href=\"https:\/\/yukon.ca\/en\/doing-business\/professional-licensing\/chiropractor-optometrist-physiotherapist-and-physician\" target=\"_blank\" rel=\"noreferrer noopener\">Yukon.ca<\/a><\/p>\n<\/div>\n\n\n\n<div class=\"wp-block-column is-layout-flow wp-block-column-is-layout-flow\">\n<p><\/p>\n<\/div>\n<\/div>\n\n<div style=\"height:100px\" aria-hidden=\"true\" class=\"wp-block-spacer is-style-responsive-small\"><\/div>\n","protected":false},"excerpt":{"rendered":"<p>Les dix associations provinciales repr\u00e9sentent les membres fondateurs de L\u2019Association chiropratique canadienne. Leur r\u00f4le est de d\u00e9fendre les int\u00e9r\u00eats des patients \u00e0 l\u2019\u00e9chelle r\u00e9gionale. L\u2019ACC est r\u00e9gie par un conseil d\u2019administration b\u00e9n\u00e9vole compos\u00e9 de repr\u00e9sentants de chacune des associations provinciales. Chaque province dispose \u00e9galement d\u2019un organisme de r\u00e9glementation ou ordre professionnel, \u00e9tabli par une loi, [&hellip;]<\/p>\n","protected":false},"author":13548,"featured_media":69712,"parent":0,"menu_order":27,"comment_status":"closed","ping_status":"closed","template":"","meta":{"_acf_changed":false,"_relevanssi_hide_post":"","_relevanssi_hide_content":"","_relevanssi_pin_for_all":"","_relevanssi_pin_keywords":"","_relevanssi_unpin_keywords":"","_relevanssi_related_keywords":"","_relevanssi_related_include_ids":"","_relevanssi_related_exclude_ids":"","_relevanssi_related_no_append":"","_relevanssi_related_not_related":"","_relevanssi_related_posts":"","_relevanssi_noindex_reason":"","footnotes":""},"page_category":[2920],"blocksy_meta":{"styles_descriptor":{"styles":{"desktop":"","tablet":"","mobile":""},"google_fonts":[],"version":6}},"acf":[],"yoast_head":"<!-- This site is optimized with the Yoast SEO plugin v22.8 - https:\/\/yoast.com\/wordpress\/plugins\/seo\/ -->\n<title>Association chiropratique canadienne<\/title>\n<meta name=\"description\" content=\"Les dix associations provinciales repr\u00e9sentent les membres fondateurs de L\u2019Association chiropratique canadienne. Leur r\u00f4le est de d\u00e9fendre les int\u00e9r\u00eats\" \/>\n<meta name=\"robots\" content=\"noindex, follow, max-snippet:-1, max-image-preview:large, max-video-preview:-1\" \/>\n<meta property=\"og:locale\" content=\"fr_FR\" \/>\n<meta property=\"og:type\" content=\"article\" \/>\n<meta property=\"og:title\" content=\"Associations provinciales et organismes de r\u00e9glementation - Association chiropratique canadienne\" \/>\n<meta property=\"og:description\" content=\"Les dix associations provinciales repr\u00e9sentent les membres fondateurs de L\u2019Association chiropratique canadienne. Leur r\u00f4le est de d\u00e9fendre les int\u00e9r\u00eats\" \/>\n<meta property=\"og:url\" content=\"https:\/\/chiro2024.thewire.dev\/fr\/associations-provinciales-et-organismes-de-reglementation\/\" \/>\n<meta property=\"og:site_name\" content=\"Association chiropratique canadienne\" \/>\n<meta property=\"article:modified_time\" content=\"2023-03-30T13:24:51+00:00\" \/>\n<meta property=\"og:image\" content=\"https:\/\/chiro2024.thewire.dev\/wp-content\/uploads\/2022\/11\/map-of-canada.jpg\" \/>\n\t<meta property=\"og:image:width\" content=\"2048\" \/>\n\t<meta property=\"og:image:height\" content=\"1151\" \/>\n\t<meta property=\"og:image:type\" content=\"image\/jpeg\" \/>\n<meta name=\"twitter:card\" content=\"summary_large_image\" \/>\n<meta name=\"twitter:label1\" content=\"Dur\u00e9e de lecture estim\u00e9e\" \/>\n\t<meta name=\"twitter:data1\" content=\"1 minute\" \/>\n<script type=\"application\/ld+json\" class=\"yoast-schema-graph\">{\"@context\":\"https:\/\/schema.org\",\"@graph\":[{\"@type\":\"WebPage\",\"@id\":\"https:\/\/chiro2024.thewire.dev\/fr\/associations-provinciales-et-organismes-de-reglementation\/\",\"url\":\"https:\/\/chiro2024.thewire.dev\/fr\/associations-provinciales-et-organismes-de-reglementation\/\",\"name\":\"Associations provinciales et organismes de r\u00e9glementation - Association chiropratique canadienne\",\"isPartOf\":{\"@id\":\"https:\/\/chiro2024.thewire.dev\/fr\/#website\"},\"primaryImageOfPage\":{\"@id\":\"https:\/\/chiro2024.thewire.dev\/fr\/associations-provinciales-et-organismes-de-reglementation\/#primaryimage\"},\"image\":{\"@id\":\"https:\/\/chiro2024.thewire.dev\/fr\/associations-provinciales-et-organismes-de-reglementation\/#primaryimage\"},\"thumbnailUrl\":\"https:\/\/chiro2024.thewire.dev\/wp-content\/uploads\/2022\/11\/map-of-canada.jpg\",\"datePublished\":\"2022-11-07T15:15:16+00:00\",\"dateModified\":\"2023-03-30T13:24:51+00:00\",\"description\":\"Les dix associations provinciales repr\u00e9sentent les membres fondateurs de L\u2019Association chiropratique canadienne. Leur r\u00f4le est de d\u00e9fendre les int\u00e9r\u00eats\",\"breadcrumb\":{\"@id\":\"https:\/\/chiro2024.thewire.dev\/fr\/associations-provinciales-et-organismes-de-reglementation\/#breadcrumb\"},\"inLanguage\":\"fr-FR\",\"potentialAction\":[{\"@type\":\"ReadAction\",\"target\":[\"https:\/\/chiro2024.thewire.dev\/fr\/associations-provinciales-et-organismes-de-reglementation\/\"]}]},{\"@type\":\"ImageObject\",\"inLanguage\":\"fr-FR\",\"@id\":\"https:\/\/chiro2024.thewire.dev\/fr\/associations-provinciales-et-organismes-de-reglementation\/#primaryimage\",\"url\":\"https:\/\/chiro2024.thewire.dev\/wp-content\/uploads\/2022\/11\/map-of-canada.jpg\",\"contentUrl\":\"https:\/\/chiro2024.thewire.dev\/wp-content\/uploads\/2022\/11\/map-of-canada.jpg\",\"width\":2048,\"height\":1151,\"caption\":\"map of Canada\"},{\"@type\":\"BreadcrumbList\",\"@id\":\"https:\/\/chiro2024.thewire.dev\/fr\/associations-provinciales-et-organismes-de-reglementation\/#breadcrumb\",\"itemListElement\":[{\"@type\":\"ListItem\",\"position\":1,\"name\":\"Home\",\"item\":\"https:\/\/chiro2024.thewire.dev\/fr\/\"},{\"@type\":\"ListItem\",\"position\":2,\"name\":\"Associations provinciales et organismes de r\u00e9glementation\"}]},{\"@type\":\"WebSite\",\"@id\":\"https:\/\/chiro2024.thewire.dev\/fr\/#website\",\"url\":\"https:\/\/chiro2024.thewire.dev\/fr\/\",\"name\":\"Association chiropratique canadienne\",\"description\":\"Chiropractors helping Canadians live healthier lives\",\"publisher\":{\"@id\":\"https:\/\/chiro2024.thewire.dev\/fr\/#organization\"},\"potentialAction\":[{\"@type\":\"SearchAction\",\"target\":{\"@type\":\"EntryPoint\",\"urlTemplate\":\"https:\/\/chiro2024.thewire.dev\/fr\/?s={search_term_string}\"},\"query-input\":\"required name=search_term_string\"}],\"inLanguage\":\"fr-FR\"},{\"@type\":\"Organization\",\"@id\":\"https:\/\/chiro2024.thewire.dev\/fr\/#organization\",\"name\":\"Association chiropratique canadienne\",\"url\":\"https:\/\/chiro2024.thewire.dev\/fr\/\",\"logo\":{\"@type\":\"ImageObject\",\"inLanguage\":\"fr-FR\",\"@id\":\"https:\/\/chiro2024.thewire.dev\/fr\/#\/schema\/logo\/image\/\",\"url\":\"https:\/\/chiro2024.thewire.dev\/wp-content\/uploads\/2022\/08\/cca-logo.svg\",\"contentUrl\":\"https:\/\/chiro2024.thewire.dev\/wp-content\/uploads\/2022\/08\/cca-logo.svg\",\"caption\":\"Association chiropratique canadienne\"},\"image\":{\"@id\":\"https:\/\/chiro2024.thewire.dev\/fr\/#\/schema\/logo\/image\/\"}}]}<\/script>\n<!-- \/ Yoast SEO plugin. -->","yoast_head_json":{"title":"Association chiropratique canadienne","description":"Les dix associations provinciales repr\u00e9sentent les membres fondateurs de L\u2019Association chiropratique canadienne. Leur r\u00f4le est de d\u00e9fendre les int\u00e9r\u00eats","robots":{"index":"noindex","follow":"follow","max-snippet":"max-snippet:-1","max-image-preview":"max-image-preview:large","max-video-preview":"max-video-preview:-1"},"og_locale":"fr_FR","og_type":"article","og_title":"Associations provinciales et organismes de r\u00e9glementation - Association chiropratique canadienne","og_description":"Les dix associations provinciales repr\u00e9sentent les membres fondateurs de L\u2019Association chiropratique canadienne. Leur r\u00f4le est de d\u00e9fendre les int\u00e9r\u00eats","og_url":"https:\/\/chiro2024.thewire.dev\/fr\/associations-provinciales-et-organismes-de-reglementation\/","og_site_name":"Association chiropratique canadienne","article_modified_time":"2023-03-30T13:24:51+00:00","og_image":[{"width":2048,"height":1151,"url":"https:\/\/chiro2024.thewire.dev\/wp-content\/uploads\/2022\/11\/map-of-canada.jpg","type":"image\/jpeg"}],"twitter_card":"summary_large_image","twitter_misc":{"Dur\u00e9e de lecture estim\u00e9e":"1 minute"},"schema":{"@context":"https:\/\/schema.org","@graph":[{"@type":"WebPage","@id":"https:\/\/chiro2024.thewire.dev\/fr\/associations-provinciales-et-organismes-de-reglementation\/","url":"https:\/\/chiro2024.thewire.dev\/fr\/associations-provinciales-et-organismes-de-reglementation\/","name":"Associations provinciales et organismes de r\u00e9glementation - Association chiropratique canadienne","isPartOf":{"@id":"https:\/\/chiro2024.thewire.dev\/fr\/#website"},"primaryImageOfPage":{"@id":"https:\/\/chiro2024.thewire.dev\/fr\/associations-provinciales-et-organismes-de-reglementation\/#primaryimage"},"image":{"@id":"https:\/\/chiro2024.thewire.dev\/fr\/associations-provinciales-et-organismes-de-reglementation\/#primaryimage"},"thumbnailUrl":"https:\/\/chiro2024.thewire.dev\/wp-content\/uploads\/2022\/11\/map-of-canada.jpg","datePublished":"2022-11-07T15:15:16+00:00","dateModified":"2023-03-30T13:24:51+00:00","description":"Les dix associations provinciales repr\u00e9sentent les membres fondateurs de L\u2019Association chiropratique canadienne. Leur r\u00f4le est de d\u00e9fendre les int\u00e9r\u00eats","breadcrumb":{"@id":"https:\/\/chiro2024.thewire.dev\/fr\/associations-provinciales-et-organismes-de-reglementation\/#breadcrumb"},"inLanguage":"fr-FR","potentialAction":[{"@type":"ReadAction","target":["https:\/\/chiro2024.thewire.dev\/fr\/associations-provinciales-et-organismes-de-reglementation\/"]}]},{"@type":"ImageObject","inLanguage":"fr-FR","@id":"https:\/\/chiro2024.thewire.dev\/fr\/associations-provinciales-et-organismes-de-reglementation\/#primaryimage","url":"https:\/\/chiro2024.thewire.dev\/wp-content\/uploads\/2022\/11\/map-of-canada.jpg","contentUrl":"https:\/\/chiro2024.thewire.dev\/wp-content\/uploads\/2022\/11\/map-of-canada.jpg","width":2048,"height":1151,"caption":"map of Canada"},{"@type":"BreadcrumbList","@id":"https:\/\/chiro2024.thewire.dev\/fr\/associations-provinciales-et-organismes-de-reglementation\/#breadcrumb","itemListElement":[{"@type":"ListItem","position":1,"name":"Home","item":"https:\/\/chiro2024.thewire.dev\/fr\/"},{"@type":"ListItem","position":2,"name":"Associations provinciales et organismes de r\u00e9glementation"}]},{"@type":"WebSite","@id":"https:\/\/chiro2024.thewire.dev\/fr\/#website","url":"https:\/\/chiro2024.thewire.dev\/fr\/","name":"Association chiropratique canadienne","description":"Chiropractors helping Canadians live healthier lives","publisher":{"@id":"https:\/\/chiro2024.thewire.dev\/fr\/#organization"},"potentialAction":[{"@type":"SearchAction","target":{"@type":"EntryPoint","urlTemplate":"https:\/\/chiro2024.thewire.dev\/fr\/?s={search_term_string}"},"query-input":"required name=search_term_string"}],"inLanguage":"fr-FR"},{"@type":"Organization","@id":"https:\/\/chiro2024.thewire.dev\/fr\/#organization","name":"Association chiropratique canadienne","url":"https:\/\/chiro2024.thewire.dev\/fr\/","logo":{"@type":"ImageObject","inLanguage":"fr-FR","@id":"https:\/\/chiro2024.thewire.dev\/fr\/#\/schema\/logo\/image\/","url":"https:\/\/chiro2024.thewire.dev\/wp-content\/uploads\/2022\/08\/cca-logo.svg","contentUrl":"https:\/\/chiro2024.thewire.dev\/wp-content\/uploads\/2022\/08\/cca-logo.svg","caption":"Association chiropratique canadienne"},"image":{"@id":"https:\/\/chiro2024.thewire.dev\/fr\/#\/schema\/logo\/image\/"}}]}},"_links":{"self":[{"href":"https:\/\/chiro2024.thewire.dev\/fr\/wp-json\/wp\/v2\/pages\/69715"}],"collection":[{"href":"https:\/\/chiro2024.thewire.dev\/fr\/wp-json\/wp\/v2\/pages"}],"about":[{"href":"https:\/\/chiro2024.thewire.dev\/fr\/wp-json\/wp\/v2\/types\/page"}],"author":[{"embeddable":true,"href":"https:\/\/chiro2024.thewire.dev\/fr\/wp-json\/wp\/v2\/users\/13548"}],"replies":[{"embeddable":true,"href":"https:\/\/chiro2024.thewire.dev\/fr\/wp-json\/wp\/v2\/comments?post=69715"}],"version-history":[{"count":2,"href":"https:\/\/chiro2024.thewire.dev\/fr\/wp-json\/wp\/v2\/pages\/69715\/revisions"}],"predecessor-version":[{"id":72073,"href":"https:\/\/chiro2024.thewire.dev\/fr\/wp-json\/wp\/v2\/pages\/69715\/revisions\/72073"}],"wp:featuredmedia":[{"embeddable":true,"href":"https:\/\/chiro2024.thewire.dev\/fr\/wp-json\/wp\/v2\/media\/69712"}],"wp:attachment":[{"href":"https:\/\/chiro2024.thewire.dev\/fr\/wp-json\/wp\/v2\/media?parent=69715"}],"wp:term":[{"taxonomy":"page_category","embeddable":true,"href":"https:\/\/chiro2024.thewire.dev\/fr\/wp-json\/wp\/v2\/page_category?post=69715"}],"curies":[{"name":"wp","href":"https:\/\/api.w.org\/{rel}","templated":true}]}}