{"id":69694,"date":"2022-11-07T08:42:45","date_gmt":"2022-11-07T13:42:45","guid":{"rendered":"https:\/\/chiropractic.ca\/joignez-vous-a-lacc\/"},"modified":"2023-07-25T15:59:54","modified_gmt":"2023-07-25T19:59:54","slug":"joignez-vous-a-lacc","status":"publish","type":"page","link":"https:\/\/chiro2024.thewire.dev\/fr\/joignez-vous-a-lacc\/","title":{"rendered":"Joignez-vous \u00e0 l\u2019ACC"},"content":{"rendered":"<header class=\"hero hero-large alignfull\"><div class=\"ct-container\"><figure class=\"animated fadeIn\"><div class=\"ct-media-container\"><img decoding=\"async\" width=\"2048\" height=\"1152\" src=\"https:\/\/chiro2024.thewire.dev\/wp-content\/uploads\/2022\/11\/join-the-cca.jpg\" class=\"attachment-full size-full\" alt=\"Dr. Ayla Azad and Dr. Crystal Draper\" srcset=\"https:\/\/chiro2024.thewire.dev\/wp-content\/uploads\/2022\/11\/join-the-cca.jpg 2048w, https:\/\/chiro2024.thewire.dev\/wp-content\/uploads\/2022\/11\/join-the-cca-400x225.jpg 400w, https:\/\/chiro2024.thewire.dev\/wp-content\/uploads\/2022\/11\/join-the-cca-1024x576.jpg 1024w, https:\/\/chiro2024.thewire.dev\/wp-content\/uploads\/2022\/11\/join-the-cca-768x432.jpg 768w, https:\/\/chiro2024.thewire.dev\/wp-content\/uploads\/2022\/11\/join-the-cca-1536x864.jpg 1536w\" sizes=\"(max-width: 2048px) 100vw, 2048px\" style=\"aspect-ratio: 16\/9;\" \/><\/div><\/figure><div class=\"wp-block-columns is-not-stacked-on-mobile\"><div class=\"wp-block-column\" style=\"flex-basis: 55%;\"><h1 class=\"animated fadeIn\">Joignez-vous \u00e0 l\u2019ACC<\/h1><div class=\"is-style-lead-text\" content-device=\"desktop\"><p>L\u2019ACC accueille tout chiropraticien agr\u00e9\u00e9 au Canada qui est membre en r\u00e8gle de son association chiropratique provinciale.<\/p>\n<\/div><\/div><div class=\"wp-block-column\"><\/div><\/div><\/div><div class=\"shape-divider-bottom\">\n\t\t\t\t<svg xmlns=\"http:\/\/www.w3.org\/2000\/svg\" viewBox=\"0 0 2419.94 122.9\"><path id=\"Path_240\" class=\"cls-1\" d=\"M0,49.78C124.41-31.69,584.23,5.21,823.77,32.17c239.54,26.96,751.95,124.97,1269.64,17.61,58.43-12.12,280.19-83,319.61-18.2,7.57,12.44,9.72,32.23,2.36,48.08-21.49,46.26-117.05,43.59-150,43-136.67-2.44-1027.9-1.62-2262-1L0,49.78Z\"\/><\/svg>\n\t\t\t\t<\/div><\/header><div class=\"is-style-lead-text\" aria-hidden=\"true\" content-device=\"mobile\"><p>L\u2019ACC accueille tout chiropraticien agr\u00e9\u00e9 au Canada qui est membre en r\u00e8gle de son association chiropratique provinciale.<\/p>\n<\/div>\n\n\n<div class=\"wp-block-columns is-layout-flex wp-container-core-columns-is-layout-1 wp-block-columns-is-layout-flex\">\n<div class=\"wp-block-column is-layout-flow wp-block-column-is-layout-flow\" style=\"flex-basis:66.66%\">\n<h2 class=\"wp-block-heading\"><strong>Devenez membre<\/strong><\/h2>\n\n\n\n<p>Les membres font partie de la plus grande communaut\u00e9 de chiropraticiens canadiens qui travaillent \u00e0 b\u00e2tir une profession durable et prosp\u00e8re. Ils ont acc\u00e8s \u00e0 des ressources, \u00e0 de la formation continue, \u00e0 une communaut\u00e9 de soutien et \u00e0 une association qui s\u2019engage \u00e0 d\u00e9fendre leurs int\u00e9r\u00eats. En cette p\u00e9riode difficile, il est particuli\u00e8rement important que nous nous soutenions mutuellement.  <\/p>\n\n\n\n<p>L\u2019ACC accueille tout chiropraticien agr\u00e9\u00e9 au Canada qui est membre en r\u00e8gle de son <a>association chiropratique provinciale<\/a>.<\/p>\n\n\n\n<p>Si vous avez besoin d\u2019aide pour l\u2019adh\u00e9sion ou si vous souhaitez obtenir de plus amples informations, veuillez communiquer avec notre \u00e9quipe des services aux membres au 1 877 222-9303 ou \u00e0 l\u2019adresse <a href=\"mailto:membership@chiropractic.ca\">membership@chiropractic.ca<\/a>.<\/p>\n\n\n\n<p>.<\/p>\n<\/div>\n\n\n\n<div class=\"wp-block-column is-layout-flow wp-block-column-is-layout-flow\" style=\"flex-basis:33.33%\">\n<div class=\"wp-block-group is-style-callout-green is-layout-flow wp-block-group-is-layout-flow\">\n<p><strong>L&#8217;ACC travaille \u00e0 b\u00e2tir une profession durable et prosp\u00e8re.<\/strong><\/p>\n<\/div>\n<\/div>\n<\/div>\n\n\n\n<div style=\"height:24px\" aria-hidden=\"true\" class=\"wp-block-spacer is-style-responsive-small\"><\/div>\n\n\n\n<div class=\"wp-block-columns is-layout-flex wp-container-core-columns-is-layout-3 wp-block-columns-is-layout-flex\">\n<div class=\"wp-block-column is-layout-flow wp-block-column-is-layout-flow\" style=\"flex-basis:66.66%\">\n<h2 class=\"wp-block-heading\">Joignez-vous \u00e0 notre communaut\u00e9 sur Chiropractium :<\/h2>\n\n\n\n<p class=\"is-style-lead-text\">Inscrivez-vous aupr\u00e8s de l\u2019ACC en 3 \u00e9tapes faciles <\/p>\n\n\n\n<div class=\"wp-block-columns is-layout-flex wp-container-core-columns-is-layout-2 wp-block-columns-is-layout-flex\">\n<div class=\"wp-block-column is-layout-flow wp-block-column-is-layout-flow\">\n<div class=\"wp-block-buttons is-layout-flex wp-block-buttons-is-layout-flex\">\n<div class=\"wp-block-button\"><a class=\"wp-block-button__link wp-element-button\" href=\"https:\/\/chiropractium.ca\/signup\/\" target=\"_blank\" rel=\"noreferrer noopener\">Joignez-vous \u00e0 l\u2019ACC <br>Formulaire d\u2019adh\u00e9sion<\/a><\/div>\n<\/div>\n<\/div>\n\n\n\n<div class=\"wp-block-column is-layout-flow wp-block-column-is-layout-flow\">\n<div class=\"wp-block-buttons is-layout-flex wp-block-buttons-is-layout-flex\">\n<div class=\"wp-block-button is-style-fill\"><a class=\"wp-block-button__link has-palette-color-5-background-color has-background wp-element-button\" href=\"https:\/\/chiropractium.ca\/\" target=\"_blank\" rel=\"noreferrer noopener\">D\u00e9j\u00e0 membre?<br>Connectez-vous ici<\/a><\/div>\n<\/div>\n<\/div>\n<\/div>\n\n\n\n<h2 class=\"wp-block-heading\">Avantages aux membres<\/h2>\n\n\n\n<p>En tant que membre de l\u2019ACC, vous avez droit \u00e0 des ressources et \u00e0 des avantages exceptionnels visant \u00e0 vous fournir un soutien professionnel et personnel :<\/p>\n\n\n\n<div style=\"height:50px\" aria-hidden=\"true\" class=\"wp-block-spacer\"><\/div>\n\n\n\n<ul class=\"is-style-fancy\">\n<li>Assurance responsabilit\u00e9 professionnelle offerte par l\u2019Association de protection chiropratique canadienne (APCC)<\/li>\n\n\n\n<li>Acc\u00e8s gratuit au portail Research, Reviews, Seminars Education, \u00e0 la biblioth\u00e8que Cochrane, au Journal de l\u2019Association chiropratique canadienne (une \u00e9conomie totale de plus de 500 $)<\/li>\n\n\n\n<li>Assurances collectives pour vous, votre personnel et votre famille couvrant tous les aspects de votre vie personnelle (sant\u00e9, habitation et automobile) et professionnelle (clinique)<\/li>\n\n\n\n<li>Tarifs et avantages r\u00e9serv\u00e9s aux membres tels que des services offerts par Moneris, Goodlife Fitness, Perkopolis, etc.<\/li>\n<\/ul>\n<\/div>\n\n\n\n<div class=\"wp-block-column is-vertically-aligned-center is-layout-flow wp-block-column-is-layout-flow\" style=\"flex-basis:33.33%\">\n<figure class=\"wp-block-image size-large\"><img decoding=\"async\" width=\"733\" height=\"1024\" src=\"https:\/\/chiro2024.thewire.dev\/wp-content\/uploads\/2021\/02\/infographic_email42-733x1024.png\" alt=\"Avantages aux membres\" class=\"wp-image-52900\" srcset=\"https:\/\/chiro2024.thewire.dev\/wp-content\/uploads\/2021\/02\/infographic_email42-733x1024.png 733w, https:\/\/chiro2024.thewire.dev\/wp-content\/uploads\/2021\/02\/infographic_email42-286x400.png 286w, https:\/\/chiro2024.thewire.dev\/wp-content\/uploads\/2021\/02\/infographic_email42-768x1073.png 768w, https:\/\/chiro2024.thewire.dev\/wp-content\/uploads\/2021\/02\/infographic_email42-1100x1536.png 1100w, https:\/\/chiro2024.thewire.dev\/wp-content\/uploads\/2021\/02\/infographic_email42-1466x2048.png 1466w, https:\/\/chiro2024.thewire.dev\/wp-content\/uploads\/2021\/02\/infographic_email42-185x258.png 185w, https:\/\/chiro2024.thewire.dev\/wp-content\/uploads\/2021\/02\/infographic_email42-72x100.png 72w, https:\/\/chiro2024.thewire.dev\/wp-content\/uploads\/2021\/02\/infographic_email42-144x201.png 144w, https:\/\/chiro2024.thewire.dev\/wp-content\/uploads\/2021\/02\/infographic_email42-130x182.png 130w, https:\/\/chiro2024.thewire.dev\/wp-content\/uploads\/2021\/02\/infographic_email42-241x336.png 241w, https:\/\/chiro2024.thewire.dev\/wp-content\/uploads\/2021\/02\/infographic_email42-108x150.png 108w, https:\/\/chiro2024.thewire.dev\/wp-content\/uploads\/2021\/02\/infographic_email42-115x161.png 115w, https:\/\/chiro2024.thewire.dev\/wp-content\/uploads\/2021\/02\/infographic_email42-700x978.png 700w\" sizes=\"(max-width: 733px) 100vw, 733px\" \/><\/figure>\n<\/div>\n<\/div>\n\n\n\n<div style=\"height:100px\" aria-hidden=\"true\" class=\"wp-block-spacer is-style-responsive-small\"><\/div>\n","protected":false},"excerpt":{"rendered":"<p>L\u2019ACC accueille tout chiropraticien agr\u00e9\u00e9 au Canada qui est membre en r\u00e8gle de son association chiropratique provinciale.<\/p>\n","protected":false},"author":13548,"featured_media":69688,"parent":0,"menu_order":26,"comment_status":"closed","ping_status":"closed","template":"","meta":{"_acf_changed":false,"_relevanssi_hide_post":"","_relevanssi_hide_content":"","_relevanssi_pin_for_all":"","_relevanssi_pin_keywords":"","_relevanssi_unpin_keywords":"","_relevanssi_related_keywords":"","_relevanssi_related_include_ids":"","_relevanssi_related_exclude_ids":"","_relevanssi_related_no_append":"","_relevanssi_related_not_related":"","_relevanssi_related_posts":"47291,72473,18921,50820,72715,71576","_relevanssi_noindex_reason":"","footnotes":""},"page_category":[],"blocksy_meta":{"styles_descriptor":{"styles":{"desktop":"","tablet":"","mobile":""},"google_fonts":[],"version":6}},"acf":[],"yoast_head":"<!-- This site is optimized with the Yoast SEO plugin v22.8 - https:\/\/yoast.com\/wordpress\/plugins\/seo\/ -->\n<title>Association chiropratique canadienne<\/title>\n<meta name=\"description\" content=\"L\u2019ACC accueille tout chiropraticien agr\u00e9\u00e9 au Canada qui est membre en r\u00e8gle de son association chiropratique provinciale.\" \/>\n<meta name=\"robots\" content=\"noindex, follow, max-snippet:-1, max-image-preview:large, max-video-preview:-1\" \/>\n<meta property=\"og:locale\" content=\"fr_FR\" \/>\n<meta property=\"og:type\" content=\"article\" \/>\n<meta property=\"og:title\" content=\"Joignez-vous \u00e0 l\u2019ACC - Association chiropratique canadienne\" \/>\n<meta property=\"og:description\" content=\"L\u2019ACC accueille tout chiropraticien agr\u00e9\u00e9 au Canada qui est membre en r\u00e8gle de son association chiropratique provinciale.\" \/>\n<meta property=\"og:url\" content=\"https:\/\/chiro2024.thewire.dev\/fr\/joignez-vous-a-lacc\/\" \/>\n<meta property=\"og:site_name\" content=\"Association chiropratique canadienne\" \/>\n<meta property=\"article:modified_time\" content=\"2023-07-25T19:59:54+00:00\" \/>\n<meta property=\"og:image\" content=\"https:\/\/chiro2024.thewire.dev\/wp-content\/uploads\/2022\/11\/join-the-cca.jpg\" \/>\n\t<meta property=\"og:image:width\" content=\"2048\" \/>\n\t<meta property=\"og:image:height\" content=\"1152\" \/>\n\t<meta property=\"og:image:type\" content=\"image\/jpeg\" \/>\n<meta name=\"twitter:card\" content=\"summary_large_image\" \/>\n<meta name=\"twitter:label1\" content=\"Dur\u00e9e de lecture estim\u00e9e\" \/>\n\t<meta name=\"twitter:data1\" content=\"1 minute\" \/>\n<script type=\"application\/ld+json\" class=\"yoast-schema-graph\">{\"@context\":\"https:\/\/schema.org\",\"@graph\":[{\"@type\":\"WebPage\",\"@id\":\"https:\/\/chiro2024.thewire.dev\/fr\/joignez-vous-a-lacc\/\",\"url\":\"https:\/\/chiro2024.thewire.dev\/fr\/joignez-vous-a-lacc\/\",\"name\":\"Joignez-vous \u00e0 l\u2019ACC - Association chiropratique canadienne\",\"isPartOf\":{\"@id\":\"https:\/\/chiro2024.thewire.dev\/fr\/#website\"},\"primaryImageOfPage\":{\"@id\":\"https:\/\/chiro2024.thewire.dev\/fr\/joignez-vous-a-lacc\/#primaryimage\"},\"image\":{\"@id\":\"https:\/\/chiro2024.thewire.dev\/fr\/joignez-vous-a-lacc\/#primaryimage\"},\"thumbnailUrl\":\"https:\/\/chiro2024.thewire.dev\/wp-content\/uploads\/2022\/11\/join-the-cca.jpg\",\"datePublished\":\"2022-11-07T13:42:45+00:00\",\"dateModified\":\"2023-07-25T19:59:54+00:00\",\"description\":\"L\u2019ACC accueille tout chiropraticien agr\u00e9\u00e9 au Canada qui est membre en r\u00e8gle de son association chiropratique provinciale.\",\"breadcrumb\":{\"@id\":\"https:\/\/chiro2024.thewire.dev\/fr\/joignez-vous-a-lacc\/#breadcrumb\"},\"inLanguage\":\"fr-FR\",\"potentialAction\":[{\"@type\":\"ReadAction\",\"target\":[\"https:\/\/chiro2024.thewire.dev\/fr\/joignez-vous-a-lacc\/\"]}]},{\"@type\":\"ImageObject\",\"inLanguage\":\"fr-FR\",\"@id\":\"https:\/\/chiro2024.thewire.dev\/fr\/joignez-vous-a-lacc\/#primaryimage\",\"url\":\"https:\/\/chiro2024.thewire.dev\/wp-content\/uploads\/2022\/11\/join-the-cca.jpg\",\"contentUrl\":\"https:\/\/chiro2024.thewire.dev\/wp-content\/uploads\/2022\/11\/join-the-cca.jpg\",\"width\":2048,\"height\":1152,\"caption\":\"Dr. Ayla Azad and Dr. Crystal Draper\"},{\"@type\":\"BreadcrumbList\",\"@id\":\"https:\/\/chiro2024.thewire.dev\/fr\/joignez-vous-a-lacc\/#breadcrumb\",\"itemListElement\":[{\"@type\":\"ListItem\",\"position\":1,\"name\":\"Home\",\"item\":\"https:\/\/chiro2024.thewire.dev\/fr\/\"},{\"@type\":\"ListItem\",\"position\":2,\"name\":\"Joignez-vous \u00e0 l\u2019ACC\"}]},{\"@type\":\"WebSite\",\"@id\":\"https:\/\/chiro2024.thewire.dev\/fr\/#website\",\"url\":\"https:\/\/chiro2024.thewire.dev\/fr\/\",\"name\":\"Association chiropratique canadienne\",\"description\":\"Chiropractors helping Canadians live healthier lives\",\"publisher\":{\"@id\":\"https:\/\/chiro2024.thewire.dev\/fr\/#organization\"},\"potentialAction\":[{\"@type\":\"SearchAction\",\"target\":{\"@type\":\"EntryPoint\",\"urlTemplate\":\"https:\/\/chiro2024.thewire.dev\/fr\/?s={search_term_string}\"},\"query-input\":\"required name=search_term_string\"}],\"inLanguage\":\"fr-FR\"},{\"@type\":\"Organization\",\"@id\":\"https:\/\/chiro2024.thewire.dev\/fr\/#organization\",\"name\":\"Association chiropratique canadienne\",\"url\":\"https:\/\/chiro2024.thewire.dev\/fr\/\",\"logo\":{\"@type\":\"ImageObject\",\"inLanguage\":\"fr-FR\",\"@id\":\"https:\/\/chiro2024.thewire.dev\/fr\/#\/schema\/logo\/image\/\",\"url\":\"https:\/\/chiro2024.thewire.dev\/wp-content\/uploads\/2022\/08\/cca-logo.svg\",\"contentUrl\":\"https:\/\/chiro2024.thewire.dev\/wp-content\/uploads\/2022\/08\/cca-logo.svg\",\"caption\":\"Association chiropratique canadienne\"},\"image\":{\"@id\":\"https:\/\/chiro2024.thewire.dev\/fr\/#\/schema\/logo\/image\/\"}}]}<\/script>\n<!-- \/ Yoast SEO plugin. -->","yoast_head_json":{"title":"Association chiropratique canadienne","description":"L\u2019ACC accueille tout chiropraticien agr\u00e9\u00e9 au Canada qui est membre en r\u00e8gle de son association chiropratique provinciale.","robots":{"index":"noindex","follow":"follow","max-snippet":"max-snippet:-1","max-image-preview":"max-image-preview:large","max-video-preview":"max-video-preview:-1"},"og_locale":"fr_FR","og_type":"article","og_title":"Joignez-vous \u00e0 l\u2019ACC - Association chiropratique canadienne","og_description":"L\u2019ACC accueille tout chiropraticien agr\u00e9\u00e9 au Canada qui est membre en r\u00e8gle de son association chiropratique provinciale.","og_url":"https:\/\/chiro2024.thewire.dev\/fr\/joignez-vous-a-lacc\/","og_site_name":"Association chiropratique canadienne","article_modified_time":"2023-07-25T19:59:54+00:00","og_image":[{"width":2048,"height":1152,"url":"https:\/\/chiro2024.thewire.dev\/wp-content\/uploads\/2022\/11\/join-the-cca.jpg","type":"image\/jpeg"}],"twitter_card":"summary_large_image","twitter_misc":{"Dur\u00e9e de lecture estim\u00e9e":"1 minute"},"schema":{"@context":"https:\/\/schema.org","@graph":[{"@type":"WebPage","@id":"https:\/\/chiro2024.thewire.dev\/fr\/joignez-vous-a-lacc\/","url":"https:\/\/chiro2024.thewire.dev\/fr\/joignez-vous-a-lacc\/","name":"Joignez-vous \u00e0 l\u2019ACC - Association chiropratique canadienne","isPartOf":{"@id":"https:\/\/chiro2024.thewire.dev\/fr\/#website"},"primaryImageOfPage":{"@id":"https:\/\/chiro2024.thewire.dev\/fr\/joignez-vous-a-lacc\/#primaryimage"},"image":{"@id":"https:\/\/chiro2024.thewire.dev\/fr\/joignez-vous-a-lacc\/#primaryimage"},"thumbnailUrl":"https:\/\/chiro2024.thewire.dev\/wp-content\/uploads\/2022\/11\/join-the-cca.jpg","datePublished":"2022-11-07T13:42:45+00:00","dateModified":"2023-07-25T19:59:54+00:00","description":"L\u2019ACC accueille tout chiropraticien agr\u00e9\u00e9 au Canada qui est membre en r\u00e8gle de son association chiropratique provinciale.","breadcrumb":{"@id":"https:\/\/chiro2024.thewire.dev\/fr\/joignez-vous-a-lacc\/#breadcrumb"},"inLanguage":"fr-FR","potentialAction":[{"@type":"ReadAction","target":["https:\/\/chiro2024.thewire.dev\/fr\/joignez-vous-a-lacc\/"]}]},{"@type":"ImageObject","inLanguage":"fr-FR","@id":"https:\/\/chiro2024.thewire.dev\/fr\/joignez-vous-a-lacc\/#primaryimage","url":"https:\/\/chiro2024.thewire.dev\/wp-content\/uploads\/2022\/11\/join-the-cca.jpg","contentUrl":"https:\/\/chiro2024.thewire.dev\/wp-content\/uploads\/2022\/11\/join-the-cca.jpg","width":2048,"height":1152,"caption":"Dr. Ayla Azad and Dr. Crystal Draper"},{"@type":"BreadcrumbList","@id":"https:\/\/chiro2024.thewire.dev\/fr\/joignez-vous-a-lacc\/#breadcrumb","itemListElement":[{"@type":"ListItem","position":1,"name":"Home","item":"https:\/\/chiro2024.thewire.dev\/fr\/"},{"@type":"ListItem","position":2,"name":"Joignez-vous \u00e0 l\u2019ACC"}]},{"@type":"WebSite","@id":"https:\/\/chiro2024.thewire.dev\/fr\/#website","url":"https:\/\/chiro2024.thewire.dev\/fr\/","name":"Association chiropratique canadienne","description":"Chiropractors helping Canadians live healthier lives","publisher":{"@id":"https:\/\/chiro2024.thewire.dev\/fr\/#organization"},"potentialAction":[{"@type":"SearchAction","target":{"@type":"EntryPoint","urlTemplate":"https:\/\/chiro2024.thewire.dev\/fr\/?s={search_term_string}"},"query-input":"required name=search_term_string"}],"inLanguage":"fr-FR"},{"@type":"Organization","@id":"https:\/\/chiro2024.thewire.dev\/fr\/#organization","name":"Association chiropratique canadienne","url":"https:\/\/chiro2024.thewire.dev\/fr\/","logo":{"@type":"ImageObject","inLanguage":"fr-FR","@id":"https:\/\/chiro2024.thewire.dev\/fr\/#\/schema\/logo\/image\/","url":"https:\/\/chiro2024.thewire.dev\/wp-content\/uploads\/2022\/08\/cca-logo.svg","contentUrl":"https:\/\/chiro2024.thewire.dev\/wp-content\/uploads\/2022\/08\/cca-logo.svg","caption":"Association chiropratique canadienne"},"image":{"@id":"https:\/\/chiro2024.thewire.dev\/fr\/#\/schema\/logo\/image\/"}}]}},"_links":{"self":[{"href":"https:\/\/chiro2024.thewire.dev\/fr\/wp-json\/wp\/v2\/pages\/69694"}],"collection":[{"href":"https:\/\/chiro2024.thewire.dev\/fr\/wp-json\/wp\/v2\/pages"}],"about":[{"href":"https:\/\/chiro2024.thewire.dev\/fr\/wp-json\/wp\/v2\/types\/page"}],"author":[{"embeddable":true,"href":"https:\/\/chiro2024.thewire.dev\/fr\/wp-json\/wp\/v2\/users\/13548"}],"replies":[{"embeddable":true,"href":"https:\/\/chiro2024.thewire.dev\/fr\/wp-json\/wp\/v2\/comments?post=69694"}],"version-history":[{"count":2,"href":"https:\/\/chiro2024.thewire.dev\/fr\/wp-json\/wp\/v2\/pages\/69694\/revisions"}],"predecessor-version":[{"id":72858,"href":"https:\/\/chiro2024.thewire.dev\/fr\/wp-json\/wp\/v2\/pages\/69694\/revisions\/72858"}],"wp:featuredmedia":[{"embeddable":true,"href":"https:\/\/chiro2024.thewire.dev\/fr\/wp-json\/wp\/v2\/media\/69688"}],"wp:attachment":[{"href":"https:\/\/chiro2024.thewire.dev\/fr\/wp-json\/wp\/v2\/media?parent=69694"}],"wp:term":[{"taxonomy":"page_category","embeddable":true,"href":"https:\/\/chiro2024.thewire.dev\/fr\/wp-json\/wp\/v2\/page_category?post=69694"}],"curies":[{"name":"wp","href":"https:\/\/api.w.org\/{rel}","templated":true}]}}