{"id":69659,"date":"2022-11-06T12:30:56","date_gmt":"2022-11-06T17:30:56","guid":{"rendered":"https:\/\/chiropractic.ca\/comment-nous-changeons-les-choses\/"},"modified":"2024-01-04T14:26:54","modified_gmt":"2024-01-04T19:26:54","slug":"comment-nous-changeons-les-choses","status":"publish","type":"page","link":"https:\/\/chiro2024.thewire.dev\/fr\/comment-nous-changeons-les-choses\/","title":{"rendered":"Comment nous changeons les choses"},"content":{"rendered":"<header class=\"hero hero-large alignfull\"><div class=\"ct-container\"><figure class=\"animated fadeIn\"><div class=\"ct-media-container\"><img decoding=\"async\" width=\"2048\" height=\"1152\" src=\"https:\/\/chiro2024.thewire.dev\/wp-content\/uploads\/2022\/11\/cca-consultation.png\" class=\"attachment-full size-full\" alt=\"chiropractor with patient and students\" srcset=\"https:\/\/chiro2024.thewire.dev\/wp-content\/uploads\/2022\/11\/cca-consultation.png 2048w, https:\/\/chiro2024.thewire.dev\/wp-content\/uploads\/2022\/11\/cca-consultation-400x225.png 400w, https:\/\/chiro2024.thewire.dev\/wp-content\/uploads\/2022\/11\/cca-consultation-1024x576.png 1024w, https:\/\/chiro2024.thewire.dev\/wp-content\/uploads\/2022\/11\/cca-consultation-768x432.png 768w, https:\/\/chiro2024.thewire.dev\/wp-content\/uploads\/2022\/11\/cca-consultation-1536x864.png 1536w\" sizes=\"(max-width: 2048px) 100vw, 2048px\" style=\"aspect-ratio: 16\/9;\" \/><\/div><\/figure><div class=\"wp-block-columns is-not-stacked-on-mobile\"><div class=\"wp-block-column\" style=\"flex-basis: 55%;\"><h1 class=\"animated fadeIn\">Comment nous changeons les choses<\/h1><div class=\"is-style-lead-text\" content-device=\"desktop\"><p>Les chiropraticiens aident \u00e0 soulager la douleur des Canadiens et leur permettent de mener la vie saine et active qu\u2019ils souhaitent. <\/p>\n<\/div><\/div><div class=\"wp-block-column\"><\/div><\/div><\/div><div class=\"shape-divider-bottom\">\n\t\t\t\t<svg xmlns=\"http:\/\/www.w3.org\/2000\/svg\" viewBox=\"0 0 2419.94 122.9\"><path id=\"Path_240\" class=\"cls-1\" d=\"M0,49.78C124.41-31.69,584.23,5.21,823.77,32.17c239.54,26.96,751.95,124.97,1269.64,17.61,58.43-12.12,280.19-83,319.61-18.2,7.57,12.44,9.72,32.23,2.36,48.08-21.49,46.26-117.05,43.59-150,43-136.67-2.44-1027.9-1.62-2262-1L0,49.78Z\"\/><\/svg>\n\t\t\t\t<\/div><\/header><div class=\"is-style-lead-text\" aria-hidden=\"true\" content-device=\"mobile\"><p>Les chiropraticiens aident \u00e0 soulager la douleur des Canadiens et leur permettent de mener la vie saine et active qu\u2019ils souhaitent. <\/p>\n<\/div>\n<div class=\"wp-block-columns is-layout-flex wp-container-core-columns-is-layout-1 wp-block-columns-is-layout-flex\">\n<div class=\"wp-block-column is-layout-flow wp-block-column-is-layout-flow\" style=\"flex-basis:66.66%\">\n<h2 class=\"wp-block-heading\">L&#8217;ACC<\/h2>\n\n\n\n<p>L\u2019Association chiropratique canadienne (ACC) repr\u00e9sente \u00e0 l\u2019\u00e9chelle nationale plus de 9 000 docteurs en chiropratique (DC) agr\u00e9\u00e9s et 10 associations provinciales de chiropratique. Nous mettons tout en \u0153uvre pour offrir \u00e0 nos membres des services d\u2019exception en favorisant l\u2019innovation, l\u2019excellence et l\u2019int\u00e9grit\u00e9 dans la prestation des soins chiropratiques; en abordant de mani\u00e8re concert\u00e9e les enjeux nationaux qui touchent la sant\u00e9 musculosquelettique; en renfor\u00e7ant les relations interprofessionnelles avec nos coll\u00e8gues professionnels de la sant\u00e9 et les \u00e9quipes de soins; et en favorisant le d\u00e9veloppement de la recherche et le partage des connaissances. <\/p>\n\n\n\n<h2 class=\"wp-block-heading\">Comment nous changeons les choses<\/h2>\n\n\n\n<p>Les chiropraticiens aident \u00e0 soulager la douleur des Canadiens et leur permettent de mener la vie saine et active qu\u2019ils souhaitent. Les chiropraticiens aident \u00e0 soulager la douleur des Canadiens et leur permettent de mener la vie saine et active qu\u2019ils souhaitent. Depuis 1953, l\u2019ACC est le porte-parole national des chiropraticiens \u2013 professionnels dignes de confiance au Canada pour la sant\u00e9 de la colonne vert\u00e9brale, des muscles et du syst\u00e8me nerveux. Nous faisons notamment conna\u00eetre la valeur et l\u2019expertise uniques qu\u2019ils ont \u00e0 offrir.  Nous collaborons avec d\u2019autres associations de professionnels de la sant\u00e9, ainsi qu\u2019avec des gouvernements et des assureurs priv\u00e9s de soins m\u00e9dicaux afin de rendre les soins chiropratiques accessibles \u00e0 tous ceux qui en ont besoin, dans le cadre d\u2019un syst\u00e8me de sant\u00e9 robuste qui met l\u2019accent sur les soins, au moyen d\u2019\u00e9quipes int\u00e9gr\u00e9es de professionnels de la sant\u00e9.<\/p>\n\n\n\n<p><\/p>\n\n\n\n<div class=\"wp-block-group is-style-callout-green is-layout-flow wp-block-group-is-layout-flow\">\n<p class=\"is-style-default\"><strong>Organisation visionnaire, l\u2019ACC est le principal d\u00e9fenseur de la sant\u00e9 du syst\u00e8me musculaire, squelettique et nerveux de tous les Canadiens.<\/strong><\/p>\n<\/div>\n<\/div>\n\n\n\n<div class=\"wp-block-column is-layout-flow wp-block-column-is-layout-flow\" style=\"flex-basis:33.33%\">\n<h3 class=\"wp-block-heading\" style=\"text-transform:uppercase\"><strong>Participez<\/strong> \u00e0 la conversation<\/h3>\n\n\n\n<p><\/p>\n\n\n\n<p>en nous suivant sur les m\u00e9dias sociaux. <\/p>\n\n\n\n<ul class=\"wp-block-social-links has-normal-icon-size has-visible-labels has-icon-color is-style-logos-only is-vertical is-layout-flex wp-container-core-social-links-is-layout-1 wp-block-social-links-is-layout-flex\"><li style=\"color: var(--theme-palette-color-1, #00708F); \" class=\"wp-social-link wp-social-link-facebook has-palette-color-1-color wp-block-social-link\"><a rel=\"noopener nofollow\" target=\"_blank\" href=\"https:\/\/www.facebook.com\/canadianchiropracticassociation\/\" class=\"wp-block-social-link-anchor\"><svg width=\"24\" height=\"24\" viewBox=\"0 0 24 24\" version=\"1.1\" xmlns=\"http:\/\/www.w3.org\/2000\/svg\" aria-hidden=\"true\" focusable=\"false\"><path d=\"M12 2C6.5 2 2 6.5 2 12c0 5 3.7 9.1 8.4 9.9v-7H7.9V12h2.5V9.8c0-2.5 1.5-3.9 3.8-3.9 1.1 0 2.2.2 2.2.2v2.5h-1.3c-1.2 0-1.6.8-1.6 1.6V12h2.8l-.4 2.9h-2.3v7C18.3 21.1 22 17 22 12c0-5.5-4.5-10-10-10z\"><\/path><\/svg><span class=\"wp-block-social-link-label\">Canadian Chiropractic Association<\/span><\/a><\/li>\n\n<li style=\"color: var(--theme-palette-color-1, #00708F); \" class=\"wp-social-link wp-social-link-instagram has-palette-color-1-color wp-block-social-link\"><a rel=\"noopener nofollow\" target=\"_blank\" href=\"https:\/\/www.instagram.com\/canchiroassoc\/\" class=\"wp-block-social-link-anchor\"><svg width=\"24\" height=\"24\" viewBox=\"0 0 24 24\" version=\"1.1\" xmlns=\"http:\/\/www.w3.org\/2000\/svg\" aria-hidden=\"true\" focusable=\"false\"><path d=\"M12,4.622c2.403,0,2.688,0.009,3.637,0.052c0.877,0.04,1.354,0.187,1.671,0.31c0.42,0.163,0.72,0.358,1.035,0.673 c0.315,0.315,0.51,0.615,0.673,1.035c0.123,0.317,0.27,0.794,0.31,1.671c0.043,0.949,0.052,1.234,0.052,3.637 s-0.009,2.688-0.052,3.637c-0.04,0.877-0.187,1.354-0.31,1.671c-0.163,0.42-0.358,0.72-0.673,1.035 c-0.315,0.315-0.615,0.51-1.035,0.673c-0.317,0.123-0.794,0.27-1.671,0.31c-0.949,0.043-1.233,0.052-3.637,0.052 s-2.688-0.009-3.637-0.052c-0.877-0.04-1.354-0.187-1.671-0.31c-0.42-0.163-0.72-0.358-1.035-0.673 c-0.315-0.315-0.51-0.615-0.673-1.035c-0.123-0.317-0.27-0.794-0.31-1.671C4.631,14.688,4.622,14.403,4.622,12 s0.009-2.688,0.052-3.637c0.04-0.877,0.187-1.354,0.31-1.671c0.163-0.42,0.358-0.72,0.673-1.035 c0.315-0.315,0.615-0.51,1.035-0.673c0.317-0.123,0.794-0.27,1.671-0.31C9.312,4.631,9.597,4.622,12,4.622 M12,3 C9.556,3,9.249,3.01,8.289,3.054C7.331,3.098,6.677,3.25,6.105,3.472C5.513,3.702,5.011,4.01,4.511,4.511 c-0.5,0.5-0.808,1.002-1.038,1.594C3.25,6.677,3.098,7.331,3.054,8.289C3.01,9.249,3,9.556,3,12c0,2.444,0.01,2.751,0.054,3.711 c0.044,0.958,0.196,1.612,0.418,2.185c0.23,0.592,0.538,1.094,1.038,1.594c0.5,0.5,1.002,0.808,1.594,1.038 c0.572,0.222,1.227,0.375,2.185,0.418C9.249,20.99,9.556,21,12,21s2.751-0.01,3.711-0.054c0.958-0.044,1.612-0.196,2.185-0.418 c0.592-0.23,1.094-0.538,1.594-1.038c0.5-0.5,0.808-1.002,1.038-1.594c0.222-0.572,0.375-1.227,0.418-2.185 C20.99,14.751,21,14.444,21,12s-0.01-2.751-0.054-3.711c-0.044-0.958-0.196-1.612-0.418-2.185c-0.23-0.592-0.538-1.094-1.038-1.594 c-0.5-0.5-1.002-0.808-1.594-1.038c-0.572-0.222-1.227-0.375-2.185-0.418C14.751,3.01,14.444,3,12,3L12,3z M12,7.378 c-2.552,0-4.622,2.069-4.622,4.622S9.448,16.622,12,16.622s4.622-2.069,4.622-4.622S14.552,7.378,12,7.378z M12,15 c-1.657,0-3-1.343-3-3s1.343-3,3-3s3,1.343,3,3S13.657,15,12,15z M16.804,6.116c-0.596,0-1.08,0.484-1.08,1.08 s0.484,1.08,1.08,1.08c0.596,0,1.08-0.484,1.08-1.08S17.401,6.116,16.804,6.116z\"><\/path><\/svg><span class=\"wp-block-social-link-label\">Canadian Chiropractic Association<\/span><\/a><\/li>\n\n<li style=\"color: var(--theme-palette-color-1, #00708F); \" class=\"wp-social-link wp-social-link-linkedin has-palette-color-1-color wp-block-social-link\"><a rel=\"noopener nofollow\" target=\"_blank\" href=\"https:\/\/www.linkedin.com\/company\/canadian-chiropractic-association%20\" class=\"wp-block-social-link-anchor\"><svg width=\"24\" height=\"24\" viewBox=\"0 0 24 24\" version=\"1.1\" xmlns=\"http:\/\/www.w3.org\/2000\/svg\" aria-hidden=\"true\" focusable=\"false\"><path d=\"M19.7,3H4.3C3.582,3,3,3.582,3,4.3v15.4C3,20.418,3.582,21,4.3,21h15.4c0.718,0,1.3-0.582,1.3-1.3V4.3 C21,3.582,20.418,3,19.7,3z M8.339,18.338H5.667v-8.59h2.672V18.338z M7.004,8.574c-0.857,0-1.549-0.694-1.549-1.548 c0-0.855,0.691-1.548,1.549-1.548c0.854,0,1.547,0.694,1.547,1.548C8.551,7.881,7.858,8.574,7.004,8.574z M18.339,18.338h-2.669 v-4.177c0-0.996-0.017-2.278-1.387-2.278c-1.389,0-1.601,1.086-1.601,2.206v4.249h-2.667v-8.59h2.559v1.174h0.037 c0.356-0.675,1.227-1.387,2.526-1.387c2.703,0,3.203,1.779,3.203,4.092V18.338z\"><\/path><\/svg><span class=\"wp-block-social-link-label\">@CanChiroAssoc<\/span><\/a><\/li>\n\n<li style=\"color: var(--theme-palette-color-1, #00708F); \" class=\"wp-social-link wp-social-link-x has-palette-color-1-color wp-block-social-link\"><a rel=\"noopener nofollow\" target=\"_blank\" href=\"https:\/\/twitter.com\/CanChiroAssoc\" class=\"wp-block-social-link-anchor\"><svg width=\"24\" height=\"24\" viewBox=\"0 0 24 24\" version=\"1.1\" xmlns=\"http:\/\/www.w3.org\/2000\/svg\" aria-hidden=\"true\" focusable=\"false\"><path d=\"M13.982 10.622 20.54 3h-1.554l-5.693 6.618L8.745 3H3.5l6.876 10.007L3.5 21h1.554l6.012-6.989L15.868 21h5.245l-7.131-10.378Zm-2.128 2.474-.697-.997-5.543-7.93H8l4.474 6.4.697.996 5.815 8.318h-2.387l-4.745-6.787Z\" \/><\/svg><span class=\"wp-block-social-link-label\">@CanChiroAssoc<\/span><\/a><\/li><\/ul>\n\n\n\n<h3 class=\"wp-block-heading\" style=\"text-transform:uppercase\"><strong>Faites un don<\/strong> <\/h3>\n\n\n\n<p>en appui aux travaux de <a href=\"https:\/\/canadianchiropracticresearchfoundation.com\/\" target=\"_blank\" rel=\"noreferrer noopener\">la Fondation canadienne pour la recherche en chiropratique<\/a>.<\/p>\n\n\n\n<h3 class=\"wp-block-heading\" style=\"text-transform:uppercase\">Pr\u00eatez votre voix <\/h3>\n\n\n\n<p>aux campagnes visant \u00e0 sensibiliser le gouvernement canadien \u00e0 la fa\u00e7on dont les soins chiropratiques permettent aux Canadiens de rester actifs et en bonne sant\u00e9.  Envoyez-nous un courriel \u00e0 <a href=\"mailto:info@chiropractic.ca\">info@chiropractic.ca.<\/a><\/p>\n<\/div>\n<\/div>\n\n<div style=\"height:100px\" aria-hidden=\"true\" class=\"wp-block-spacer is-style-responsive-small\"><\/div>\n\n<div class=\"wp-block-columns is-layout-flex wp-container-core-columns-is-layout-2 wp-block-columns-is-layout-flex\">\n<div class=\"wp-block-column is-vertically-aligned-center is-layout-flow wp-block-column-is-layout-flow\" style=\"flex-basis:33.33%\"><\/div>\n<\/div>\n\n<div style=\"height:100px\" aria-hidden=\"true\" class=\"wp-block-spacer is-style-responsive-small\"><\/div>\n\n<hr class=\"wp-block-separator has-alpha-channel-opacity is-style-wide\"\/>\n\n<div class=\"wp-block-columns is-layout-flex wp-container-core-columns-is-layout-3 wp-block-columns-is-layout-flex\">\n<div class=\"wp-block-column is-layout-flow wp-block-column-is-layout-flow\" style=\"flex-basis:66.66%\">\n<h2 class=\"wp-block-heading\"><\/h2>\n<\/div>\n\n\n\n<div class=\"wp-block-column is-layout-flow wp-block-column-is-layout-flow\" style=\"flex-basis:33.33%\">\n<h3 class=\"wp-block-heading\" style=\"text-transform:uppercase\"><a id=\"_msocom_1\"><\/a><\/h3>\n\n\n\n<p><\/p>\n<\/div>\n<\/div>\n","protected":false},"excerpt":{"rendered":"<p>Les chiropraticiens aident \u00e0 soulager la douleur des Canadiens et leur permettent de mener la vie saine et active qu\u2019ils souhaitent. <\/p>\n","protected":false},"author":13548,"featured_media":69939,"parent":0,"menu_order":23,"comment_status":"closed","ping_status":"closed","template":"","meta":{"_acf_changed":false,"_relevanssi_hide_post":"","_relevanssi_hide_content":"","_relevanssi_pin_for_all":"","_relevanssi_pin_keywords":"","_relevanssi_unpin_keywords":"","_relevanssi_related_keywords":"","_relevanssi_related_include_ids":"","_relevanssi_related_exclude_ids":"","_relevanssi_related_no_append":"","_relevanssi_related_not_related":"","_relevanssi_related_posts":"72044,71551,55761,71846,47228,67228","_relevanssi_noindex_reason":"","footnotes":""},"page_category":[2920],"blocksy_meta":{"styles_descriptor":{"styles":{"desktop":"","tablet":"","mobile":""},"google_fonts":[],"version":6}},"acf":[],"yoast_head":"<!-- This site is optimized with the Yoast SEO plugin v22.8 - https:\/\/yoast.com\/wordpress\/plugins\/seo\/ -->\n<title>Association chiropratique canadienne<\/title>\n<meta name=\"description\" content=\"Les chiropraticiens aident \u00e0 soulager la douleur des Canadiens et leur permettent de mener la vie saine et active qu\u2019ils souhaitent.\" \/>\n<meta name=\"robots\" content=\"noindex, follow, max-snippet:-1, max-image-preview:large, max-video-preview:-1\" \/>\n<meta property=\"og:locale\" content=\"fr_FR\" \/>\n<meta property=\"og:type\" content=\"article\" \/>\n<meta property=\"og:title\" content=\"Comment nous changeons les choses - Association chiropratique canadienne\" \/>\n<meta property=\"og:description\" content=\"Les chiropraticiens aident \u00e0 soulager la douleur des Canadiens et leur permettent de mener la vie saine et active qu\u2019ils souhaitent.\" \/>\n<meta property=\"og:url\" content=\"https:\/\/chiro2024.thewire.dev\/fr\/comment-nous-changeons-les-choses\/\" \/>\n<meta property=\"og:site_name\" content=\"Association chiropratique canadienne\" \/>\n<meta property=\"article:modified_time\" content=\"2024-01-04T19:26:54+00:00\" \/>\n<meta property=\"og:image\" content=\"https:\/\/chiro2024.thewire.dev\/wp-content\/uploads\/2022\/11\/cca-consultation.png\" \/>\n\t<meta property=\"og:image:width\" content=\"2048\" \/>\n\t<meta property=\"og:image:height\" content=\"1152\" \/>\n\t<meta property=\"og:image:type\" content=\"image\/png\" \/>\n<meta name=\"twitter:card\" content=\"summary_large_image\" \/>\n<meta name=\"twitter:label1\" content=\"Dur\u00e9e de lecture estim\u00e9e\" \/>\n\t<meta name=\"twitter:data1\" content=\"2 minutes\" \/>\n<script type=\"application\/ld+json\" class=\"yoast-schema-graph\">{\"@context\":\"https:\/\/schema.org\",\"@graph\":[{\"@type\":\"WebPage\",\"@id\":\"https:\/\/chiro2024.thewire.dev\/fr\/comment-nous-changeons-les-choses\/\",\"url\":\"https:\/\/chiro2024.thewire.dev\/fr\/comment-nous-changeons-les-choses\/\",\"name\":\"Comment nous changeons les choses - Association chiropratique canadienne\",\"isPartOf\":{\"@id\":\"https:\/\/chiro2024.thewire.dev\/fr\/#website\"},\"primaryImageOfPage\":{\"@id\":\"https:\/\/chiro2024.thewire.dev\/fr\/comment-nous-changeons-les-choses\/#primaryimage\"},\"image\":{\"@id\":\"https:\/\/chiro2024.thewire.dev\/fr\/comment-nous-changeons-les-choses\/#primaryimage\"},\"thumbnailUrl\":\"https:\/\/chiro2024.thewire.dev\/wp-content\/uploads\/2022\/11\/cca-consultation.png\",\"datePublished\":\"2022-11-06T17:30:56+00:00\",\"dateModified\":\"2024-01-04T19:26:54+00:00\",\"description\":\"Les chiropraticiens aident \u00e0 soulager la douleur des Canadiens et leur permettent de mener la vie saine et active qu\u2019ils souhaitent.\",\"breadcrumb\":{\"@id\":\"https:\/\/chiro2024.thewire.dev\/fr\/comment-nous-changeons-les-choses\/#breadcrumb\"},\"inLanguage\":\"fr-FR\",\"potentialAction\":[{\"@type\":\"ReadAction\",\"target\":[\"https:\/\/chiro2024.thewire.dev\/fr\/comment-nous-changeons-les-choses\/\"]}]},{\"@type\":\"ImageObject\",\"inLanguage\":\"fr-FR\",\"@id\":\"https:\/\/chiro2024.thewire.dev\/fr\/comment-nous-changeons-les-choses\/#primaryimage\",\"url\":\"https:\/\/chiro2024.thewire.dev\/wp-content\/uploads\/2022\/11\/cca-consultation.png\",\"contentUrl\":\"https:\/\/chiro2024.thewire.dev\/wp-content\/uploads\/2022\/11\/cca-consultation.png\",\"width\":2048,\"height\":1152,\"caption\":\"chiropractor with patient and students\"},{\"@type\":\"BreadcrumbList\",\"@id\":\"https:\/\/chiro2024.thewire.dev\/fr\/comment-nous-changeons-les-choses\/#breadcrumb\",\"itemListElement\":[{\"@type\":\"ListItem\",\"position\":1,\"name\":\"Home\",\"item\":\"https:\/\/chiro2024.thewire.dev\/fr\/\"},{\"@type\":\"ListItem\",\"position\":2,\"name\":\"Comment nous changeons les choses\"}]},{\"@type\":\"WebSite\",\"@id\":\"https:\/\/chiro2024.thewire.dev\/fr\/#website\",\"url\":\"https:\/\/chiro2024.thewire.dev\/fr\/\",\"name\":\"Association chiropratique canadienne\",\"description\":\"Chiropractors helping Canadians live healthier lives\",\"publisher\":{\"@id\":\"https:\/\/chiro2024.thewire.dev\/fr\/#organization\"},\"potentialAction\":[{\"@type\":\"SearchAction\",\"target\":{\"@type\":\"EntryPoint\",\"urlTemplate\":\"https:\/\/chiro2024.thewire.dev\/fr\/?s={search_term_string}\"},\"query-input\":\"required name=search_term_string\"}],\"inLanguage\":\"fr-FR\"},{\"@type\":\"Organization\",\"@id\":\"https:\/\/chiro2024.thewire.dev\/fr\/#organization\",\"name\":\"Association chiropratique canadienne\",\"url\":\"https:\/\/chiro2024.thewire.dev\/fr\/\",\"logo\":{\"@type\":\"ImageObject\",\"inLanguage\":\"fr-FR\",\"@id\":\"https:\/\/chiro2024.thewire.dev\/fr\/#\/schema\/logo\/image\/\",\"url\":\"https:\/\/chiro2024.thewire.dev\/wp-content\/uploads\/2022\/08\/cca-logo.svg\",\"contentUrl\":\"https:\/\/chiro2024.thewire.dev\/wp-content\/uploads\/2022\/08\/cca-logo.svg\",\"caption\":\"Association chiropratique canadienne\"},\"image\":{\"@id\":\"https:\/\/chiro2024.thewire.dev\/fr\/#\/schema\/logo\/image\/\"}}]}<\/script>\n<!-- \/ Yoast SEO plugin. -->","yoast_head_json":{"title":"Association chiropratique canadienne","description":"Les chiropraticiens aident \u00e0 soulager la douleur des Canadiens et leur permettent de mener la vie saine et active qu\u2019ils souhaitent.","robots":{"index":"noindex","follow":"follow","max-snippet":"max-snippet:-1","max-image-preview":"max-image-preview:large","max-video-preview":"max-video-preview:-1"},"og_locale":"fr_FR","og_type":"article","og_title":"Comment nous changeons les choses - Association chiropratique canadienne","og_description":"Les chiropraticiens aident \u00e0 soulager la douleur des Canadiens et leur permettent de mener la vie saine et active qu\u2019ils souhaitent.","og_url":"https:\/\/chiro2024.thewire.dev\/fr\/comment-nous-changeons-les-choses\/","og_site_name":"Association chiropratique canadienne","article_modified_time":"2024-01-04T19:26:54+00:00","og_image":[{"width":2048,"height":1152,"url":"https:\/\/chiro2024.thewire.dev\/wp-content\/uploads\/2022\/11\/cca-consultation.png","type":"image\/png"}],"twitter_card":"summary_large_image","twitter_misc":{"Dur\u00e9e de lecture estim\u00e9e":"2 minutes"},"schema":{"@context":"https:\/\/schema.org","@graph":[{"@type":"WebPage","@id":"https:\/\/chiro2024.thewire.dev\/fr\/comment-nous-changeons-les-choses\/","url":"https:\/\/chiro2024.thewire.dev\/fr\/comment-nous-changeons-les-choses\/","name":"Comment nous changeons les choses - Association chiropratique canadienne","isPartOf":{"@id":"https:\/\/chiro2024.thewire.dev\/fr\/#website"},"primaryImageOfPage":{"@id":"https:\/\/chiro2024.thewire.dev\/fr\/comment-nous-changeons-les-choses\/#primaryimage"},"image":{"@id":"https:\/\/chiro2024.thewire.dev\/fr\/comment-nous-changeons-les-choses\/#primaryimage"},"thumbnailUrl":"https:\/\/chiro2024.thewire.dev\/wp-content\/uploads\/2022\/11\/cca-consultation.png","datePublished":"2022-11-06T17:30:56+00:00","dateModified":"2024-01-04T19:26:54+00:00","description":"Les chiropraticiens aident \u00e0 soulager la douleur des Canadiens et leur permettent de mener la vie saine et active qu\u2019ils souhaitent.","breadcrumb":{"@id":"https:\/\/chiro2024.thewire.dev\/fr\/comment-nous-changeons-les-choses\/#breadcrumb"},"inLanguage":"fr-FR","potentialAction":[{"@type":"ReadAction","target":["https:\/\/chiro2024.thewire.dev\/fr\/comment-nous-changeons-les-choses\/"]}]},{"@type":"ImageObject","inLanguage":"fr-FR","@id":"https:\/\/chiro2024.thewire.dev\/fr\/comment-nous-changeons-les-choses\/#primaryimage","url":"https:\/\/chiro2024.thewire.dev\/wp-content\/uploads\/2022\/11\/cca-consultation.png","contentUrl":"https:\/\/chiro2024.thewire.dev\/wp-content\/uploads\/2022\/11\/cca-consultation.png","width":2048,"height":1152,"caption":"chiropractor with patient and students"},{"@type":"BreadcrumbList","@id":"https:\/\/chiro2024.thewire.dev\/fr\/comment-nous-changeons-les-choses\/#breadcrumb","itemListElement":[{"@type":"ListItem","position":1,"name":"Home","item":"https:\/\/chiro2024.thewire.dev\/fr\/"},{"@type":"ListItem","position":2,"name":"Comment nous changeons les choses"}]},{"@type":"WebSite","@id":"https:\/\/chiro2024.thewire.dev\/fr\/#website","url":"https:\/\/chiro2024.thewire.dev\/fr\/","name":"Association chiropratique canadienne","description":"Chiropractors helping Canadians live healthier lives","publisher":{"@id":"https:\/\/chiro2024.thewire.dev\/fr\/#organization"},"potentialAction":[{"@type":"SearchAction","target":{"@type":"EntryPoint","urlTemplate":"https:\/\/chiro2024.thewire.dev\/fr\/?s={search_term_string}"},"query-input":"required name=search_term_string"}],"inLanguage":"fr-FR"},{"@type":"Organization","@id":"https:\/\/chiro2024.thewire.dev\/fr\/#organization","name":"Association chiropratique canadienne","url":"https:\/\/chiro2024.thewire.dev\/fr\/","logo":{"@type":"ImageObject","inLanguage":"fr-FR","@id":"https:\/\/chiro2024.thewire.dev\/fr\/#\/schema\/logo\/image\/","url":"https:\/\/chiro2024.thewire.dev\/wp-content\/uploads\/2022\/08\/cca-logo.svg","contentUrl":"https:\/\/chiro2024.thewire.dev\/wp-content\/uploads\/2022\/08\/cca-logo.svg","caption":"Association chiropratique canadienne"},"image":{"@id":"https:\/\/chiro2024.thewire.dev\/fr\/#\/schema\/logo\/image\/"}}]}},"_links":{"self":[{"href":"https:\/\/chiro2024.thewire.dev\/fr\/wp-json\/wp\/v2\/pages\/69659"}],"collection":[{"href":"https:\/\/chiro2024.thewire.dev\/fr\/wp-json\/wp\/v2\/pages"}],"about":[{"href":"https:\/\/chiro2024.thewire.dev\/fr\/wp-json\/wp\/v2\/types\/page"}],"author":[{"embeddable":true,"href":"https:\/\/chiro2024.thewire.dev\/fr\/wp-json\/wp\/v2\/users\/13548"}],"replies":[{"embeddable":true,"href":"https:\/\/chiro2024.thewire.dev\/fr\/wp-json\/wp\/v2\/comments?post=69659"}],"version-history":[{"count":8,"href":"https:\/\/chiro2024.thewire.dev\/fr\/wp-json\/wp\/v2\/pages\/69659\/revisions"}],"predecessor-version":[{"id":73383,"href":"https:\/\/chiro2024.thewire.dev\/fr\/wp-json\/wp\/v2\/pages\/69659\/revisions\/73383"}],"wp:featuredmedia":[{"embeddable":true,"href":"https:\/\/chiro2024.thewire.dev\/fr\/wp-json\/wp\/v2\/media\/69939"}],"wp:attachment":[{"href":"https:\/\/chiro2024.thewire.dev\/fr\/wp-json\/wp\/v2\/media?parent=69659"}],"wp:term":[{"taxonomy":"page_category","embeddable":true,"href":"https:\/\/chiro2024.thewire.dev\/fr\/wp-json\/wp\/v2\/page_category?post=69659"}],"curies":[{"name":"wp","href":"https:\/\/api.w.org\/{rel}","templated":true}]}}