{"id":69488,"date":"2022-11-03T14:50:30","date_gmt":"2022-11-03T18:50:30","guid":{"rendered":"https:\/\/chiropractic.ca\/couts-et-protection-chiropratiques\/"},"modified":"2022-11-03T16:32:03","modified_gmt":"2022-11-03T20:32:03","slug":"couts-et-protection-chiropratiques","status":"publish","type":"page","link":"https:\/\/chiro2024.thewire.dev\/fr\/les-bienfaits-de-la-chiropratique\/couts-et-protection-chiropratiques\/","title":{"rendered":"Co\u00fbts et protection chiropratiques"},"content":{"rendered":"<header class=\"hero hero-large alignfull\"><div class=\"ct-container\"><figure class=\"animated fadeIn\"><div class=\"ct-media-container\"><img decoding=\"async\" width=\"1400\" height=\"931\" src=\"https:\/\/chiro2024.thewire.dev\/wp-content\/uploads\/2022\/11\/chiropractic_costs_and_coverage_banner.png\" class=\"attachment-full size-full\" alt=\"Patient passing her payment information to a clinic receptionist\" srcset=\"https:\/\/chiro2024.thewire.dev\/wp-content\/uploads\/2022\/11\/chiropractic_costs_and_coverage_banner.png 1400w, https:\/\/chiro2024.thewire.dev\/wp-content\/uploads\/2022\/11\/chiropractic_costs_and_coverage_banner-400x266.png 400w, https:\/\/chiro2024.thewire.dev\/wp-content\/uploads\/2022\/11\/chiropractic_costs_and_coverage_banner-1024x681.png 1024w, https:\/\/chiro2024.thewire.dev\/wp-content\/uploads\/2022\/11\/chiropractic_costs_and_coverage_banner-768x511.png 768w\" sizes=\"(max-width: 1400px) 100vw, 1400px\" style=\"aspect-ratio: 16\/9;\" \/><\/div><\/figure><div class=\"wp-block-columns is-not-stacked-on-mobile\"><div class=\"wp-block-column\" style=\"flex-basis: 55%;\"><h1 class=\"animated fadeIn\">Co\u00fbts et protection chiropratiques<\/h1><div class=\"is-style-lead-text\" content-device=\"desktop\"><p>Plusieurs facteurs incluent sur le co\u00fbt de la consultation d\u2019un chiropraticien (p. ex. le type de traitement re\u00e7u, l\u2019emplacement de la clinique, etc.). Les garanties relatives aux soins chiropratiques peuvent \u00e9galement varier selon votre r\u00e9gime de soins de sant\u00e9 ou d\u2019assurance maladie compl\u00e9mentaire. L\u2019une des priorit\u00e9s de l\u2019ACC est d\u2019assurer l\u2019acc\u00e8s de toute la population canadienne aux soins chiropratiques. \u00c0 cette fin, nous amor\u00e7ons et soutenons des initiatives pour que ceux et celles qui ont besoin de traitements de la colonne vert\u00e9brale, des muscles et du syst\u00e8me nerveux puissent recevoir de tels traitements \u00e0 co\u00fbt abordable.<\/p>\n<\/div><\/div><div class=\"wp-block-column\"><\/div><\/div><\/div><div class=\"shape-divider-bottom\">\n\t\t\t\t<svg xmlns=\"http:\/\/www.w3.org\/2000\/svg\" viewBox=\"0 0 2419.94 122.9\"><path id=\"Path_240\" class=\"cls-1\" d=\"M0,49.78C124.41-31.69,584.23,5.21,823.77,32.17c239.54,26.96,751.95,124.97,1269.64,17.61,58.43-12.12,280.19-83,319.61-18.2,7.57,12.44,9.72,32.23,2.36,48.08-21.49,46.26-117.05,43.59-150,43-136.67-2.44-1027.9-1.62-2262-1L0,49.78Z\"\/><\/svg>\n\t\t\t\t<\/div><\/header><div class=\"is-style-lead-text\" aria-hidden=\"true\" content-device=\"mobile\"><p>Plusieurs facteurs incluent sur le co\u00fbt de la consultation d\u2019un chiropraticien (p. ex. le type de traitement re\u00e7u, l\u2019emplacement de la clinique, etc.). Les garanties relatives aux soins chiropratiques peuvent \u00e9galement varier selon votre r\u00e9gime de soins de sant\u00e9 ou d\u2019assurance maladie compl\u00e9mentaire. L\u2019une des priorit\u00e9s de l\u2019ACC est d\u2019assurer l\u2019acc\u00e8s de toute la population canadienne aux soins chiropratiques. \u00c0 cette fin, nous amor\u00e7ons et soutenons des initiatives pour que ceux et celles qui ont besoin de traitements de la colonne vert\u00e9brale, des muscles et du syst\u00e8me nerveux puissent recevoir de tels traitements \u00e0 co\u00fbt abordable.<\/p>\n<\/div>\n<div class=\"wp-block-columns is-layout-flex wp-container-core-columns-is-layout-1 wp-block-columns-is-layout-flex\">\n<div class=\"wp-block-column is-layout-flow wp-block-column-is-layout-flow\" style=\"flex-basis:66.66%\">\n<h2 class=\"wp-block-heading\">Quel est le co\u00fbt moyen d\u2019une consultation chez un chiropraticien?<\/h2>\n\n\n\n<p>Les honoraires suivants sont fond\u00e9s sur le co\u00fbt moyen des soins chiropratiques au Canada.<\/p>\n\n\n\n<p class=\"is-style-lead-text has-black-color has-palette-color-6-background-color has-text-color has-background\">Co\u00fbt moyen d\u2019une consultation initiale : 60 $ \u00e0 150 $<br\/>Co\u00fbt moyen d\u2019une visite subs\u00e9quente ou d\u2019un ajustement : 40 $ \u00e0 80 $<\/p>\n\n\n\n<h2 class=\"wp-block-heading\">Financement public<\/h2>\n\n\n\n<p class=\"is-style-default\">Certains programmes publics d\u00e9fraient les services chiropratiques \u00e0 l\u2019ensemble de la population ou \u00e0 des groupes cibl\u00e9s comme les a\u00een\u00e9s et les personnes \u00e0 faible revenu. Pour en savoir plus sur cette protection, consultez le <strong><a href=\"https:\/\/chiro2024.thewire.dev\/about-cca\/provincial-associations-regulatory-bodies\/\">site de votre association provinciale.<\/a><\/strong><\/p>\n\n\n\n<h2 class=\"wp-block-heading\">R\u00e9gimes d\u2019avantages sociaux et de sant\u00e9 compl\u00e9mentaires<\/h2>\n<\/div>\n\n\n\n<div class=\"wp-block-column is-layout-flow wp-block-column-is-layout-flow\" style=\"flex-basis:33.33%\">\n<div class=\"wp-block-group is-style-callout-yellow is-layout-flow wp-block-group-is-layout-flow\">\n<p class=\"is-style-default\">La chiropratique est largement couverte par les tiers payeurs. Il s\u2019agit notamment des r\u00e9gimes d\u2019avantages sociaux, de la fonction publique f\u00e9d\u00e9rale, des commissions de sant\u00e9 et s\u00e9curit\u00e9 au travail, de l\u2019industrie de l\u2019assurance automobile, des r\u00e9gimes de soins de sant\u00e9 compl\u00e9mentaires, de la GRC, des Forces canadiennes et d\u2019Anciens combattants Canada.<\/p>\n<\/div>\n<\/div>\n<\/div>\n\n<p>La chiropratique est largement couverte par les tiers payeurs. Il s\u2019agit notamment des r\u00e9gimes d\u2019avantages sociaux, de la fonction publique f\u00e9d\u00e9rale, des commissions de sant\u00e9 et s\u00e9curit\u00e9 au travail, de l\u2019industrie de l\u2019assurance automobile, des r\u00e9gimes de soins de sant\u00e9 compl\u00e9mentaires, de la GRC, des Forces canadiennes et d\u2019Anciens combattants Canada.<\/p>\n\n<p>La plupart des r\u00e9gimes d\u2019assurance maladie compl\u00e9mentaires, aussi appel\u00e9s r\u00e9gimes de soins de sant\u00e9 ou de soins m\u00e9dicaux compl\u00e9mentaires, sont offerts parall\u00e8lement aux programmes d\u2019assurance maladie provinciaux. . De tels r\u00e9gimes incluent g\u00e9n\u00e9ralement les soins chiropratiques parmi les services param\u00e9dicaux. C\u2019est la principale source de financement par un tiers pour la majeure partie des patients. Pr\u00e8s de 70 % des Canadiens b\u00e9n\u00e9ficient d\u2019un r\u00e9gime de soins de sant\u00e9 compl\u00e9mentaire<sup>1<\/sup>. En 2020, les assureurs ont pay\u00e9 des co\u00fbts de soins de sant\u00e9 compl\u00e9mentaires \u00e0 la hauteur de 26,6 milliards de dollars<sup>2<\/sup>. Les r\u00e9gimes de soins de sant\u00e9 compl\u00e9mentaires peuvent \u00eatre individuels, mais la plupart sont contract\u00e9s collectivement dans le cadre des r\u00e9gimes d\u2019avantages sociaux offerts par les employeurs, les syndicats et les associations professionnelles. Renseignez-vous aupr\u00e8s de votre employeur sur la couverture assur\u00e9e par votre r\u00e9gime de soins de sant\u00e9 compl\u00e9mentaires.<\/p>\n\n<hr class=\"wp-block-separator has-alpha-channel-opacity\"\/>\n\n<ol class=\"is-style-default has-wpc-small-font-size\"><li>Faits sur les assurances de personnes au Canada, \u00e9dition 2021 http:\/\/clhia.uberflip.com\/clhia-accap\/faits-sur-les-assurances-de-personnes-au-canada-2021<\/li><li>Faits sur les assurances de personnes au Canada, \u00e9dition 2021 http:\/\/clhia.uberflip.com\/clhia-accap\/faits-sur-les-assurances-de-personnes-au-canada-2021<\/li><\/ol>\n","protected":false},"excerpt":{"rendered":"<p>Quel est le co\u00fbt moyen d\u2019une consultation chez un chiropraticien? Les honoraires suivants sont fond\u00e9s sur le co\u00fbt moyen des soins chiropratiques au Canada. Co\u00fbt moyen d\u2019une consultation initiale : 60 $ \u00e0 150 $Co\u00fbt moyen d\u2019une visite subs\u00e9quente ou d\u2019un ajustement : 40 $ \u00e0 80 $ Financement public Certains programmes publics d\u00e9fraient les [&hellip;]<\/p>\n","protected":false},"author":9,"featured_media":69443,"parent":69806,"menu_order":55,"comment_status":"closed","ping_status":"closed","template":"","meta":{"_acf_changed":false,"_relevanssi_hide_post":"","_relevanssi_hide_content":"","_relevanssi_pin_for_all":"","_relevanssi_pin_keywords":"","_relevanssi_unpin_keywords":"","_relevanssi_related_keywords":"","_relevanssi_related_include_ids":"","_relevanssi_related_exclude_ids":"","_relevanssi_related_no_append":"","_relevanssi_related_not_related":"","_relevanssi_related_posts":"","_relevanssi_noindex_reason":"","footnotes":""},"page_category":[],"blocksy_meta":{"styles_descriptor":{"styles":{"desktop":"","tablet":"","mobile":""},"google_fonts":[],"version":6}},"acf":[],"yoast_head":"<!-- This site is optimized with the Yoast SEO plugin v22.8 - https:\/\/yoast.com\/wordpress\/plugins\/seo\/ -->\n<title>Association chiropratique canadienne<\/title>\n<meta name=\"description\" content=\"Quel est le co\u00fbt moyen d\u2019une consultation chez un chiropraticien? Les honoraires suivants sont fond\u00e9s sur le co\u00fbt moyen des soins chiropratiques au\" \/>\n<meta name=\"robots\" content=\"noindex, follow, max-snippet:-1, max-image-preview:large, max-video-preview:-1\" \/>\n<meta property=\"og:locale\" content=\"fr_FR\" \/>\n<meta property=\"og:type\" content=\"article\" \/>\n<meta property=\"og:title\" content=\"Co\u00fbts et protection chiropratiques - Association chiropratique canadienne\" \/>\n<meta property=\"og:description\" content=\"Quel est le co\u00fbt moyen d\u2019une consultation chez un chiropraticien? Les honoraires suivants sont fond\u00e9s sur le co\u00fbt moyen des soins chiropratiques au\" \/>\n<meta property=\"og:url\" content=\"https:\/\/chiro2024.thewire.dev\/fr\/les-bienfaits-de-la-chiropratique\/couts-et-protection-chiropratiques\/\" \/>\n<meta property=\"og:site_name\" content=\"Association chiropratique canadienne\" \/>\n<meta property=\"article:modified_time\" content=\"2022-11-03T20:32:03+00:00\" \/>\n<meta property=\"og:image\" content=\"https:\/\/chiro2024.thewire.dev\/wp-content\/uploads\/2022\/11\/chiropractic_costs_and_coverage_banner.png\" \/>\n\t<meta property=\"og:image:width\" content=\"1400\" \/>\n\t<meta property=\"og:image:height\" content=\"931\" \/>\n\t<meta property=\"og:image:type\" content=\"image\/png\" \/>\n<meta name=\"twitter:card\" content=\"summary_large_image\" \/>\n<meta name=\"twitter:label1\" content=\"Dur\u00e9e de lecture estim\u00e9e\" \/>\n\t<meta name=\"twitter:data1\" content=\"2 minutes\" \/>\n<script type=\"application\/ld+json\" class=\"yoast-schema-graph\">{\"@context\":\"https:\/\/schema.org\",\"@graph\":[{\"@type\":\"WebPage\",\"@id\":\"https:\/\/chiro2024.thewire.dev\/fr\/les-bienfaits-de-la-chiropratique\/couts-et-protection-chiropratiques\/\",\"url\":\"https:\/\/chiro2024.thewire.dev\/fr\/les-bienfaits-de-la-chiropratique\/couts-et-protection-chiropratiques\/\",\"name\":\"Co\u00fbts et protection chiropratiques - Association chiropratique canadienne\",\"isPartOf\":{\"@id\":\"https:\/\/chiro2024.thewire.dev\/fr\/#website\"},\"primaryImageOfPage\":{\"@id\":\"https:\/\/chiro2024.thewire.dev\/fr\/les-bienfaits-de-la-chiropratique\/couts-et-protection-chiropratiques\/#primaryimage\"},\"image\":{\"@id\":\"https:\/\/chiro2024.thewire.dev\/fr\/les-bienfaits-de-la-chiropratique\/couts-et-protection-chiropratiques\/#primaryimage\"},\"thumbnailUrl\":\"https:\/\/chiro2024.thewire.dev\/wp-content\/uploads\/2022\/11\/chiropractic_costs_and_coverage_banner.png\",\"datePublished\":\"2022-11-03T18:50:30+00:00\",\"dateModified\":\"2022-11-03T20:32:03+00:00\",\"description\":\"Quel est le co\u00fbt moyen d\u2019une consultation chez un chiropraticien? Les honoraires suivants sont fond\u00e9s sur le co\u00fbt moyen des soins chiropratiques au\",\"breadcrumb\":{\"@id\":\"https:\/\/chiro2024.thewire.dev\/fr\/les-bienfaits-de-la-chiropratique\/couts-et-protection-chiropratiques\/#breadcrumb\"},\"inLanguage\":\"fr-FR\",\"potentialAction\":[{\"@type\":\"ReadAction\",\"target\":[\"https:\/\/chiro2024.thewire.dev\/fr\/les-bienfaits-de-la-chiropratique\/couts-et-protection-chiropratiques\/\"]}]},{\"@type\":\"ImageObject\",\"inLanguage\":\"fr-FR\",\"@id\":\"https:\/\/chiro2024.thewire.dev\/fr\/les-bienfaits-de-la-chiropratique\/couts-et-protection-chiropratiques\/#primaryimage\",\"url\":\"https:\/\/chiro2024.thewire.dev\/wp-content\/uploads\/2022\/11\/chiropractic_costs_and_coverage_banner.png\",\"contentUrl\":\"https:\/\/chiro2024.thewire.dev\/wp-content\/uploads\/2022\/11\/chiropractic_costs_and_coverage_banner.png\",\"width\":1400,\"height\":931,\"caption\":\"Patient passing her payment information to a clinic receptionist\"},{\"@type\":\"BreadcrumbList\",\"@id\":\"https:\/\/chiro2024.thewire.dev\/fr\/les-bienfaits-de-la-chiropratique\/couts-et-protection-chiropratiques\/#breadcrumb\",\"itemListElement\":[{\"@type\":\"ListItem\",\"position\":1,\"name\":\"Home\",\"item\":\"https:\/\/chiro2024.thewire.dev\/fr\/\"},{\"@type\":\"ListItem\",\"position\":2,\"name\":\"Les bienfaits de la chiropratique\",\"item\":\"https:\/\/chiro2024.thewire.dev\/fr\/les-bienfaits-de-la-chiropratique\/\"},{\"@type\":\"ListItem\",\"position\":3,\"name\":\"Co\u00fbts et protection chiropratiques\"}]},{\"@type\":\"WebSite\",\"@id\":\"https:\/\/chiro2024.thewire.dev\/fr\/#website\",\"url\":\"https:\/\/chiro2024.thewire.dev\/fr\/\",\"name\":\"Association chiropratique canadienne\",\"description\":\"Chiropractors helping Canadians live healthier lives\",\"publisher\":{\"@id\":\"https:\/\/chiro2024.thewire.dev\/fr\/#organization\"},\"potentialAction\":[{\"@type\":\"SearchAction\",\"target\":{\"@type\":\"EntryPoint\",\"urlTemplate\":\"https:\/\/chiro2024.thewire.dev\/fr\/?s={search_term_string}\"},\"query-input\":\"required name=search_term_string\"}],\"inLanguage\":\"fr-FR\"},{\"@type\":\"Organization\",\"@id\":\"https:\/\/chiro2024.thewire.dev\/fr\/#organization\",\"name\":\"Association chiropratique canadienne\",\"url\":\"https:\/\/chiro2024.thewire.dev\/fr\/\",\"logo\":{\"@type\":\"ImageObject\",\"inLanguage\":\"fr-FR\",\"@id\":\"https:\/\/chiro2024.thewire.dev\/fr\/#\/schema\/logo\/image\/\",\"url\":\"https:\/\/chiro2024.thewire.dev\/wp-content\/uploads\/2022\/08\/cca-logo.svg\",\"contentUrl\":\"https:\/\/chiro2024.thewire.dev\/wp-content\/uploads\/2022\/08\/cca-logo.svg\",\"caption\":\"Association chiropratique canadienne\"},\"image\":{\"@id\":\"https:\/\/chiro2024.thewire.dev\/fr\/#\/schema\/logo\/image\/\"}}]}<\/script>\n<!-- \/ Yoast SEO plugin. -->","yoast_head_json":{"title":"Association chiropratique canadienne","description":"Quel est le co\u00fbt moyen d\u2019une consultation chez un chiropraticien? Les honoraires suivants sont fond\u00e9s sur le co\u00fbt moyen des soins chiropratiques au","robots":{"index":"noindex","follow":"follow","max-snippet":"max-snippet:-1","max-image-preview":"max-image-preview:large","max-video-preview":"max-video-preview:-1"},"og_locale":"fr_FR","og_type":"article","og_title":"Co\u00fbts et protection chiropratiques - Association chiropratique canadienne","og_description":"Quel est le co\u00fbt moyen d\u2019une consultation chez un chiropraticien? Les honoraires suivants sont fond\u00e9s sur le co\u00fbt moyen des soins chiropratiques au","og_url":"https:\/\/chiro2024.thewire.dev\/fr\/les-bienfaits-de-la-chiropratique\/couts-et-protection-chiropratiques\/","og_site_name":"Association chiropratique canadienne","article_modified_time":"2022-11-03T20:32:03+00:00","og_image":[{"width":1400,"height":931,"url":"https:\/\/chiro2024.thewire.dev\/wp-content\/uploads\/2022\/11\/chiropractic_costs_and_coverage_banner.png","type":"image\/png"}],"twitter_card":"summary_large_image","twitter_misc":{"Dur\u00e9e de lecture estim\u00e9e":"2 minutes"},"schema":{"@context":"https:\/\/schema.org","@graph":[{"@type":"WebPage","@id":"https:\/\/chiro2024.thewire.dev\/fr\/les-bienfaits-de-la-chiropratique\/couts-et-protection-chiropratiques\/","url":"https:\/\/chiro2024.thewire.dev\/fr\/les-bienfaits-de-la-chiropratique\/couts-et-protection-chiropratiques\/","name":"Co\u00fbts et protection chiropratiques - Association chiropratique canadienne","isPartOf":{"@id":"https:\/\/chiro2024.thewire.dev\/fr\/#website"},"primaryImageOfPage":{"@id":"https:\/\/chiro2024.thewire.dev\/fr\/les-bienfaits-de-la-chiropratique\/couts-et-protection-chiropratiques\/#primaryimage"},"image":{"@id":"https:\/\/chiro2024.thewire.dev\/fr\/les-bienfaits-de-la-chiropratique\/couts-et-protection-chiropratiques\/#primaryimage"},"thumbnailUrl":"https:\/\/chiro2024.thewire.dev\/wp-content\/uploads\/2022\/11\/chiropractic_costs_and_coverage_banner.png","datePublished":"2022-11-03T18:50:30+00:00","dateModified":"2022-11-03T20:32:03+00:00","description":"Quel est le co\u00fbt moyen d\u2019une consultation chez un chiropraticien? Les honoraires suivants sont fond\u00e9s sur le co\u00fbt moyen des soins chiropratiques au","breadcrumb":{"@id":"https:\/\/chiro2024.thewire.dev\/fr\/les-bienfaits-de-la-chiropratique\/couts-et-protection-chiropratiques\/#breadcrumb"},"inLanguage":"fr-FR","potentialAction":[{"@type":"ReadAction","target":["https:\/\/chiro2024.thewire.dev\/fr\/les-bienfaits-de-la-chiropratique\/couts-et-protection-chiropratiques\/"]}]},{"@type":"ImageObject","inLanguage":"fr-FR","@id":"https:\/\/chiro2024.thewire.dev\/fr\/les-bienfaits-de-la-chiropratique\/couts-et-protection-chiropratiques\/#primaryimage","url":"https:\/\/chiro2024.thewire.dev\/wp-content\/uploads\/2022\/11\/chiropractic_costs_and_coverage_banner.png","contentUrl":"https:\/\/chiro2024.thewire.dev\/wp-content\/uploads\/2022\/11\/chiropractic_costs_and_coverage_banner.png","width":1400,"height":931,"caption":"Patient passing her payment information to a clinic receptionist"},{"@type":"BreadcrumbList","@id":"https:\/\/chiro2024.thewire.dev\/fr\/les-bienfaits-de-la-chiropratique\/couts-et-protection-chiropratiques\/#breadcrumb","itemListElement":[{"@type":"ListItem","position":1,"name":"Home","item":"https:\/\/chiro2024.thewire.dev\/fr\/"},{"@type":"ListItem","position":2,"name":"Les bienfaits de la chiropratique","item":"https:\/\/chiro2024.thewire.dev\/fr\/les-bienfaits-de-la-chiropratique\/"},{"@type":"ListItem","position":3,"name":"Co\u00fbts et protection chiropratiques"}]},{"@type":"WebSite","@id":"https:\/\/chiro2024.thewire.dev\/fr\/#website","url":"https:\/\/chiro2024.thewire.dev\/fr\/","name":"Association chiropratique canadienne","description":"Chiropractors helping Canadians live healthier lives","publisher":{"@id":"https:\/\/chiro2024.thewire.dev\/fr\/#organization"},"potentialAction":[{"@type":"SearchAction","target":{"@type":"EntryPoint","urlTemplate":"https:\/\/chiro2024.thewire.dev\/fr\/?s={search_term_string}"},"query-input":"required name=search_term_string"}],"inLanguage":"fr-FR"},{"@type":"Organization","@id":"https:\/\/chiro2024.thewire.dev\/fr\/#organization","name":"Association chiropratique canadienne","url":"https:\/\/chiro2024.thewire.dev\/fr\/","logo":{"@type":"ImageObject","inLanguage":"fr-FR","@id":"https:\/\/chiro2024.thewire.dev\/fr\/#\/schema\/logo\/image\/","url":"https:\/\/chiro2024.thewire.dev\/wp-content\/uploads\/2022\/08\/cca-logo.svg","contentUrl":"https:\/\/chiro2024.thewire.dev\/wp-content\/uploads\/2022\/08\/cca-logo.svg","caption":"Association chiropratique canadienne"},"image":{"@id":"https:\/\/chiro2024.thewire.dev\/fr\/#\/schema\/logo\/image\/"}}]}},"_links":{"self":[{"href":"https:\/\/chiro2024.thewire.dev\/fr\/wp-json\/wp\/v2\/pages\/69488"}],"collection":[{"href":"https:\/\/chiro2024.thewire.dev\/fr\/wp-json\/wp\/v2\/pages"}],"about":[{"href":"https:\/\/chiro2024.thewire.dev\/fr\/wp-json\/wp\/v2\/types\/page"}],"author":[{"embeddable":true,"href":"https:\/\/chiro2024.thewire.dev\/fr\/wp-json\/wp\/v2\/users\/9"}],"replies":[{"embeddable":true,"href":"https:\/\/chiro2024.thewire.dev\/fr\/wp-json\/wp\/v2\/comments?post=69488"}],"version-history":[{"count":1,"href":"https:\/\/chiro2024.thewire.dev\/fr\/wp-json\/wp\/v2\/pages\/69488\/revisions"}],"predecessor-version":[{"id":69489,"href":"https:\/\/chiro2024.thewire.dev\/fr\/wp-json\/wp\/v2\/pages\/69488\/revisions\/69489"}],"up":[{"embeddable":true,"href":"https:\/\/chiro2024.thewire.dev\/fr\/wp-json\/wp\/v2\/pages\/69806"}],"wp:featuredmedia":[{"embeddable":true,"href":"https:\/\/chiro2024.thewire.dev\/fr\/wp-json\/wp\/v2\/media\/69443"}],"wp:attachment":[{"href":"https:\/\/chiro2024.thewire.dev\/fr\/wp-json\/wp\/v2\/media?parent=69488"}],"wp:term":[{"taxonomy":"page_category","embeddable":true,"href":"https:\/\/chiro2024.thewire.dev\/fr\/wp-json\/wp\/v2\/page_category?post=69488"}],"curies":[{"name":"wp","href":"https:\/\/api.w.org\/{rel}","templated":true}]}}