{"id":69440,"date":"2022-11-03T14:31:19","date_gmt":"2022-11-03T18:31:19","guid":{"rendered":"https:\/\/chiropractic.ca\/le-pcgpc\/"},"modified":"2022-11-07T17:10:43","modified_gmt":"2022-11-07T22:10:43","slug":"le-pcgpc","status":"publish","type":"page","link":"https:\/\/chiro2024.thewire.dev\/fr\/le-pcgpc\/","title":{"rendered":"Le PCGPC"},"content":{"rendered":"<header class=\"hero hero-large alignfull\"><div class=\"ct-container\"><figure class=\"animated fadeIn\"><div class=\"ct-media-container\"><img decoding=\"async\" width=\"2048\" height=\"1152\" src=\"https:\/\/chiro2024.thewire.dev\/wp-content\/uploads\/2022\/11\/ccgi-banner.jpg\" class=\"attachment-full size-full\" alt=\"Chiropractor presenting a spine model\" srcset=\"https:\/\/chiro2024.thewire.dev\/wp-content\/uploads\/2022\/11\/ccgi-banner.jpg 2048w, https:\/\/chiro2024.thewire.dev\/wp-content\/uploads\/2022\/11\/ccgi-banner-400x225.jpg 400w, https:\/\/chiro2024.thewire.dev\/wp-content\/uploads\/2022\/11\/ccgi-banner-1024x576.jpg 1024w, https:\/\/chiro2024.thewire.dev\/wp-content\/uploads\/2022\/11\/ccgi-banner-768x432.jpg 768w, https:\/\/chiro2024.thewire.dev\/wp-content\/uploads\/2022\/11\/ccgi-banner-1536x864.jpg 1536w\" sizes=\"(max-width: 2048px) 100vw, 2048px\" style=\"aspect-ratio: 16\/9;\" \/><\/div><\/figure><div class=\"wp-block-columns is-not-stacked-on-mobile\"><div class=\"wp-block-column\" style=\"flex-basis: 55%;\"><h1 class=\"animated fadeIn\">Le PCGPC<\/h1><div class=\"is-style-lead-text\" content-device=\"desktop\"><p>La vision du PCGPC est d\u2019am\u00e9liorer la sant\u00e9 des Canadiens en favorisant l\u2019excellence des soins chiropratiques.<\/p>\n<\/div><\/div><div class=\"wp-block-column\"><\/div><\/div><\/div><div class=\"shape-divider-bottom\">\n\t\t\t\t<svg xmlns=\"http:\/\/www.w3.org\/2000\/svg\" viewBox=\"0 0 2419.94 122.9\"><path id=\"Path_240\" class=\"cls-1\" d=\"M0,49.78C124.41-31.69,584.23,5.21,823.77,32.17c239.54,26.96,751.95,124.97,1269.64,17.61,58.43-12.12,280.19-83,319.61-18.2,7.57,12.44,9.72,32.23,2.36,48.08-21.49,46.26-117.05,43.59-150,43-136.67-2.44-1027.9-1.62-2262-1L0,49.78Z\"\/><\/svg>\n\t\t\t\t<\/div><\/header><div class=\"is-style-lead-text\" aria-hidden=\"true\" content-device=\"mobile\"><p>La vision du PCGPC est d\u2019am\u00e9liorer la sant\u00e9 des Canadiens en favorisant l\u2019excellence des soins chiropratiques.<\/p>\n<\/div>\n<div class=\"wp-block-columns is-layout-flex wp-container-core-columns-is-layout-1 wp-block-columns-is-layout-flex\">\n<div class=\"wp-block-column is-layout-flow wp-block-column-is-layout-flow\" style=\"flex-basis:66.66%\">\n<h2 class=\"wp-block-heading\">Objectifs strat\u00e9giques<\/h2>\n\n\n\n<ul class=\"is-style-fancy\"><li>Transformer la culture de la profession chiropratique en une culture guid\u00e9e par une pratique fond\u00e9e sur des donn\u00e9es probantes<\/li><li>Produire, adapter ou adopter des recommandations pertinentes \u00e0 la pratique chiropratique pour am\u00e9liorer les soins aux patients, en se fondant sur les meilleures donn\u00e9es probantes disponibles<\/li><li>Cr\u00e9er et appliquer des strat\u00e9gies novatrices d\u2019application des connaissances pour influencer la pratique chiropratique<\/li><li>Engager les parties prenantes \u00e0 contribuer \u00e0 la diffusion des meilleures pratiques aupr\u00e8s de leurs membres<\/li><\/ul>\n<\/div>\n\n\n\n<div class=\"wp-block-column is-layout-flow wp-block-column-is-layout-flow\" style=\"flex-basis:33.33%\">\n<div class=\"wp-block-group is-style-callout-yellow is-layout-flow wp-block-group-is-layout-flow\">\n<p>Am\u00e9liorer la sant\u00e9 des Canadiens en favorisant l&#8217;excellence des soins chiropratiques.<\/p>\n<\/div>\n<\/div>\n<\/div>\n\n<p>Le PCGPC est financ\u00e9 par des associations provinciales, des organismes de r\u00e9glementation et des associations nationales, dont l\u2019Association chiropratique canadienne et l\u2019Association de protection chiropratique canadienne. Le PCGPC conserve son ind\u00e9pendance \u00e9ditoriale par rapport aux bailleurs de fonds.<\/p>\n\n<p>Pour acc\u00e9der aux ressources destin\u00e9es aux cliniciens et aux patients, aux publications et \u00e0 la formation continue, visitez le site Web du PCGPC.<\/p>\n\n<div class=\"wp-block-buttons is-layout-flex wp-block-buttons-is-layout-flex\">\n<div class=\"wp-block-button\"><a class=\"wp-block-button__link\" href=\"https:\/\/www.ccgi-research.com\/\" target=\"_blank\" rel=\"noreferrer noopener\">Visitez le site Web du PCGPC<\/a><\/div>\n<\/div>\n","protected":false},"excerpt":{"rendered":"<p>Objectifs strat\u00e9giques Transformer la culture de la profession chiropratique en une culture guid\u00e9e par une pratique fond\u00e9e sur des donn\u00e9es probantes Produire, adapter ou adopter des recommandations pertinentes \u00e0 la pratique chiropratique pour am\u00e9liorer les soins aux patients, en se fondant sur les meilleures donn\u00e9es probantes disponibles Cr\u00e9er et appliquer des strat\u00e9gies novatrices d\u2019application des [&hellip;]<\/p>\n","protected":false},"author":13548,"featured_media":69408,"parent":0,"menu_order":0,"comment_status":"closed","ping_status":"closed","template":"","meta":{"_acf_changed":false,"_relevanssi_hide_post":"","_relevanssi_hide_content":"","_relevanssi_pin_for_all":"","_relevanssi_pin_keywords":"","_relevanssi_unpin_keywords":"","_relevanssi_related_keywords":"","_relevanssi_related_include_ids":"","_relevanssi_related_exclude_ids":"","_relevanssi_related_no_append":"","_relevanssi_related_not_related":"","_relevanssi_related_posts":"","_relevanssi_noindex_reason":"","footnotes":""},"page_category":[],"blocksy_meta":{"styles_descriptor":{"styles":{"desktop":"","tablet":"","mobile":""},"google_fonts":[],"version":6}},"acf":[],"yoast_head":"<!-- This site is optimized with the Yoast SEO plugin v22.8 - https:\/\/yoast.com\/wordpress\/plugins\/seo\/ -->\n<title>Association chiropratique canadienne<\/title>\n<meta name=\"description\" content=\"La vision du PCGPC est d\u2019am\u00e9liorer la sant\u00e9 des Canadiens en favorisant l\u2019excellence des soins chiropratiques.\" \/>\n<meta name=\"robots\" content=\"noindex, follow, max-snippet:-1, max-image-preview:large, max-video-preview:-1\" \/>\n<meta property=\"og:locale\" content=\"fr_FR\" \/>\n<meta property=\"og:type\" content=\"article\" \/>\n<meta property=\"og:title\" content=\"Le PCGPC - Association chiropratique canadienne\" \/>\n<meta property=\"og:description\" content=\"La vision du PCGPC est d\u2019am\u00e9liorer la sant\u00e9 des Canadiens en favorisant l\u2019excellence des soins chiropratiques.\" \/>\n<meta property=\"og:url\" content=\"https:\/\/chiro2024.thewire.dev\/fr\/le-pcgpc\/\" \/>\n<meta property=\"og:site_name\" content=\"Association chiropratique canadienne\" \/>\n<meta property=\"article:modified_time\" content=\"2022-11-07T22:10:43+00:00\" \/>\n<meta property=\"og:image\" content=\"https:\/\/chiro2024.thewire.dev\/wp-content\/uploads\/2022\/11\/ccgi-banner.jpg\" \/>\n\t<meta property=\"og:image:width\" content=\"2048\" \/>\n\t<meta property=\"og:image:height\" content=\"1152\" \/>\n\t<meta property=\"og:image:type\" content=\"image\/jpeg\" \/>\n<meta name=\"twitter:card\" content=\"summary_large_image\" \/>\n<meta name=\"twitter:label1\" content=\"Dur\u00e9e de lecture estim\u00e9e\" \/>\n\t<meta name=\"twitter:data1\" content=\"1 minute\" \/>\n<script type=\"application\/ld+json\" class=\"yoast-schema-graph\">{\"@context\":\"https:\/\/schema.org\",\"@graph\":[{\"@type\":\"WebPage\",\"@id\":\"https:\/\/chiro2024.thewire.dev\/fr\/le-pcgpc\/\",\"url\":\"https:\/\/chiro2024.thewire.dev\/fr\/le-pcgpc\/\",\"name\":\"Le PCGPC - Association chiropratique canadienne\",\"isPartOf\":{\"@id\":\"https:\/\/chiro2024.thewire.dev\/fr\/#website\"},\"primaryImageOfPage\":{\"@id\":\"https:\/\/chiro2024.thewire.dev\/fr\/le-pcgpc\/#primaryimage\"},\"image\":{\"@id\":\"https:\/\/chiro2024.thewire.dev\/fr\/le-pcgpc\/#primaryimage\"},\"thumbnailUrl\":\"https:\/\/chiro2024.thewire.dev\/wp-content\/uploads\/2022\/11\/ccgi-banner.jpg\",\"datePublished\":\"2022-11-03T18:31:19+00:00\",\"dateModified\":\"2022-11-07T22:10:43+00:00\",\"description\":\"La vision du PCGPC est d\u2019am\u00e9liorer la sant\u00e9 des Canadiens en favorisant l\u2019excellence des soins chiropratiques.\",\"breadcrumb\":{\"@id\":\"https:\/\/chiro2024.thewire.dev\/fr\/le-pcgpc\/#breadcrumb\"},\"inLanguage\":\"fr-FR\",\"potentialAction\":[{\"@type\":\"ReadAction\",\"target\":[\"https:\/\/chiro2024.thewire.dev\/fr\/le-pcgpc\/\"]}]},{\"@type\":\"ImageObject\",\"inLanguage\":\"fr-FR\",\"@id\":\"https:\/\/chiro2024.thewire.dev\/fr\/le-pcgpc\/#primaryimage\",\"url\":\"https:\/\/chiro2024.thewire.dev\/wp-content\/uploads\/2022\/11\/ccgi-banner.jpg\",\"contentUrl\":\"https:\/\/chiro2024.thewire.dev\/wp-content\/uploads\/2022\/11\/ccgi-banner.jpg\",\"width\":2048,\"height\":1152,\"caption\":\"Chiropractor presenting a spine model\"},{\"@type\":\"BreadcrumbList\",\"@id\":\"https:\/\/chiro2024.thewire.dev\/fr\/le-pcgpc\/#breadcrumb\",\"itemListElement\":[{\"@type\":\"ListItem\",\"position\":1,\"name\":\"Home\",\"item\":\"https:\/\/chiro2024.thewire.dev\/fr\/\"},{\"@type\":\"ListItem\",\"position\":2,\"name\":\"Le PCGPC\"}]},{\"@type\":\"WebSite\",\"@id\":\"https:\/\/chiro2024.thewire.dev\/fr\/#website\",\"url\":\"https:\/\/chiro2024.thewire.dev\/fr\/\",\"name\":\"Association chiropratique canadienne\",\"description\":\"Chiropractors helping Canadians live healthier lives\",\"publisher\":{\"@id\":\"https:\/\/chiro2024.thewire.dev\/fr\/#organization\"},\"potentialAction\":[{\"@type\":\"SearchAction\",\"target\":{\"@type\":\"EntryPoint\",\"urlTemplate\":\"https:\/\/chiro2024.thewire.dev\/fr\/?s={search_term_string}\"},\"query-input\":\"required name=search_term_string\"}],\"inLanguage\":\"fr-FR\"},{\"@type\":\"Organization\",\"@id\":\"https:\/\/chiro2024.thewire.dev\/fr\/#organization\",\"name\":\"Association chiropratique canadienne\",\"url\":\"https:\/\/chiro2024.thewire.dev\/fr\/\",\"logo\":{\"@type\":\"ImageObject\",\"inLanguage\":\"fr-FR\",\"@id\":\"https:\/\/chiro2024.thewire.dev\/fr\/#\/schema\/logo\/image\/\",\"url\":\"https:\/\/chiro2024.thewire.dev\/wp-content\/uploads\/2022\/08\/cca-logo.svg\",\"contentUrl\":\"https:\/\/chiro2024.thewire.dev\/wp-content\/uploads\/2022\/08\/cca-logo.svg\",\"caption\":\"Association chiropratique canadienne\"},\"image\":{\"@id\":\"https:\/\/chiro2024.thewire.dev\/fr\/#\/schema\/logo\/image\/\"}}]}<\/script>\n<!-- \/ Yoast SEO plugin. -->","yoast_head_json":{"title":"Association chiropratique canadienne","description":"La vision du PCGPC est d\u2019am\u00e9liorer la sant\u00e9 des Canadiens en favorisant l\u2019excellence des soins chiropratiques.","robots":{"index":"noindex","follow":"follow","max-snippet":"max-snippet:-1","max-image-preview":"max-image-preview:large","max-video-preview":"max-video-preview:-1"},"og_locale":"fr_FR","og_type":"article","og_title":"Le PCGPC - Association chiropratique canadienne","og_description":"La vision du PCGPC est d\u2019am\u00e9liorer la sant\u00e9 des Canadiens en favorisant l\u2019excellence des soins chiropratiques.","og_url":"https:\/\/chiro2024.thewire.dev\/fr\/le-pcgpc\/","og_site_name":"Association chiropratique canadienne","article_modified_time":"2022-11-07T22:10:43+00:00","og_image":[{"width":2048,"height":1152,"url":"https:\/\/chiro2024.thewire.dev\/wp-content\/uploads\/2022\/11\/ccgi-banner.jpg","type":"image\/jpeg"}],"twitter_card":"summary_large_image","twitter_misc":{"Dur\u00e9e de lecture estim\u00e9e":"1 minute"},"schema":{"@context":"https:\/\/schema.org","@graph":[{"@type":"WebPage","@id":"https:\/\/chiro2024.thewire.dev\/fr\/le-pcgpc\/","url":"https:\/\/chiro2024.thewire.dev\/fr\/le-pcgpc\/","name":"Le PCGPC - Association chiropratique canadienne","isPartOf":{"@id":"https:\/\/chiro2024.thewire.dev\/fr\/#website"},"primaryImageOfPage":{"@id":"https:\/\/chiro2024.thewire.dev\/fr\/le-pcgpc\/#primaryimage"},"image":{"@id":"https:\/\/chiro2024.thewire.dev\/fr\/le-pcgpc\/#primaryimage"},"thumbnailUrl":"https:\/\/chiro2024.thewire.dev\/wp-content\/uploads\/2022\/11\/ccgi-banner.jpg","datePublished":"2022-11-03T18:31:19+00:00","dateModified":"2022-11-07T22:10:43+00:00","description":"La vision du PCGPC est d\u2019am\u00e9liorer la sant\u00e9 des Canadiens en favorisant l\u2019excellence des soins chiropratiques.","breadcrumb":{"@id":"https:\/\/chiro2024.thewire.dev\/fr\/le-pcgpc\/#breadcrumb"},"inLanguage":"fr-FR","potentialAction":[{"@type":"ReadAction","target":["https:\/\/chiro2024.thewire.dev\/fr\/le-pcgpc\/"]}]},{"@type":"ImageObject","inLanguage":"fr-FR","@id":"https:\/\/chiro2024.thewire.dev\/fr\/le-pcgpc\/#primaryimage","url":"https:\/\/chiro2024.thewire.dev\/wp-content\/uploads\/2022\/11\/ccgi-banner.jpg","contentUrl":"https:\/\/chiro2024.thewire.dev\/wp-content\/uploads\/2022\/11\/ccgi-banner.jpg","width":2048,"height":1152,"caption":"Chiropractor presenting a spine model"},{"@type":"BreadcrumbList","@id":"https:\/\/chiro2024.thewire.dev\/fr\/le-pcgpc\/#breadcrumb","itemListElement":[{"@type":"ListItem","position":1,"name":"Home","item":"https:\/\/chiro2024.thewire.dev\/fr\/"},{"@type":"ListItem","position":2,"name":"Le PCGPC"}]},{"@type":"WebSite","@id":"https:\/\/chiro2024.thewire.dev\/fr\/#website","url":"https:\/\/chiro2024.thewire.dev\/fr\/","name":"Association chiropratique canadienne","description":"Chiropractors helping Canadians live healthier lives","publisher":{"@id":"https:\/\/chiro2024.thewire.dev\/fr\/#organization"},"potentialAction":[{"@type":"SearchAction","target":{"@type":"EntryPoint","urlTemplate":"https:\/\/chiro2024.thewire.dev\/fr\/?s={search_term_string}"},"query-input":"required name=search_term_string"}],"inLanguage":"fr-FR"},{"@type":"Organization","@id":"https:\/\/chiro2024.thewire.dev\/fr\/#organization","name":"Association chiropratique canadienne","url":"https:\/\/chiro2024.thewire.dev\/fr\/","logo":{"@type":"ImageObject","inLanguage":"fr-FR","@id":"https:\/\/chiro2024.thewire.dev\/fr\/#\/schema\/logo\/image\/","url":"https:\/\/chiro2024.thewire.dev\/wp-content\/uploads\/2022\/08\/cca-logo.svg","contentUrl":"https:\/\/chiro2024.thewire.dev\/wp-content\/uploads\/2022\/08\/cca-logo.svg","caption":"Association chiropratique canadienne"},"image":{"@id":"https:\/\/chiro2024.thewire.dev\/fr\/#\/schema\/logo\/image\/"}}]}},"_links":{"self":[{"href":"https:\/\/chiro2024.thewire.dev\/fr\/wp-json\/wp\/v2\/pages\/69440"}],"collection":[{"href":"https:\/\/chiro2024.thewire.dev\/fr\/wp-json\/wp\/v2\/pages"}],"about":[{"href":"https:\/\/chiro2024.thewire.dev\/fr\/wp-json\/wp\/v2\/types\/page"}],"author":[{"embeddable":true,"href":"https:\/\/chiro2024.thewire.dev\/fr\/wp-json\/wp\/v2\/users\/13548"}],"replies":[{"embeddable":true,"href":"https:\/\/chiro2024.thewire.dev\/fr\/wp-json\/wp\/v2\/comments?post=69440"}],"version-history":[{"count":1,"href":"https:\/\/chiro2024.thewire.dev\/fr\/wp-json\/wp\/v2\/pages\/69440\/revisions"}],"predecessor-version":[{"id":69441,"href":"https:\/\/chiro2024.thewire.dev\/fr\/wp-json\/wp\/v2\/pages\/69440\/revisions\/69441"}],"wp:featuredmedia":[{"embeddable":true,"href":"https:\/\/chiro2024.thewire.dev\/fr\/wp-json\/wp\/v2\/media\/69408"}],"wp:attachment":[{"href":"https:\/\/chiro2024.thewire.dev\/fr\/wp-json\/wp\/v2\/media?parent=69440"}],"wp:term":[{"taxonomy":"page_category","embeddable":true,"href":"https:\/\/chiro2024.thewire.dev\/fr\/wp-json\/wp\/v2\/page_category?post=69440"}],"curies":[{"name":"wp","href":"https:\/\/api.w.org\/{rel}","templated":true}]}}