{"id":67105,"date":"2022-10-05T15:53:30","date_gmt":"2022-10-05T19:53:30","guid":{"rendered":"https:\/\/chiropractic.ca\/centre-des-medias\/"},"modified":"2022-11-08T15:01:34","modified_gmt":"2022-11-08T20:01:34","slug":"medias","status":"publish","type":"page","link":"https:\/\/chiro2024.thewire.dev\/fr\/medias\/","title":{"rendered":"Centre des m\u00e9dias"},"content":{"rendered":"<header class=\"hero hero-large alignfull\"><div class=\"ct-container\"><figure class=\"animated fadeIn\"><div class=\"ct-media-container\"><img decoding=\"async\" width=\"2560\" height=\"1708\" src=\"https:\/\/chiro2024.thewire.dev\/wp-content\/uploads\/2022\/11\/media-scaled.jpg\" class=\"attachment-full size-full\" alt=\"Speech bubble\" srcset=\"https:\/\/chiro2024.thewire.dev\/wp-content\/uploads\/2022\/11\/media-scaled.jpg 2560w, https:\/\/chiro2024.thewire.dev\/wp-content\/uploads\/2022\/11\/media-400x267.jpg 400w, https:\/\/chiro2024.thewire.dev\/wp-content\/uploads\/2022\/11\/media-1024x683.jpg 1024w, https:\/\/chiro2024.thewire.dev\/wp-content\/uploads\/2022\/11\/media-768x513.jpg 768w, https:\/\/chiro2024.thewire.dev\/wp-content\/uploads\/2022\/11\/media-1536x1025.jpg 1536w, https:\/\/chiro2024.thewire.dev\/wp-content\/uploads\/2022\/11\/media-2048x1367.jpg 2048w\" sizes=\"(max-width: 2560px) 100vw, 2560px\" style=\"aspect-ratio: 16\/9;\" \/><\/div><\/figure><div class=\"wp-block-columns is-not-stacked-on-mobile\"><div class=\"wp-block-column\" style=\"flex-basis: 55%;\"><h1 class=\"animated fadeIn\">Centre des m\u00e9dias<\/h1><div class=\"is-style-lead-text\" content-device=\"desktop\"><p>L\u2019Association chiropratique canadienne (ACC) est une association nationale qui repr\u00e9sente les int\u00e9r\u00eats des 9 000 docteurs en chiropratique agr\u00e9\u00e9s au Canada.<\/p>\n<\/div><\/div><div class=\"wp-block-column\"><\/div><\/div><\/div><div class=\"shape-divider-bottom\">\n\t\t\t\t<svg xmlns=\"http:\/\/www.w3.org\/2000\/svg\" viewBox=\"0 0 2419.94 122.9\"><path id=\"Path_240\" class=\"cls-1\" d=\"M0,49.78C124.41-31.69,584.23,5.21,823.77,32.17c239.54,26.96,751.95,124.97,1269.64,17.61,58.43-12.12,280.19-83,319.61-18.2,7.57,12.44,9.72,32.23,2.36,48.08-21.49,46.26-117.05,43.59-150,43-136.67-2.44-1027.9-1.62-2262-1L0,49.78Z\"\/><\/svg>\n\t\t\t\t<\/div><\/header><div class=\"is-style-lead-text\" aria-hidden=\"true\" content-device=\"mobile\"><p>L\u2019Association chiropratique canadienne (ACC) est une association nationale qui repr\u00e9sente les int\u00e9r\u00eats des 9 000 docteurs en chiropratique agr\u00e9\u00e9s au Canada.<\/p>\n<\/div>\n\n\n<div class=\"wp-block-columns is-layout-flex wp-container-core-columns-is-layout-1 wp-block-columns-is-layout-flex\">\n<div class=\"wp-block-column is-layout-flow wp-block-column-is-layout-flow\" style=\"flex-basis:66.66%\">\n<p>Les chiropraticiens aident \u00e0 soulager la douleur des Canadiens et leur permettent de mener la vie saine et active qu\u2019ils souhaitent. On estime que 4,7 millions d\u2019adultes canadiens se sont tourn\u00e9s vers un chiropraticien en 2019 pour traiter des probl\u00e8mes li\u00e9s \u00e0 la colonne vert\u00e9brale, aux muscles et au syst\u00e8me nerveux. La chiropratique est un traitement manuel, non invasif et sans m\u00e9dicaments.<\/p>\n\n\n\n<p>L\u2019ACC est le porte-parole national des chiropraticiens depuis 1953; elle travaille \u00e0 faire conna\u00eetre la valeur et l\u2019expertise uniques que ses membres ont \u00e0 offrir. Nous collaborons avec d\u2019autres associations de professionnels de la sant\u00e9, ainsi qu\u2019avec des gouvernements et des assureurs priv\u00e9s de soins m\u00e9dicaux afin de rendre les soins chiropratiques accessibles \u00e0 tous ceux qui en ont besoin, dans le cadre d\u2019un syst\u00e8me de sant\u00e9 robuste qui met l\u2019accent sur les soins, au moyen d\u2019\u00e9quipes int\u00e9gr\u00e9es de professionnels de la sant\u00e9.<\/p>\n\n\n\n<h2 class=\"wp-block-heading\">Pour les demandes des m\u00e9dias,<br>veuillez \u00e9crire \u00e0 :<\/h2>\n\n\n\n<h3 class=\"wp-block-heading\">Courriel<\/h3>\n\n\n\n<p><a href=\"mailto:media@chiropractic.ca\">media@chiropractic.ca<\/a><\/p>\n\n\n\n<h3 class=\"wp-block-heading\">Adresse postale<\/h3>\n\n\n\n<p>184 Front St. East, bureau 200<br>Toronto (Ontario) M5A 4N3<\/p>\n\n\n\n<h2 class=\"wp-block-heading\">Communiqu\u00e9s de presse<\/h2>\n\n\n<div class=\"ct-posts-shortcode\" data-prefix=\"media-centre_archive\"><div class=\"entries\" data-archive=\"default\" data-layout=\"simple\" data-cards=\"simple\"  ><article class=\"entry-card post-73323 media-centre type-media-centre status-publish hentry\" ><div class=\"card-content\"><h3 class=\"entry-title\"><a href=\"https:\/\/chiro2024.thewire.dev\/fr\/centre-des-medias\/declaration-a-lintention-des-medias-reponse-a-larticle-publie-dans-le-tyee\/\" rel=\"bookmark\">D\u00e9claration \u00e0 l\u2019intention des m\u00e9dias : r\u00e9ponse \u00e0 l\u2019article publi\u00e9 dans le Tyee<\/a><\/h3><ul class=\"entry-meta\" data-type=\"simple:none\" data-id=\"SvG3GR\" ><li class=\"meta-date\" ><time class=\"ct-meta-element-date\" datetime=\"2023-10-27T16:10:04-04:00\">27 octobre 2023<\/time><\/li><\/ul><div class=\"entry-excerpt\"><p>Madame Gamage, Au nom des chiropraticiens de la Colombie-Britannique et du reste du Canada, nous vous \u00e9crivons pour r\u00e9pondre aux all\u00e9gations port\u00e9es contre les soins chiropratiques dans l\u2019article \u00ab The Potentially High Risks of Alternative Health Care \u00bb publi\u00e9 par\u2026<\/p>\n<\/div><a class=\"entry-button\" href=\"https:\/\/chiro2024.thewire.dev\/fr\/centre-des-medias\/declaration-a-lintention-des-medias-reponse-a-larticle-publie-dans-le-tyee\/\">Read full news release<span class=\"screen-reader-text\">D\u00e9claration \u00e0 l\u2019intention des m\u00e9dias : r\u00e9ponse \u00e0 l\u2019article publi\u00e9 dans le Tyee<\/span><\/a><\/div><\/article><article class=\"entry-card post-73255 media-centre type-media-centre status-publish hentry\" ><div class=\"card-content\"><h3 class=\"entry-title\"><a href=\"https:\/\/chiro2024.thewire.dev\/fr\/centre-des-medias\/bougez-avec-lassociation-chiropratique-canadienne-a-loccasion-de-la-journee-mondiale-de-la-colonne-vertebrale\/\" rel=\"bookmark\">Bougez avec l\u2019Association chiropratique canadienne \u00e0 l\u2019occasion de la Journ\u00e9e mondiale de la colonne vert\u00e9brale<\/a><\/h3><ul class=\"entry-meta\" data-type=\"simple:none\" data-id=\"SvG3GR\" ><li class=\"meta-date\" ><time class=\"ct-meta-element-date\" datetime=\"2023-10-03T09:32:35-04:00\">3 octobre 2023<\/time><\/li><\/ul><div class=\"entry-excerpt\"><p>[Toronto, Ontario, 2 octobre 2023] \u2013 L\u2019Association chiropratique canadienne (ACC) est heureuse d\u2019appuyer la Journ\u00e9e mondiale de la colonne vert\u00e9brale, qui aura lieu le 16 octobre 2023. Cette initiative de la F\u00e9d\u00e9ration mondiale de chiropratique (FMC) presse les gouvernements, les\u2026<\/p>\n<\/div><a class=\"entry-button\" href=\"https:\/\/chiro2024.thewire.dev\/fr\/centre-des-medias\/bougez-avec-lassociation-chiropratique-canadienne-a-loccasion-de-la-journee-mondiale-de-la-colonne-vertebrale\/\">Read full news release<span class=\"screen-reader-text\">Bougez avec l\u2019Association chiropratique canadienne \u00e0 l\u2019occasion de la Journ\u00e9e mondiale de la colonne vert\u00e9brale<\/span><\/a><\/div><\/article><article class=\"entry-card post-72486 media-centre type-media-centre status-publish hentry\" ><div class=\"card-content\"><h3 class=\"entry-title\"><a href=\"https:\/\/chiro2024.thewire.dev\/fr\/centre-des-medias\/reduction-prochaine-des-frais-de-carte-de-credit-pour-les-petites-entreprises\/\" rel=\"bookmark\">R\u00e9duction prochaine des frais de carte de cr\u00e9dit pour les petites entreprises<\/a><\/h3><ul class=\"entry-meta\" data-type=\"simple:none\" data-id=\"SvG3GR\" ><li class=\"meta-date\" ><time class=\"ct-meta-element-date\" datetime=\"2023-05-26T14:26:33-04:00\">26 mai 2023<\/time><\/li><\/ul><div class=\"entry-excerpt\"><p>L\u2019Association chiropratique canadienne (ACC) est ravie de l\u2019annonce faite par l\u2019honorable Chrystia Freeland, vice-premi\u00e8re ministre et ministre des Finances, et par l\u2019honorable Mary Ng, ministre du Commerce international, de la Promotion des exportations, de la Petite Entreprise, et du D\u00e9veloppement\u2026<\/p>\n<\/div><a class=\"entry-button\" href=\"https:\/\/chiro2024.thewire.dev\/fr\/centre-des-medias\/reduction-prochaine-des-frais-de-carte-de-credit-pour-les-petites-entreprises\/\">Read full news release<span class=\"screen-reader-text\">R\u00e9duction prochaine des frais de carte de cr\u00e9dit pour les petites entreprises<\/span><\/a><\/div><\/article><article class=\"entry-card post-72099 media-centre type-media-centre status-publish hentry\" ><div class=\"card-content\"><h3 class=\"entry-title\"><a href=\"https:\/\/chiro2024.thewire.dev\/fr\/centre-des-medias\/nomination-de-la-dre-ayla-azad-au-poste-de-directrice-generale-de-lassociation-chiropratique-canadienne\/\" rel=\"bookmark\">Nomination de la Dre Ayla Azad au poste de directrice g\u00e9n\u00e9rale de l\u2019Association chiropratique canadienne<\/a><\/h3><ul class=\"entry-meta\" data-type=\"simple:none\" data-id=\"SvG3GR\" ><li class=\"meta-date\" ><time class=\"ct-meta-element-date\" datetime=\"2023-04-25T08:59:08-04:00\">25 avril 2023<\/time><\/li><\/ul><div class=\"entry-excerpt\">Nomination de la Dre Ayla Azad au poste de directrice g\u00e9n\u00e9rale de l\u2019Association chiropratique canadienne. La Dre Azad occupe cette fonction \u00e0 titre int\u00e9rimaire depuis novembre 2022. <\/div><a class=\"entry-button\" href=\"https:\/\/chiro2024.thewire.dev\/fr\/centre-des-medias\/nomination-de-la-dre-ayla-azad-au-poste-de-directrice-generale-de-lassociation-chiropratique-canadienne\/\">Read full news release<span class=\"screen-reader-text\">Nomination de la Dre Ayla Azad au poste de directrice g\u00e9n\u00e9rale de l\u2019Association chiropratique canadienne<\/span><\/a><\/div><\/article><article class=\"entry-card post-56636 media-centre type-media-centre status-publish hentry\" ><div class=\"card-content\"><h3 class=\"entry-title\"><a href=\"https:\/\/chiro2024.thewire.dev\/fr\/centre-des-medias\/lassociation-chiropratique-canadienne-approuve-le-matelas-endy-fabrique-au-canada\/\" rel=\"bookmark\">L\u2019Association chiropratique canadienne approuve le matelas Endy fabriqu\u00e9 au Canada<\/a><\/h3><ul class=\"entry-meta\" data-type=\"simple:none\" data-id=\"SvG3GR\" ><li class=\"meta-date\" ><time class=\"ct-meta-element-date\" datetime=\"2022-06-21T09:44:25-04:00\">21 juin 2022<\/time><\/li><\/ul><div class=\"entry-excerpt\"><p>Endy est d\u00e9sormais la marque officielle de matelas et d\u2019oreillers de l\u2019ACC &nbsp; Toronto, Ontario \u2013 L\u2019Association chiropratique canadienne (ACC), qui repr\u00e9sente plus de 9\u00a0000\u00a0docteurs en chiropratique, a annonc\u00e9 aujourd\u2019hui qu\u2019elle approuvait le matelas et l\u2019oreiller Endy. Les deux produits\u2026<\/p>\n<\/div><a class=\"entry-button\" href=\"https:\/\/chiro2024.thewire.dev\/fr\/centre-des-medias\/lassociation-chiropratique-canadienne-approuve-le-matelas-endy-fabrique-au-canada\/\">Read full news release<span class=\"screen-reader-text\">L\u2019Association chiropratique canadienne approuve le matelas Endy fabriqu\u00e9 au Canada<\/span><\/a><\/div><\/article><\/div>\n\t\t<nav class=\"ct-pagination\" data-pagination=\"load_more\"  >\n\t\t\t<span aria-current=\"page\" class=\"page-numbers current\">1<\/span>\n<a class=\"page-numbers\" href=\"https:\/\/chiro2024.thewire.dev\/fr\/wp-json\/wp\/v2\/pages\/67105\/page\/2\/\">2<\/a>\n<a class=\"page-numbers\" href=\"https:\/\/chiro2024.thewire.dev\/fr\/wp-json\/wp\/v2\/pages\/67105\/page\/3\/\">3<\/a>\n<a class=\"page-numbers\" href=\"https:\/\/chiro2024.thewire.dev\/fr\/wp-json\/wp\/v2\/pages\/67105\/page\/4\/\">4<\/a>\n<span class=\"page-numbers dots\">&hellip;<\/span>\n<a class=\"page-numbers\" href=\"https:\/\/chiro2024.thewire.dev\/fr\/wp-json\/wp\/v2\/pages\/67105\/page\/7\/\">7<\/a><a class=\"next page-numbers\" rel=\"next\" href=\"https:\/\/chiro2024.thewire.dev\/fr\/wp-json\/wp\/v2\/pages\/67105\/page\/2\/\">Suivant <svg width=\"9px\" height=\"9px\" viewBox=\"0 0 15 15\" fill=\"currentColor\"><path d=\"M4.1,15c0.2,0,0.4-0.1,0.6-0.2L11.4,8c0.3-0.3,0.3-0.8,0-1.1L4.8,0.2C4.5-0.1,4-0.1,3.7,0.2C3.4,0.5,3.4,1,3.7,1.3l6.1,6.1l-6.2,6.2c-0.3,0.3-0.3,0.8,0,1.1C3.7,14.9,3.9,15,4.1,15z\"\/><\/svg><\/a>\n\t\t\t<div class=\"ct-load-more-helper\"><button class=\"wp-element-button ct-load-more\">Charger plus<\/button><span class=\"ct-ajax-loader\">\n\t\t\t\t<svg viewBox=\"0 0 24 24\">\n\t\t\t\t\t<circle cx=\"12\" cy=\"12\" r=\"10\" opacity=\"0.2\" fill=\"none\" stroke=\"currentColor\" stroke-miterlimit=\"10\" stroke-width=\"2\"\/>\n\n\t\t\t\t\t<path d=\"m12,2c5.52,0,10,4.48,10,10\" fill=\"none\" stroke=\"currentColor\" stroke-linecap=\"round\" stroke-miterlimit=\"10\" stroke-width=\"2\">\n\t\t\t\t\t\t<animateTransform\n\t\t\t\t\t\t\tattributeName=\"transform\"\n\t\t\t\t\t\t\tattributeType=\"XML\"\n\t\t\t\t\t\t\ttype=\"rotate\"\n\t\t\t\t\t\t\tdur=\"0.6s\"\n\t\t\t\t\t\t\tfrom=\"0 12 12\"\n\t\t\t\t\t\t\tto=\"360 12 12\"\n\t\t\t\t\t\t\trepeatCount=\"indefinite\"\n\t\t\t\t\t\t\/>\n\t\t\t\t\t<\/path>\n\t\t\t\t<\/svg>\n\t\t\t<\/span><div class=\"ct-last-page-text\">Plus aucun article \u00e0 charger<\/div><\/div>\n\t\t<\/nav><\/div>\n<\/div>\n\n\n\n<div class=\"wp-block-column is-layout-flow wp-block-column-is-layout-flow\" style=\"flex-basis:33.33%\">\n<div class=\"wp-block-group is-style-callout-green is-layout-flow wp-block-group-is-layout-flow\">\n<ul class=\"is-style-fancy\"><li>Tous les ans, environ 4,5 millions de Canadiens consultent en chiropratique<\/li><li>L\u2019ACC compte plus de 7 800 membres, docteurs en chiropratique agr\u00e9\u00e9s<\/li><li>On compte environ 9 000 chiropraticiens agr\u00e9\u00e9s au Canada<\/li><li>Les chiropraticiens re\u00e7oivent une formation de 4 200 heures dans des domaines fondamentaux ax\u00e9s sur la sant\u00e9 musculosquelettique<\/li><li>On retrouve au Canada deux \u00e9tablissements agr\u00e9\u00e9s d\u2019enseignement de la chiropratique : le Canadian Memorial Chiropractic College \u00e0 Toronto, en Ontario, et l\u2019Universit\u00e9 du Qu\u00e9bec \u00e0 Trois-Rivi\u00e8res (UQTR) au Qu\u00e9bec<\/li><\/ul>\n<\/div>\n<\/div>\n<\/div>\n","protected":false},"excerpt":{"rendered":"<p>Les chiropraticiens aident \u00e0 soulager la douleur des Canadiens et leur permettent de mener la vie saine et active qu\u2019ils souhaitent. On estime que 4,7 millions d\u2019adultes canadiens se sont tourn\u00e9s vers un chiropraticien en 2019 pour traiter des probl\u00e8mes li\u00e9s \u00e0 la colonne vert\u00e9brale, aux muscles et au syst\u00e8me nerveux. La chiropratique est un [&hellip;]<\/p>\n","protected":false},"author":9,"featured_media":69360,"parent":0,"menu_order":43,"comment_status":"closed","ping_status":"closed","template":"","meta":{"_acf_changed":false,"_relevanssi_hide_post":"","_relevanssi_hide_content":"","_relevanssi_pin_for_all":"","_relevanssi_pin_keywords":"","_relevanssi_unpin_keywords":"","_relevanssi_related_keywords":"","_relevanssi_related_include_ids":"","_relevanssi_related_exclude_ids":"","_relevanssi_related_no_append":"","_relevanssi_related_not_related":"","_relevanssi_related_posts":"39138,12683,38511,42214,40758,13906","_relevanssi_noindex_reason":"","footnotes":""},"page_category":[],"blocksy_meta":{"styles_descriptor":{"styles":{"desktop":"","tablet":"","mobile":""},"google_fonts":[],"version":6}},"acf":[],"yoast_head":"<!-- This site is optimized with the Yoast SEO plugin v22.8 - https:\/\/yoast.com\/wordpress\/plugins\/seo\/ -->\n<title>Association chiropratique canadienne<\/title>\n<meta name=\"description\" content=\"Les chiropraticiens aident \u00e0 soulager la douleur des Canadiens et leur permettent de mener la vie saine et active qu\u2019ils souhaitent. On estime que 4,7\" \/>\n<meta name=\"robots\" content=\"noindex, follow, max-snippet:-1, max-image-preview:large, max-video-preview:-1\" \/>\n<meta property=\"og:locale\" content=\"fr_FR\" \/>\n<meta property=\"og:type\" content=\"article\" \/>\n<meta property=\"og:title\" content=\"Centre des m\u00e9dias - Association chiropratique canadienne\" \/>\n<meta property=\"og:description\" content=\"Les chiropraticiens aident \u00e0 soulager la douleur des Canadiens et leur permettent de mener la vie saine et active qu\u2019ils souhaitent. On estime que 4,7\" \/>\n<meta property=\"og:url\" content=\"https:\/\/chiro2024.thewire.dev\/fr\/medias\/\" \/>\n<meta property=\"og:site_name\" content=\"Association chiropratique canadienne\" \/>\n<meta property=\"article:modified_time\" content=\"2022-11-08T20:01:34+00:00\" \/>\n<meta property=\"og:image\" content=\"https:\/\/chiro2024.thewire.dev\/wp-content\/uploads\/2022\/11\/media-scaled.jpg\" \/>\n\t<meta property=\"og:image:width\" content=\"2560\" \/>\n\t<meta property=\"og:image:height\" content=\"1708\" \/>\n\t<meta property=\"og:image:type\" content=\"image\/jpeg\" \/>\n<meta name=\"twitter:card\" content=\"summary_large_image\" \/>\n<meta name=\"twitter:label1\" content=\"Dur\u00e9e de lecture estim\u00e9e\" \/>\n\t<meta name=\"twitter:data1\" content=\"1 minute\" \/>\n<script type=\"application\/ld+json\" class=\"yoast-schema-graph\">{\"@context\":\"https:\/\/schema.org\",\"@graph\":[{\"@type\":\"WebPage\",\"@id\":\"https:\/\/chiro2024.thewire.dev\/fr\/medias\/\",\"url\":\"https:\/\/chiro2024.thewire.dev\/fr\/medias\/\",\"name\":\"Centre des m\u00e9dias - Association chiropratique canadienne\",\"isPartOf\":{\"@id\":\"https:\/\/chiro2024.thewire.dev\/fr\/#website\"},\"primaryImageOfPage\":{\"@id\":\"https:\/\/chiro2024.thewire.dev\/fr\/medias\/#primaryimage\"},\"image\":{\"@id\":\"https:\/\/chiro2024.thewire.dev\/fr\/medias\/#primaryimage\"},\"thumbnailUrl\":\"https:\/\/chiro2024.thewire.dev\/wp-content\/uploads\/2022\/11\/media-scaled.jpg\",\"datePublished\":\"2022-10-05T19:53:30+00:00\",\"dateModified\":\"2022-11-08T20:01:34+00:00\",\"description\":\"Les chiropraticiens aident \u00e0 soulager la douleur des Canadiens et leur permettent de mener la vie saine et active qu\u2019ils souhaitent. On estime que 4,7\",\"breadcrumb\":{\"@id\":\"https:\/\/chiro2024.thewire.dev\/fr\/medias\/#breadcrumb\"},\"inLanguage\":\"fr-FR\",\"potentialAction\":[{\"@type\":\"ReadAction\",\"target\":[\"https:\/\/chiro2024.thewire.dev\/fr\/medias\/\"]}]},{\"@type\":\"ImageObject\",\"inLanguage\":\"fr-FR\",\"@id\":\"https:\/\/chiro2024.thewire.dev\/fr\/medias\/#primaryimage\",\"url\":\"https:\/\/chiro2024.thewire.dev\/wp-content\/uploads\/2022\/11\/media-scaled.jpg\",\"contentUrl\":\"https:\/\/chiro2024.thewire.dev\/wp-content\/uploads\/2022\/11\/media-scaled.jpg\",\"width\":2560,\"height\":1708,\"caption\":\"Hand is holding one white speech bubble in front of blue background.\"},{\"@type\":\"BreadcrumbList\",\"@id\":\"https:\/\/chiro2024.thewire.dev\/fr\/medias\/#breadcrumb\",\"itemListElement\":[{\"@type\":\"ListItem\",\"position\":1,\"name\":\"Home\",\"item\":\"https:\/\/chiro2024.thewire.dev\/fr\/\"},{\"@type\":\"ListItem\",\"position\":2,\"name\":\"Centre des m\u00e9dias\"}]},{\"@type\":\"WebSite\",\"@id\":\"https:\/\/chiro2024.thewire.dev\/fr\/#website\",\"url\":\"https:\/\/chiro2024.thewire.dev\/fr\/\",\"name\":\"Association chiropratique canadienne\",\"description\":\"Chiropractors helping Canadians live healthier lives\",\"publisher\":{\"@id\":\"https:\/\/chiro2024.thewire.dev\/fr\/#organization\"},\"potentialAction\":[{\"@type\":\"SearchAction\",\"target\":{\"@type\":\"EntryPoint\",\"urlTemplate\":\"https:\/\/chiro2024.thewire.dev\/fr\/?s={search_term_string}\"},\"query-input\":\"required name=search_term_string\"}],\"inLanguage\":\"fr-FR\"},{\"@type\":\"Organization\",\"@id\":\"https:\/\/chiro2024.thewire.dev\/fr\/#organization\",\"name\":\"Association chiropratique canadienne\",\"url\":\"https:\/\/chiro2024.thewire.dev\/fr\/\",\"logo\":{\"@type\":\"ImageObject\",\"inLanguage\":\"fr-FR\",\"@id\":\"https:\/\/chiro2024.thewire.dev\/fr\/#\/schema\/logo\/image\/\",\"url\":\"https:\/\/chiro2024.thewire.dev\/wp-content\/uploads\/2022\/08\/cca-logo.svg\",\"contentUrl\":\"https:\/\/chiro2024.thewire.dev\/wp-content\/uploads\/2022\/08\/cca-logo.svg\",\"caption\":\"Association chiropratique canadienne\"},\"image\":{\"@id\":\"https:\/\/chiro2024.thewire.dev\/fr\/#\/schema\/logo\/image\/\"}}]}<\/script>\n<!-- \/ Yoast SEO plugin. -->","yoast_head_json":{"title":"Association chiropratique canadienne","description":"Les chiropraticiens aident \u00e0 soulager la douleur des Canadiens et leur permettent de mener la vie saine et active qu\u2019ils souhaitent. On estime que 4,7","robots":{"index":"noindex","follow":"follow","max-snippet":"max-snippet:-1","max-image-preview":"max-image-preview:large","max-video-preview":"max-video-preview:-1"},"og_locale":"fr_FR","og_type":"article","og_title":"Centre des m\u00e9dias - Association chiropratique canadienne","og_description":"Les chiropraticiens aident \u00e0 soulager la douleur des Canadiens et leur permettent de mener la vie saine et active qu\u2019ils souhaitent. On estime que 4,7","og_url":"https:\/\/chiro2024.thewire.dev\/fr\/medias\/","og_site_name":"Association chiropratique canadienne","article_modified_time":"2022-11-08T20:01:34+00:00","og_image":[{"width":2560,"height":1708,"url":"https:\/\/chiro2024.thewire.dev\/wp-content\/uploads\/2022\/11\/media-scaled.jpg","type":"image\/jpeg"}],"twitter_card":"summary_large_image","twitter_misc":{"Dur\u00e9e de lecture estim\u00e9e":"1 minute"},"schema":{"@context":"https:\/\/schema.org","@graph":[{"@type":"WebPage","@id":"https:\/\/chiro2024.thewire.dev\/fr\/medias\/","url":"https:\/\/chiro2024.thewire.dev\/fr\/medias\/","name":"Centre des m\u00e9dias - Association chiropratique canadienne","isPartOf":{"@id":"https:\/\/chiro2024.thewire.dev\/fr\/#website"},"primaryImageOfPage":{"@id":"https:\/\/chiro2024.thewire.dev\/fr\/medias\/#primaryimage"},"image":{"@id":"https:\/\/chiro2024.thewire.dev\/fr\/medias\/#primaryimage"},"thumbnailUrl":"https:\/\/chiro2024.thewire.dev\/wp-content\/uploads\/2022\/11\/media-scaled.jpg","datePublished":"2022-10-05T19:53:30+00:00","dateModified":"2022-11-08T20:01:34+00:00","description":"Les chiropraticiens aident \u00e0 soulager la douleur des Canadiens et leur permettent de mener la vie saine et active qu\u2019ils souhaitent. On estime que 4,7","breadcrumb":{"@id":"https:\/\/chiro2024.thewire.dev\/fr\/medias\/#breadcrumb"},"inLanguage":"fr-FR","potentialAction":[{"@type":"ReadAction","target":["https:\/\/chiro2024.thewire.dev\/fr\/medias\/"]}]},{"@type":"ImageObject","inLanguage":"fr-FR","@id":"https:\/\/chiro2024.thewire.dev\/fr\/medias\/#primaryimage","url":"https:\/\/chiro2024.thewire.dev\/wp-content\/uploads\/2022\/11\/media-scaled.jpg","contentUrl":"https:\/\/chiro2024.thewire.dev\/wp-content\/uploads\/2022\/11\/media-scaled.jpg","width":2560,"height":1708,"caption":"Hand is holding one white speech bubble in front of blue background."},{"@type":"BreadcrumbList","@id":"https:\/\/chiro2024.thewire.dev\/fr\/medias\/#breadcrumb","itemListElement":[{"@type":"ListItem","position":1,"name":"Home","item":"https:\/\/chiro2024.thewire.dev\/fr\/"},{"@type":"ListItem","position":2,"name":"Centre des m\u00e9dias"}]},{"@type":"WebSite","@id":"https:\/\/chiro2024.thewire.dev\/fr\/#website","url":"https:\/\/chiro2024.thewire.dev\/fr\/","name":"Association chiropratique canadienne","description":"Chiropractors helping Canadians live healthier lives","publisher":{"@id":"https:\/\/chiro2024.thewire.dev\/fr\/#organization"},"potentialAction":[{"@type":"SearchAction","target":{"@type":"EntryPoint","urlTemplate":"https:\/\/chiro2024.thewire.dev\/fr\/?s={search_term_string}"},"query-input":"required name=search_term_string"}],"inLanguage":"fr-FR"},{"@type":"Organization","@id":"https:\/\/chiro2024.thewire.dev\/fr\/#organization","name":"Association chiropratique canadienne","url":"https:\/\/chiro2024.thewire.dev\/fr\/","logo":{"@type":"ImageObject","inLanguage":"fr-FR","@id":"https:\/\/chiro2024.thewire.dev\/fr\/#\/schema\/logo\/image\/","url":"https:\/\/chiro2024.thewire.dev\/wp-content\/uploads\/2022\/08\/cca-logo.svg","contentUrl":"https:\/\/chiro2024.thewire.dev\/wp-content\/uploads\/2022\/08\/cca-logo.svg","caption":"Association chiropratique canadienne"},"image":{"@id":"https:\/\/chiro2024.thewire.dev\/fr\/#\/schema\/logo\/image\/"}}]}},"_links":{"self":[{"href":"https:\/\/chiro2024.thewire.dev\/fr\/wp-json\/wp\/v2\/pages\/67105"}],"collection":[{"href":"https:\/\/chiro2024.thewire.dev\/fr\/wp-json\/wp\/v2\/pages"}],"about":[{"href":"https:\/\/chiro2024.thewire.dev\/fr\/wp-json\/wp\/v2\/types\/page"}],"author":[{"embeddable":true,"href":"https:\/\/chiro2024.thewire.dev\/fr\/wp-json\/wp\/v2\/users\/9"}],"replies":[{"embeddable":true,"href":"https:\/\/chiro2024.thewire.dev\/fr\/wp-json\/wp\/v2\/comments?post=67105"}],"version-history":[{"count":7,"href":"https:\/\/chiro2024.thewire.dev\/fr\/wp-json\/wp\/v2\/pages\/67105\/revisions"}],"predecessor-version":[{"id":69965,"href":"https:\/\/chiro2024.thewire.dev\/fr\/wp-json\/wp\/v2\/pages\/67105\/revisions\/69965"}],"wp:featuredmedia":[{"embeddable":true,"href":"https:\/\/chiro2024.thewire.dev\/fr\/wp-json\/wp\/v2\/media\/69360"}],"wp:attachment":[{"href":"https:\/\/chiro2024.thewire.dev\/fr\/wp-json\/wp\/v2\/media?parent=67105"}],"wp:term":[{"taxonomy":"page_category","embeddable":true,"href":"https:\/\/chiro2024.thewire.dev\/fr\/wp-json\/wp\/v2\/page_category?post=67105"}],"curies":[{"name":"wp","href":"https:\/\/api.w.org\/{rel}","templated":true}]}}